{"id":2295,"date":"2024-10-07T02:52:12","date_gmt":"2024-10-07T02:52:12","guid":{"rendered":"https:\/\/localtrekkersperu.com\/inka-trail-book-now\/"},"modified":"2024-10-14T01:14:09","modified_gmt":"2024-10-14T01:14:09","slug":"sentier-inca-reserver-maintenant","status":"publish","type":"page","link":"https:\/\/localtrekkersperu.com\/fr\/sentier-inca-reserver-maintenant\/","title":{"rendered":"Sentier Inca R\u00e9server maintenant 2025"},"content":{"rendered":"\n<h2 class=\"wp-block-heading\">POURQUOI R\u00c9SERVER LE CHEMIN INCA \u00c0 L&rsquo;AVANCE POUR 2023<\/h2>\n\n\n\n<p>Faire le Chemin Inca est l&rsquo;un des 10 meilleurs sentiers au monde, qui est soumis \u00e0 une planification pr\u00e9alable. Les permis pour le Chemin Inca sont tr\u00e8s limit\u00e9s et les permis pour les mois d&rsquo;avril, mai, juin et juillet peuvent \u00eatre vendus en quelques jours ou m\u00eame quelques heures une fois qu&rsquo;ils sont en vente. Par cons\u00e9quent, nous pr\u00e9venons toutes les personnes, randonneurs et aventuriers qui souhaitent faire ce grand trek, que les permis pour le Classic Inca Trail 4D\/3N seront en vente tr\u00e8s prochainement pour l&rsquo;ann\u00e9e 2023, normalement chaque ann\u00e9e ils sont en vente. Octobre.<\/p>\n\n\n\n<p>Vous trouverez ci-dessous les directives de ce que vous devez savoir pour avoir un espace tr\u00e8s bien r\u00e9serv\u00e9 pour cette grande promenade.<\/p>\n\n\n\n<h2 class=\"wp-block-heading\">QUE DOIS-JE OBTENIR POUR LE CHEMIN INCA?<\/h2>\n\n\n\n<p>Pour pouvoir faire le Chemin Inca, vous avez besoin d&rsquo;un permis d\u00e9livr\u00e9 par le gouvernement p\u00e9ruvien, ce permis comprend l&rsquo;entr\u00e9e au Machu Picchu.<\/p>\n\n\n\n<h2 class=\"wp-block-heading\">COMBIEN DE MARCHES SONT AUTORISEES PAR JOUR POUR FAIRE LE CHEMIN INCA ?<\/h2>\n\n\n\n<p>Le gouvernement p\u00e9ruvien ne donne que 500 places ou permis par jour, toutes les personnes, y compris les guides, les porteurs et les cuisiniers, ont besoin de l&rsquo;un de ces 500 permis pour entrer sur le Chemin Inca, cela signifie que seulement environ 250 passagers pourront faire le Chemin Inca chaque jour . .<\/p>\n\n\n\n<h2 class=\"wp-block-heading\">COMBIEN DE TEMPS DOIS-JE R\u00c9SERVER CE TREK ?<\/h2>\n\n\n\n<p>Si vous voulez faire le Chemin Inca en 2023, vous devez r\u00e9server le plus t\u00f4t possible, car les permis pour l&rsquo;ann\u00e9e 2023 seront en vente tr\u00e8s bient\u00f4t, normalement \u00e0 partir d&rsquo;octobre 2022 et les permis pour les mois d&rsquo;avril, mai, juin et juillet et ao\u00fbt ont tendance \u00e0 se vendre tr\u00e8s rapidement une fois qu&rsquo;ils sont en vente.<\/p>\n\n\n\n<h2 class=\"wp-block-heading\">POUVEZ-VOUS GARANTIR MA DATE DE D\u00c9BUT DU TREK ?<\/h2>\n\n\n\n<p>S&rsquo;il reste des places disponibles pour la date choisie, la r\u00e9ponse est oui, mais parce que le Chemin Inca est tr\u00e8s demand\u00e9, r\u00e9servez avec nous, nous vous garantissons que nous ferons tout ce qui est en notre pouvoir pour commencer le trek \u00e0 la date choisie. Au cours des deux derni\u00e8res ann\u00e9es, nous avons r\u00e9ussi \u00e0 98 % \u00e0 obtenir le premier choix de chacun pour une date de d\u00e9but, c&rsquo;est pourquoi vous devez nous envoyer tout ce que nous demandons avant d&rsquo;obtenir un permis \u00e0 l&rsquo;avance.<\/p>\n\n\n\n<h2 class=\"wp-block-heading\">PUIS-JE OBTENIR CE PERMIS PAR MOI ?<\/h2>\n\n\n\n<p>Le gouvernement p\u00e9ruvien n&rsquo;accorde des permis pour le Chemin Inca qu&rsquo;aux voyagistes certifi\u00e9s comme nous, dans ce cas Local Trekkers Peru, vous obtiendrez ces permis pour tous vos passagers. Sous r\u00e9serve de disponibilit\u00e9 au moment de la r\u00e9servation.<\/p>\n\n\n\n<h2 class=\"wp-block-heading\">PUIS-JE CHANGER LA DATE DE D\u00c9BUT DU CHEMIN INCA UNE FOIS QUE J&rsquo;AI R\u00c9SERV\u00c9 UN PERMIS ?<\/h2>\n\n\n\n<p>La date de d\u00e9but de votre randonn\u00e9e ne peut \u00eatre modifi\u00e9e pour aucune raison, le gouvernement p\u00e9ruvien ne nous permet pas de modifier la date de d\u00e9but une fois que nous avons obtenu l&rsquo;autorisation. De plus, les autorisations ne peuvent pas \u00eatre transf\u00e9r\u00e9es \u00e0 une autre personne.<\/p>\n\n\n\n<h2 class=\"wp-block-heading\">DOIS-JE ATTENDRE JUSQU&rsquo;\u00c0 OCTOBRE POUR R\u00c9SERVER CETTE RANDONN\u00c9E ?<\/h2>\n\n\n\n<p>Non, r\u00e9server t\u00f4t vous assurera d&rsquo;obtenir un permis pour la date de d\u00e9but demand\u00e9e. Le gouvernement change constamment les r\u00e8gles concernant la date de d\u00e9livrance des permis et nous avons besoin de toutes vos informations dans notre syst\u00e8me afin que nous soyons pr\u00eats au moment o\u00f9 nous en serons inform\u00e9s. De plus, r\u00e9server maintenant vous assure d&rsquo;obtenir nos prix actuels pour le trek de l&rsquo;ann\u00e9e prochaine.<\/p>\n\n\n\n<h2 class=\"wp-block-heading\">POURQUOI R\u00c9SERVER CE TREK AVEC DES TREKKERS LOCAUX AU P\u00c9ROU<\/h2>\n\n\n\n<p>Nous avons une grande \u00e9quipe humaine, qui permettra de d\u00e9passer vos attentes. Nous travaillons tr\u00e8s fort pour obtenir les permis pour tous nos clients aux dates demand\u00e9es. Notre \u00e9quipe de r\u00e9servation est pr\u00eate \u00e0 demander les permis une fois qu&rsquo;ils sont en vente, alors n&rsquo;attendez pas trop longtemps et ne manquez pas de permis et r\u00e9servez d\u00e8s maintenant le Chemin Inca 2023. N&rsquo;oubliez pas que nous sommes Local Trekkers Peru, votre 100 Entreprise % P\u00e9ruvien, 100 % Local et 100 % Cuzco.<\/p>\n","protected":false},"excerpt":{"rendered":"<p>POURQUOI R\u00c9SERVER LE CHEMIN INCA \u00c0 L&rsquo;AVANCE POUR 2023 Faire le Chemin Inca est l&rsquo;un des 10 meilleurs senti&#8230;<\/p>\n","protected":false},"author":1,"featured_media":7756,"parent":0,"menu_order":0,"comment_status":"closed","ping_status":"closed","template":"","meta":{"_acf_changed":false,"advgb_blocks_editor_width":"","advgb_blocks_columns_visual_guide":"","footnotes":""},"class_list":["post-2295","page","type-page","status-publish","has-post-thumbnail","hentry"],"acf":[],"yoast_head":"<!-- This site is optimized with the Yoast SEO Premium plugin v25.2 (Yoast SEO v27.3) - https:\/\/yoast.com\/product\/yoast-seo-premium-wordpress\/ -->\n<title>Sentier Inca R\u00e9server maintenant 2025 - Local Trekkers Peru<\/title>\n<meta name=\"robots\" content=\"index, follow, max-snippet:-1, max-image-preview:large, max-video-preview:-1\" \/>\n<link rel=\"canonical\" href=\"https:\/\/localtrekkersperu.com\/fr\/sentier-inca-reserver-maintenant\/\" \/>\n<meta property=\"og:locale\" content=\"fr_FR\" \/>\n<meta property=\"og:type\" content=\"article\" \/>\n<meta property=\"og:title\" content=\"Sentier Inca R\u00e9server maintenant 2025\" \/>\n<meta property=\"og:description\" content=\"POURQUOI R\u00c9SERVER LE CHEMIN INCA \u00c0 L&rsquo;AVANCE POUR 2023 Faire le Chemin Inca est l&rsquo;un des 10 meilleurs senti...\" \/>\n<meta property=\"og:url\" content=\"https:\/\/localtrekkersperu.com\/fr\/sentier-inca-reserver-maintenant\/\" \/>\n<meta property=\"og:site_name\" content=\"Local Trekkers Peru\" \/>\n<meta property=\"article:modified_time\" content=\"2024-10-14T01:14:09+00:00\" \/>\n<meta name=\"twitter:card\" content=\"summary_large_image\" \/>\n<meta name=\"twitter:label1\" content=\"Dur\u00e9e de lecture estim\u00e9e\" \/>\n\t<meta name=\"twitter:data1\" content=\"3 minutes\" \/>\n<script type=\"application\/ld+json\" class=\"yoast-schema-graph\">{\"@context\":\"https:\\\/\\\/schema.org\",\"@graph\":[{\"@type\":\"WebPage\",\"@id\":\"https:\\\/\\\/localtrekkersperu.com\\\/fr\\\/sentier-inca-reserver-maintenant\\\/\",\"url\":\"https:\\\/\\\/localtrekkersperu.com\\\/fr\\\/sentier-inca-reserver-maintenant\\\/\",\"name\":\"Sentier Inca R\u00e9server maintenant 2025 - Local Trekkers Peru\",\"isPartOf\":{\"@id\":\"https:\\\/\\\/localtrekkersperu.com\\\/fr\\\/#website\"},\"primaryImageOfPage\":{\"@id\":\"https:\\\/\\\/localtrekkersperu.com\\\/fr\\\/sentier-inca-reserver-maintenant\\\/#primaryimage\"},\"image\":{\"@id\":\"https:\\\/\\\/localtrekkersperu.com\\\/fr\\\/sentier-inca-reserver-maintenant\\\/#primaryimage\"},\"thumbnailUrl\":\"https:\\\/\\\/localtrekkersperu.com\\\/wp-content\\\/uploads\\\/2025\\\/07\\\/camino.webp\",\"datePublished\":\"2024-10-07T02:52:12+00:00\",\"dateModified\":\"2024-10-14T01:14:09+00:00\",\"breadcrumb\":{\"@id\":\"https:\\\/\\\/localtrekkersperu.com\\\/fr\\\/sentier-inca-reserver-maintenant\\\/#breadcrumb\"},\"inLanguage\":\"fr-FR\",\"potentialAction\":[{\"@type\":\"ReadAction\",\"target\":[\"https:\\\/\\\/localtrekkersperu.com\\\/fr\\\/sentier-inca-reserver-maintenant\\\/\"]}]},{\"@type\":\"ImageObject\",\"inLanguage\":\"fr-FR\",\"@id\":\"https:\\\/\\\/localtrekkersperu.com\\\/fr\\\/sentier-inca-reserver-maintenant\\\/#primaryimage\",\"url\":\"https:\\\/\\\/localtrekkersperu.com\\\/wp-content\\\/uploads\\\/2025\\\/07\\\/camino.webp\",\"contentUrl\":\"https:\\\/\\\/localtrekkersperu.com\\\/wp-content\\\/uploads\\\/2025\\\/07\\\/camino.webp\",\"width\":2003,\"height\":402},{\"@type\":\"BreadcrumbList\",\"@id\":\"https:\\\/\\\/localtrekkersperu.com\\\/fr\\\/sentier-inca-reserver-maintenant\\\/#breadcrumb\",\"itemListElement\":[{\"@type\":\"ListItem\",\"position\":1,\"name\":\"Home\",\"item\":\"https:\\\/\\\/localtrekkersperu.com\\\/fr\\\/\"},{\"@type\":\"ListItem\",\"position\":2,\"name\":\"Sentier Inca R\u00e9server maintenant 2025\"}]},{\"@type\":\"WebSite\",\"@id\":\"https:\\\/\\\/localtrekkersperu.com\\\/fr\\\/#website\",\"url\":\"https:\\\/\\\/localtrekkersperu.com\\\/fr\\\/\",\"name\":\"Local Trekkers Peru\",\"description\":\"\",\"publisher\":{\"@id\":\"https:\\\/\\\/localtrekkersperu.com\\\/fr\\\/#organization\"},\"potentialAction\":[{\"@type\":\"SearchAction\",\"target\":{\"@type\":\"EntryPoint\",\"urlTemplate\":\"https:\\\/\\\/localtrekkersperu.com\\\/fr\\\/?s={search_term_string}\"},\"query-input\":{\"@type\":\"PropertyValueSpecification\",\"valueRequired\":true,\"valueName\":\"search_term_string\"}}],\"inLanguage\":\"fr-FR\"},{\"@type\":\"Organization\",\"@id\":\"https:\\\/\\\/localtrekkersperu.com\\\/fr\\\/#organization\",\"name\":\"Local Trekkers Peru\",\"url\":\"https:\\\/\\\/localtrekkersperu.com\\\/fr\\\/\",\"logo\":{\"@type\":\"ImageObject\",\"inLanguage\":\"fr-FR\",\"@id\":\"https:\\\/\\\/localtrekkersperu.com\\\/fr\\\/#\\\/schema\\\/logo\\\/image\\\/\",\"url\":\"https:\\\/\\\/localtrekkersperu.com\\\/wp-content\\\/uploads\\\/2024\\\/08\\\/logo.png\",\"contentUrl\":\"https:\\\/\\\/localtrekkersperu.com\\\/wp-content\\\/uploads\\\/2024\\\/08\\\/logo.png\",\"width\":411,\"height\":122,\"caption\":\"Local Trekkers Peru\"},\"image\":{\"@id\":\"https:\\\/\\\/localtrekkersperu.com\\\/fr\\\/#\\\/schema\\\/logo\\\/image\\\/\"}}]}<\/script>\n<!-- \/ Yoast SEO Premium plugin. -->","yoast_head_json":{"title":"Sentier Inca R\u00e9server maintenant 2025 - Local Trekkers Peru","robots":{"index":"index","follow":"follow","max-snippet":"max-snippet:-1","max-image-preview":"max-image-preview:large","max-video-preview":"max-video-preview:-1"},"canonical":"https:\/\/localtrekkersperu.com\/fr\/sentier-inca-reserver-maintenant\/","og_locale":"fr_FR","og_type":"article","og_title":"Sentier Inca R\u00e9server maintenant 2025","og_description":"POURQUOI R\u00c9SERVER LE CHEMIN INCA \u00c0 L&rsquo;AVANCE POUR 2023 Faire le Chemin Inca est l&rsquo;un des 10 meilleurs senti...","og_url":"https:\/\/localtrekkersperu.com\/fr\/sentier-inca-reserver-maintenant\/","og_site_name":"Local Trekkers Peru","article_modified_time":"2024-10-14T01:14:09+00:00","twitter_card":"summary_large_image","twitter_misc":{"Dur\u00e9e de lecture estim\u00e9e":"3 minutes"},"schema":{"@context":"https:\/\/schema.org","@graph":[{"@type":"WebPage","@id":"https:\/\/localtrekkersperu.com\/fr\/sentier-inca-reserver-maintenant\/","url":"https:\/\/localtrekkersperu.com\/fr\/sentier-inca-reserver-maintenant\/","name":"Sentier Inca R\u00e9server maintenant 2025 - Local Trekkers Peru","isPartOf":{"@id":"https:\/\/localtrekkersperu.com\/fr\/#website"},"primaryImageOfPage":{"@id":"https:\/\/localtrekkersperu.com\/fr\/sentier-inca-reserver-maintenant\/#primaryimage"},"image":{"@id":"https:\/\/localtrekkersperu.com\/fr\/sentier-inca-reserver-maintenant\/#primaryimage"},"thumbnailUrl":"https:\/\/localtrekkersperu.com\/wp-content\/uploads\/2025\/07\/camino.webp","datePublished":"2024-10-07T02:52:12+00:00","dateModified":"2024-10-14T01:14:09+00:00","breadcrumb":{"@id":"https:\/\/localtrekkersperu.com\/fr\/sentier-inca-reserver-maintenant\/#breadcrumb"},"inLanguage":"fr-FR","potentialAction":[{"@type":"ReadAction","target":["https:\/\/localtrekkersperu.com\/fr\/sentier-inca-reserver-maintenant\/"]}]},{"@type":"ImageObject","inLanguage":"fr-FR","@id":"https:\/\/localtrekkersperu.com\/fr\/sentier-inca-reserver-maintenant\/#primaryimage","url":"https:\/\/localtrekkersperu.com\/wp-content\/uploads\/2025\/07\/camino.webp","contentUrl":"https:\/\/localtrekkersperu.com\/wp-content\/uploads\/2025\/07\/camino.webp","width":2003,"height":402},{"@type":"BreadcrumbList","@id":"https:\/\/localtrekkersperu.com\/fr\/sentier-inca-reserver-maintenant\/#breadcrumb","itemListElement":[{"@type":"ListItem","position":1,"name":"Home","item":"https:\/\/localtrekkersperu.com\/fr\/"},{"@type":"ListItem","position":2,"name":"Sentier Inca R\u00e9server maintenant 2025"}]},{"@type":"WebSite","@id":"https:\/\/localtrekkersperu.com\/fr\/#website","url":"https:\/\/localtrekkersperu.com\/fr\/","name":"Local Trekkers Peru","description":"","publisher":{"@id":"https:\/\/localtrekkersperu.com\/fr\/#organization"},"potentialAction":[{"@type":"SearchAction","target":{"@type":"EntryPoint","urlTemplate":"https:\/\/localtrekkersperu.com\/fr\/?s={search_term_string}"},"query-input":{"@type":"PropertyValueSpecification","valueRequired":true,"valueName":"search_term_string"}}],"inLanguage":"fr-FR"},{"@type":"Organization","@id":"https:\/\/localtrekkersperu.com\/fr\/#organization","name":"Local Trekkers Peru","url":"https:\/\/localtrekkersperu.com\/fr\/","logo":{"@type":"ImageObject","inLanguage":"fr-FR","@id":"https:\/\/localtrekkersperu.com\/fr\/#\/schema\/logo\/image\/","url":"https:\/\/localtrekkersperu.com\/wp-content\/uploads\/2024\/08\/logo.png","contentUrl":"https:\/\/localtrekkersperu.com\/wp-content\/uploads\/2024\/08\/logo.png","width":411,"height":122,"caption":"Local Trekkers Peru"},"image":{"@id":"https:\/\/localtrekkersperu.com\/fr\/#\/schema\/logo\/image\/"}}]}},"coauthors":[],"author_meta":{"author_link":"https:\/\/localtrekkersperu.com\/fr\/author\/admin_local\/","display_name":"admin_local"},"relative_dates":{"created":"Publi\u00e9 2 ans il y a","modified":"Mis \u00e0 jour 2 ans il y a"},"absolute_dates":{"created":"Publi\u00e9 le octobre 7, 2024","modified":"Mise \u00e0 jour le octobre 14, 2024"},"absolute_dates_time":{"created":"Publi\u00e9 le octobre 7, 2024 2:52 am","modified":"Mise \u00e0 jour le octobre 14, 2024 1:14 am"},"featured_img_caption":"","featured_img":"https:\/\/localtrekkersperu.com\/wp-content\/uploads\/2025\/07\/camino.webp","series_order":"","_links":{"self":[{"href":"https:\/\/localtrekkersperu.com\/fr\/wp-json\/wp\/v2\/pages\/2295","targetHints":{"allow":["GET"]}}],"collection":[{"href":"https:\/\/localtrekkersperu.com\/fr\/wp-json\/wp\/v2\/pages"}],"about":[{"href":"https:\/\/localtrekkersperu.com\/fr\/wp-json\/wp\/v2\/types\/page"}],"author":[{"embeddable":true,"href":"https:\/\/localtrekkersperu.com\/fr\/wp-json\/wp\/v2\/users\/1"}],"replies":[{"embeddable":true,"href":"https:\/\/localtrekkersperu.com\/fr\/wp-json\/wp\/v2\/comments?post=2295"}],"version-history":[{"count":0,"href":"https:\/\/localtrekkersperu.com\/fr\/wp-json\/wp\/v2\/pages\/2295\/revisions"}],"wp:featuredmedia":[{"embeddable":true,"href":"https:\/\/localtrekkersperu.com\/fr\/wp-json\/wp\/v2\/media\/7756"}],"wp:attachment":[{"href":"https:\/\/localtrekkersperu.com\/fr\/wp-json\/wp\/v2\/media?parent=2295"}],"curies":[{"name":"wp","href":"https:\/\/api.w.org\/{rel}","templated":true}]}}