{"id":2285,"date":"2024-10-07T02:48:50","date_gmt":"2024-10-07T02:48:50","guid":{"rendered":"https:\/\/localtrekkersperu.com\/our-camping-equipments\/"},"modified":"2024-10-12T22:07:15","modified_gmt":"2024-10-12T22:07:15","slug":"our-camping-equipments","status":"publish","type":"page","link":"https:\/\/localtrekkersperu.com\/fr\/our-camping-equipments\/","title":{"rendered":"Our Camping Equipments"},"content":{"rendered":"\n<h2 class=\"wp-block-heading\">4 SEASON PROFESSIONAL TENTS<\/h2>\n\n\n\n<p>You can enjoy our spacious North Face and Doite Tents, a good night. They are made for four people, but they will only be used for two people, so you will have enough space to be comfortable and put your personal things inside. These tents are 4 season tents, so they are highly prepared to withstand any type of weather.<\/p>\n\n\n\n<figure class=\"wp-block-gallery has-nested-images columns-default is-cropped wp-block-gallery-1 is-layout-flex wp-block-gallery-is-layout-flex\">\n<figure class=\"wp-block-image size-large\"><img loading=\"lazy\" decoding=\"async\" width=\"350\" height=\"400\" data-id=\"1698\" src=\"https:\/\/localtrekkersperu.com\/wp-content\/uploads\/2024\/10\/tens-1-1.webp\" alt=\"\" class=\"wp-image-1698\" srcset=\"https:\/\/localtrekkersperu.com\/wp-content\/uploads\/2024\/10\/tens-1-1.webp 350w, https:\/\/localtrekkersperu.com\/wp-content\/uploads\/2024\/10\/tens-1-1-263x300.webp 263w\" sizes=\"auto, (max-width: 350px) 100vw, 350px\" \/><\/figure>\n\n\n\n<figure class=\"wp-block-image size-large\"><img loading=\"lazy\" decoding=\"async\" width=\"350\" height=\"400\" data-id=\"1701\" src=\"https:\/\/localtrekkersperu.com\/wp-content\/uploads\/2024\/10\/tens-2-1.webp\" alt=\"\" class=\"wp-image-1701\" srcset=\"https:\/\/localtrekkersperu.com\/wp-content\/uploads\/2024\/10\/tens-2-1.webp 350w, https:\/\/localtrekkersperu.com\/wp-content\/uploads\/2024\/10\/tens-2-1-263x300.webp 263w\" sizes=\"auto, (max-width: 350px) 100vw, 350px\" \/><\/figure>\n\n\n\n<figure class=\"wp-block-image size-large\"><img loading=\"lazy\" decoding=\"async\" width=\"350\" height=\"400\" data-id=\"1704\" src=\"https:\/\/localtrekkersperu.com\/wp-content\/uploads\/2024\/10\/tens-3-1.webp\" alt=\"\" class=\"wp-image-1704\" srcset=\"https:\/\/localtrekkersperu.com\/wp-content\/uploads\/2024\/10\/tens-3-1.webp 350w, https:\/\/localtrekkersperu.com\/wp-content\/uploads\/2024\/10\/tens-3-1-263x300.webp 263w\" sizes=\"auto, (max-width: 350px) 100vw, 350px\" \/><\/figure>\n<\/figure>\n\n\n\n<h2 class=\"wp-block-heading\">OUR INFLATABLE MATTRESSES<\/h2>\n\n\n\n<p>All our customers are provided with an inflatable air mattress to separate and isolate it from the ground, for your comfort. We use Inflatable Thermarest air mattresses.<\/p>\n\n\n\n<figure class=\"wp-block-gallery has-nested-images columns-default is-cropped wp-block-gallery-2 is-layout-flex wp-block-gallery-is-layout-flex\">\n<figure class=\"wp-block-image size-large\"><img loading=\"lazy\" decoding=\"async\" width=\"350\" height=\"400\" data-id=\"1707\" src=\"https:\/\/localtrekkersperu.com\/wp-content\/uploads\/2024\/10\/matresses-1.webp\" alt=\"\" class=\"wp-image-1707\" srcset=\"https:\/\/localtrekkersperu.com\/wp-content\/uploads\/2024\/10\/matresses-1.webp 350w, https:\/\/localtrekkersperu.com\/wp-content\/uploads\/2024\/10\/matresses-1-263x300.webp 263w\" sizes=\"auto, (max-width: 350px) 100vw, 350px\" \/><\/figure>\n\n\n\n<figure class=\"wp-block-image size-large\"><img loading=\"lazy\" decoding=\"async\" width=\"350\" height=\"400\" data-id=\"1710\" src=\"https:\/\/localtrekkersperu.com\/wp-content\/uploads\/2024\/10\/matresses-2.webp\" alt=\"\" class=\"wp-image-1710\" srcset=\"https:\/\/localtrekkersperu.com\/wp-content\/uploads\/2024\/10\/matresses-2.webp 350w, https:\/\/localtrekkersperu.com\/wp-content\/uploads\/2024\/10\/matresses-2-263x300.webp 263w\" sizes=\"auto, (max-width: 350px) 100vw, 350px\" \/><\/figure>\n\n\n\n<figure class=\"wp-block-image size-large\"><img loading=\"lazy\" decoding=\"async\" width=\"350\" height=\"400\" data-id=\"1713\" src=\"https:\/\/localtrekkersperu.com\/wp-content\/uploads\/2024\/10\/matresses-3.webp\" alt=\"\" class=\"wp-image-1713\" srcset=\"https:\/\/localtrekkersperu.com\/wp-content\/uploads\/2024\/10\/matresses-3.webp 350w, https:\/\/localtrekkersperu.com\/wp-content\/uploads\/2024\/10\/matresses-3-263x300.webp 263w\" sizes=\"auto, (max-width: 350px) 100vw, 350px\" \/><\/figure>\n<\/figure>\n\n\n\n<h2 class=\"wp-block-heading\"><strong>OUR SLEEPING BAGS<\/strong><\/h2>\n\n\n\n<p>We use sleeping bags that can withstand up to -15 Celsius degrees \/ 5 Farenheit degrees. Keep in mind that if you measure more than 1,95 masl = 6,4 feet tall, you will not be able to find a sleeping bag in Cusco. In this case, it is recommended to bring yours. If you don&rsquo;t bring sleeping bag you can rent from un which cost 20 USD for one.<\/p>\n\n\n\n<figure class=\"wp-block-gallery has-nested-images columns-default is-cropped wp-block-gallery-3 is-layout-flex wp-block-gallery-is-layout-flex\">\n<figure class=\"wp-block-image size-large\"><img loading=\"lazy\" decoding=\"async\" width=\"350\" height=\"400\" data-id=\"1716\" src=\"https:\/\/localtrekkersperu.com\/wp-content\/uploads\/2024\/10\/bags-1.webp\" alt=\"\" class=\"wp-image-1716\" srcset=\"https:\/\/localtrekkersperu.com\/wp-content\/uploads\/2024\/10\/bags-1.webp 350w, https:\/\/localtrekkersperu.com\/wp-content\/uploads\/2024\/10\/bags-1-263x300.webp 263w\" sizes=\"auto, (max-width: 350px) 100vw, 350px\" \/><\/figure>\n\n\n\n<figure class=\"wp-block-image size-large\"><img loading=\"lazy\" decoding=\"async\" width=\"350\" height=\"400\" data-id=\"1719\" src=\"https:\/\/localtrekkersperu.com\/wp-content\/uploads\/2024\/10\/bags-2.webp\" alt=\"\" class=\"wp-image-1719\" srcset=\"https:\/\/localtrekkersperu.com\/wp-content\/uploads\/2024\/10\/bags-2.webp 350w, https:\/\/localtrekkersperu.com\/wp-content\/uploads\/2024\/10\/bags-2-263x300.webp 263w\" sizes=\"auto, (max-width: 350px) 100vw, 350px\" \/><\/figure>\n\n\n\n<figure class=\"wp-block-image size-large\"><img loading=\"lazy\" decoding=\"async\" width=\"350\" height=\"400\" data-id=\"1722\" src=\"https:\/\/localtrekkersperu.com\/wp-content\/uploads\/2024\/10\/bags-3.webp\" alt=\"\" class=\"wp-image-1722\" srcset=\"https:\/\/localtrekkersperu.com\/wp-content\/uploads\/2024\/10\/bags-3.webp 350w, https:\/\/localtrekkersperu.com\/wp-content\/uploads\/2024\/10\/bags-3-263x300.webp 263w\" sizes=\"auto, (max-width: 350px) 100vw, 350px\" \/><\/figure>\n<\/figure>\n\n\n\n<h2 class=\"wp-block-heading\">OUR WALKING STICKS<\/h2>\n\n\n\n<p>We can provide all our customers whith profesional Black Diamond walking sticks, If you need a pair of these you can rent from us which has a cost of 20 USD for a pair.<\/p>\n\n\n\n<figure class=\"wp-block-gallery has-nested-images columns-default is-cropped wp-block-gallery-4 is-layout-flex wp-block-gallery-is-layout-flex\">\n<figure class=\"wp-block-image size-large\"><img loading=\"lazy\" decoding=\"async\" width=\"350\" height=\"400\" data-id=\"1725\" src=\"https:\/\/localtrekkersperu.com\/wp-content\/uploads\/2024\/10\/sticks-1.webp\" alt=\"\" class=\"wp-image-1725\" srcset=\"https:\/\/localtrekkersperu.com\/wp-content\/uploads\/2024\/10\/sticks-1.webp 350w, https:\/\/localtrekkersperu.com\/wp-content\/uploads\/2024\/10\/sticks-1-263x300.webp 263w\" sizes=\"auto, (max-width: 350px) 100vw, 350px\" \/><\/figure>\n\n\n\n<figure class=\"wp-block-image size-large\"><img loading=\"lazy\" decoding=\"async\" width=\"350\" height=\"400\" data-id=\"1728\" src=\"https:\/\/localtrekkersperu.com\/wp-content\/uploads\/2024\/10\/sticks-2.webp\" alt=\"\" class=\"wp-image-1728\" srcset=\"https:\/\/localtrekkersperu.com\/wp-content\/uploads\/2024\/10\/sticks-2.webp 350w, https:\/\/localtrekkersperu.com\/wp-content\/uploads\/2024\/10\/sticks-2-263x300.webp 263w\" sizes=\"auto, (max-width: 350px) 100vw, 350px\" \/><\/figure>\n\n\n\n<figure class=\"wp-block-image size-large\"><img loading=\"lazy\" decoding=\"async\" width=\"350\" height=\"400\" data-id=\"1731\" src=\"https:\/\/localtrekkersperu.com\/wp-content\/uploads\/2024\/10\/sticks-3.webp\" alt=\"\" class=\"wp-image-1731\" srcset=\"https:\/\/localtrekkersperu.com\/wp-content\/uploads\/2024\/10\/sticks-3.webp 350w, https:\/\/localtrekkersperu.com\/wp-content\/uploads\/2024\/10\/sticks-3-263x300.webp 263w\" sizes=\"auto, (max-width: 350px) 100vw, 350px\" \/><\/figure>\n<\/figure>\n","protected":false},"excerpt":{"rendered":"<p>4 SEASON PROFESSIONAL TENTS You can enjoy our spacious North Face and Doite Tents, a good night. They are made for four &#8230;<\/p>\n","protected":false},"author":1,"featured_media":0,"parent":0,"menu_order":0,"comment_status":"closed","ping_status":"closed","template":"","meta":{"_acf_changed":false,"advgb_blocks_editor_width":"","advgb_blocks_columns_visual_guide":"","footnotes":""},"class_list":["post-2285","page","type-page","status-publish","hentry"],"acf":[],"yoast_head":"<!-- This site is optimized with the Yoast SEO Premium plugin v25.2 (Yoast SEO v27.3) - https:\/\/yoast.com\/product\/yoast-seo-premium-wordpress\/ -->\n<title>Our Camping Equipments - Local Trekkers Peru<\/title>\n<meta name=\"robots\" content=\"index, follow, max-snippet:-1, max-image-preview:large, max-video-preview:-1\" \/>\n<link rel=\"canonical\" href=\"https:\/\/localtrekkersperu.com\/fr\/our-camping-equipments\/\" \/>\n<meta property=\"og:locale\" content=\"fr_FR\" \/>\n<meta property=\"og:type\" content=\"article\" \/>\n<meta property=\"og:title\" content=\"Our Camping Equipments\" \/>\n<meta property=\"og:description\" content=\"4 SEASON PROFESSIONAL TENTS You can enjoy our spacious North Face and Doite Tents, a good night. They are made for four ...\" \/>\n<meta property=\"og:url\" content=\"https:\/\/localtrekkersperu.com\/fr\/our-camping-equipments\/\" \/>\n<meta property=\"og:site_name\" content=\"Local Trekkers Peru\" \/>\n<meta property=\"article:modified_time\" content=\"2024-10-12T22:07:15+00:00\" \/>\n<meta property=\"og:image\" content=\"https:\/\/localtrekkersperu.com\/wp-content\/uploads\/2024\/10\/tens-1-1.webp\" \/>\n\t<meta property=\"og:image:width\" content=\"350\" \/>\n\t<meta property=\"og:image:height\" content=\"400\" \/>\n\t<meta property=\"og:image:type\" content=\"image\/webp\" \/>\n<meta name=\"twitter:card\" content=\"summary_large_image\" \/>\n<meta name=\"twitter:label1\" content=\"Dur\u00e9e de lecture estim\u00e9e\" \/>\n\t<meta name=\"twitter:data1\" content=\"4 minutes\" \/>\n<script type=\"application\/ld+json\" class=\"yoast-schema-graph\">{\"@context\":\"https:\\\/\\\/schema.org\",\"@graph\":[{\"@type\":\"WebPage\",\"@id\":\"https:\\\/\\\/localtrekkersperu.com\\\/fr\\\/our-camping-equipments\\\/\",\"url\":\"https:\\\/\\\/localtrekkersperu.com\\\/fr\\\/our-camping-equipments\\\/\",\"name\":\"Our Camping Equipments - Local Trekkers Peru\",\"isPartOf\":{\"@id\":\"https:\\\/\\\/localtrekkersperu.com\\\/fr\\\/#website\"},\"primaryImageOfPage\":{\"@id\":\"https:\\\/\\\/localtrekkersperu.com\\\/fr\\\/our-camping-equipments\\\/#primaryimage\"},\"image\":{\"@id\":\"https:\\\/\\\/localtrekkersperu.com\\\/fr\\\/our-camping-equipments\\\/#primaryimage\"},\"thumbnailUrl\":\"https:\\\/\\\/localtrekkersperu.com\\\/wp-content\\\/uploads\\\/2024\\\/10\\\/tens-1-1.webp\",\"datePublished\":\"2024-10-07T02:48:50+00:00\",\"dateModified\":\"2024-10-12T22:07:15+00:00\",\"breadcrumb\":{\"@id\":\"https:\\\/\\\/localtrekkersperu.com\\\/fr\\\/our-camping-equipments\\\/#breadcrumb\"},\"inLanguage\":\"fr-FR\",\"potentialAction\":[{\"@type\":\"ReadAction\",\"target\":[\"https:\\\/\\\/localtrekkersperu.com\\\/fr\\\/our-camping-equipments\\\/\"]}]},{\"@type\":\"ImageObject\",\"inLanguage\":\"fr-FR\",\"@id\":\"https:\\\/\\\/localtrekkersperu.com\\\/fr\\\/our-camping-equipments\\\/#primaryimage\",\"url\":\"https:\\\/\\\/localtrekkersperu.com\\\/wp-content\\\/uploads\\\/2024\\\/10\\\/tens-1-1.webp\",\"contentUrl\":\"https:\\\/\\\/localtrekkersperu.com\\\/wp-content\\\/uploads\\\/2024\\\/10\\\/tens-1-1.webp\"},{\"@type\":\"BreadcrumbList\",\"@id\":\"https:\\\/\\\/localtrekkersperu.com\\\/fr\\\/our-camping-equipments\\\/#breadcrumb\",\"itemListElement\":[{\"@type\":\"ListItem\",\"position\":1,\"name\":\"Home\",\"item\":\"https:\\\/\\\/localtrekkersperu.com\\\/fr\\\/\"},{\"@type\":\"ListItem\",\"position\":2,\"name\":\"Our Camping Equipments\"}]},{\"@type\":\"WebSite\",\"@id\":\"https:\\\/\\\/localtrekkersperu.com\\\/fr\\\/#website\",\"url\":\"https:\\\/\\\/localtrekkersperu.com\\\/fr\\\/\",\"name\":\"Local Trekkers Peru\",\"description\":\"\",\"publisher\":{\"@id\":\"https:\\\/\\\/localtrekkersperu.com\\\/fr\\\/#organization\"},\"potentialAction\":[{\"@type\":\"SearchAction\",\"target\":{\"@type\":\"EntryPoint\",\"urlTemplate\":\"https:\\\/\\\/localtrekkersperu.com\\\/fr\\\/?s={search_term_string}\"},\"query-input\":{\"@type\":\"PropertyValueSpecification\",\"valueRequired\":true,\"valueName\":\"search_term_string\"}}],\"inLanguage\":\"fr-FR\"},{\"@type\":\"Organization\",\"@id\":\"https:\\\/\\\/localtrekkersperu.com\\\/fr\\\/#organization\",\"name\":\"Local Trekkers Peru\",\"url\":\"https:\\\/\\\/localtrekkersperu.com\\\/fr\\\/\",\"logo\":{\"@type\":\"ImageObject\",\"inLanguage\":\"fr-FR\",\"@id\":\"https:\\\/\\\/localtrekkersperu.com\\\/fr\\\/#\\\/schema\\\/logo\\\/image\\\/\",\"url\":\"https:\\\/\\\/localtrekkersperu.com\\\/wp-content\\\/uploads\\\/2024\\\/08\\\/logo.png\",\"contentUrl\":\"https:\\\/\\\/localtrekkersperu.com\\\/wp-content\\\/uploads\\\/2024\\\/08\\\/logo.png\",\"width\":411,\"height\":122,\"caption\":\"Local Trekkers Peru\"},\"image\":{\"@id\":\"https:\\\/\\\/localtrekkersperu.com\\\/fr\\\/#\\\/schema\\\/logo\\\/image\\\/\"}}]}<\/script>\n<!-- \/ Yoast SEO Premium plugin. -->","yoast_head_json":{"title":"Our Camping Equipments - Local Trekkers Peru","robots":{"index":"index","follow":"follow","max-snippet":"max-snippet:-1","max-image-preview":"max-image-preview:large","max-video-preview":"max-video-preview:-1"},"canonical":"https:\/\/localtrekkersperu.com\/fr\/our-camping-equipments\/","og_locale":"fr_FR","og_type":"article","og_title":"Our Camping Equipments","og_description":"4 SEASON PROFESSIONAL TENTS You can enjoy our spacious North Face and Doite Tents, a good night. They are made for four ...","og_url":"https:\/\/localtrekkersperu.com\/fr\/our-camping-equipments\/","og_site_name":"Local Trekkers Peru","article_modified_time":"2024-10-12T22:07:15+00:00","og_image":[{"width":350,"height":400,"url":"https:\/\/localtrekkersperu.com\/wp-content\/uploads\/2024\/10\/tens-1-1.webp","type":"image\/webp"}],"twitter_card":"summary_large_image","twitter_misc":{"Dur\u00e9e de lecture estim\u00e9e":"4 minutes"},"schema":{"@context":"https:\/\/schema.org","@graph":[{"@type":"WebPage","@id":"https:\/\/localtrekkersperu.com\/fr\/our-camping-equipments\/","url":"https:\/\/localtrekkersperu.com\/fr\/our-camping-equipments\/","name":"Our Camping Equipments - Local Trekkers Peru","isPartOf":{"@id":"https:\/\/localtrekkersperu.com\/fr\/#website"},"primaryImageOfPage":{"@id":"https:\/\/localtrekkersperu.com\/fr\/our-camping-equipments\/#primaryimage"},"image":{"@id":"https:\/\/localtrekkersperu.com\/fr\/our-camping-equipments\/#primaryimage"},"thumbnailUrl":"https:\/\/localtrekkersperu.com\/wp-content\/uploads\/2024\/10\/tens-1-1.webp","datePublished":"2024-10-07T02:48:50+00:00","dateModified":"2024-10-12T22:07:15+00:00","breadcrumb":{"@id":"https:\/\/localtrekkersperu.com\/fr\/our-camping-equipments\/#breadcrumb"},"inLanguage":"fr-FR","potentialAction":[{"@type":"ReadAction","target":["https:\/\/localtrekkersperu.com\/fr\/our-camping-equipments\/"]}]},{"@type":"ImageObject","inLanguage":"fr-FR","@id":"https:\/\/localtrekkersperu.com\/fr\/our-camping-equipments\/#primaryimage","url":"https:\/\/localtrekkersperu.com\/wp-content\/uploads\/2024\/10\/tens-1-1.webp","contentUrl":"https:\/\/localtrekkersperu.com\/wp-content\/uploads\/2024\/10\/tens-1-1.webp"},{"@type":"BreadcrumbList","@id":"https:\/\/localtrekkersperu.com\/fr\/our-camping-equipments\/#breadcrumb","itemListElement":[{"@type":"ListItem","position":1,"name":"Home","item":"https:\/\/localtrekkersperu.com\/fr\/"},{"@type":"ListItem","position":2,"name":"Our Camping Equipments"}]},{"@type":"WebSite","@id":"https:\/\/localtrekkersperu.com\/fr\/#website","url":"https:\/\/localtrekkersperu.com\/fr\/","name":"Local Trekkers Peru","description":"","publisher":{"@id":"https:\/\/localtrekkersperu.com\/fr\/#organization"},"potentialAction":[{"@type":"SearchAction","target":{"@type":"EntryPoint","urlTemplate":"https:\/\/localtrekkersperu.com\/fr\/?s={search_term_string}"},"query-input":{"@type":"PropertyValueSpecification","valueRequired":true,"valueName":"search_term_string"}}],"inLanguage":"fr-FR"},{"@type":"Organization","@id":"https:\/\/localtrekkersperu.com\/fr\/#organization","name":"Local Trekkers Peru","url":"https:\/\/localtrekkersperu.com\/fr\/","logo":{"@type":"ImageObject","inLanguage":"fr-FR","@id":"https:\/\/localtrekkersperu.com\/fr\/#\/schema\/logo\/image\/","url":"https:\/\/localtrekkersperu.com\/wp-content\/uploads\/2024\/08\/logo.png","contentUrl":"https:\/\/localtrekkersperu.com\/wp-content\/uploads\/2024\/08\/logo.png","width":411,"height":122,"caption":"Local Trekkers Peru"},"image":{"@id":"https:\/\/localtrekkersperu.com\/fr\/#\/schema\/logo\/image\/"}}]}},"coauthors":[],"author_meta":{"author_link":"https:\/\/localtrekkersperu.com\/fr\/author\/admin_local\/","display_name":"admin_local"},"relative_dates":{"created":"Publi\u00e9 2 ans il y a","modified":"Mis \u00e0 jour 2 ans il y a"},"absolute_dates":{"created":"Publi\u00e9 le octobre 7, 2024","modified":"Mise \u00e0 jour le octobre 12, 2024"},"absolute_dates_time":{"created":"Publi\u00e9 le octobre 7, 2024 2:48 am","modified":"Mise \u00e0 jour le octobre 12, 2024 10:07 pm"},"featured_img_caption":"","featured_img":false,"series_order":"","_links":{"self":[{"href":"https:\/\/localtrekkersperu.com\/fr\/wp-json\/wp\/v2\/pages\/2285","targetHints":{"allow":["GET"]}}],"collection":[{"href":"https:\/\/localtrekkersperu.com\/fr\/wp-json\/wp\/v2\/pages"}],"about":[{"href":"https:\/\/localtrekkersperu.com\/fr\/wp-json\/wp\/v2\/types\/page"}],"author":[{"embeddable":true,"href":"https:\/\/localtrekkersperu.com\/fr\/wp-json\/wp\/v2\/users\/1"}],"replies":[{"embeddable":true,"href":"https:\/\/localtrekkersperu.com\/fr\/wp-json\/wp\/v2\/comments?post=2285"}],"version-history":[{"count":0,"href":"https:\/\/localtrekkersperu.com\/fr\/wp-json\/wp\/v2\/pages\/2285\/revisions"}],"wp:attachment":[{"href":"https:\/\/localtrekkersperu.com\/fr\/wp-json\/wp\/v2\/media?parent=2285"}],"curies":[{"name":"wp","href":"https:\/\/api.w.org\/{rel}","templated":true}]}}