{"id":2281,"date":"2024-10-07T02:57:00","date_gmt":"2024-10-07T02:57:00","guid":{"rendered":"https:\/\/localtrekkersperu.com\/payment-methods\/"},"modified":"2025-03-07T20:40:39","modified_gmt":"2025-03-07T20:40:39","slug":"moyen-paiement","status":"publish","type":"page","link":"https:\/\/localtrekkersperu.com\/fr\/moyen-paiement\/","title":{"rendered":"Moyen de Paiement"},"content":{"rendered":"\n<p>Cher Client Local Trekkers Per\u00fa vous propose 4 Moyens de Paiement pour effectuer votre acompte initial ou pour payer le reste du Prix Total du circuit, trek ou programme r\u00e9serv\u00e9, ces m\u00e9thodes sont d\u00e9taill\u00e9es ci-dessous:<\/p>\n\n\n\n<div class=\"wp-block-columns is-layout-flex wp-container-core-columns-is-layout-9d6595d7 wp-block-columns-is-layout-flex\">\n<div class=\"wp-block-column border m-5 rounded shadow p-5 is-layout-flow wp-block-column-is-layout-flow\">\n<h2 class=\"wp-block-heading has-text-align-center\">PAR VISA:<\/h2>\n\n\n<div class=\"wp-block-image is-style-default\">\n<figure class=\"aligncenter size-full is-resized\"><img decoding=\"async\" src=\"https:\/\/localtrekkersperu.com\/wp-content\/uploads\/2024\/10\/visa.svg\" alt=\"\" class=\"wp-image-1770\" style=\"width:261px;height:auto\"\/><\/figure>\n<\/div>\n\n<div class=\"bg-white rounded-lg shadow-lg p-2 mb-2 max-w-md w-full mx-auto\"><button id=\"btnPago_69f4af7f1cf13\" class=\"w-full bg-[#2e3291] hover:bg-[#0099dd] text-white font-medium py-3 px-6 rounded-md transition-colors duration-300 flex items-center justify-center\"><svg xmlns=\"http:\/\/www.w3.org\/2000\/svg\" class=\"h-5 w-5 mr-2\" viewBox=\"0 0 20 20\" fill=\"currentColor\"><path fill-rule=\"evenodd\" d=\"M5 9V7a5 5 0 0110 0v2a2 2 0 012 2v5a2 2 0 01-2 2H5a2 2 0 01-2-2v-5a2 2 0 012-2zm8-2v2H7V7a3 3 0 116 0z\" clip-rule=\"evenodd\" \/><\/svg>Payer Maintenant<\/button><\/div><script>document.addEventListener(\"DOMContentLoaded\", function() {const btnPago_69f4af7f1cf13 = document.getElementById(\"btnPago_69f4af7f1cf13\");if (btnPago_69f4af7f1cf13) {btnPago_69f4af7f1cf13.addEventListener(\"click\", function() {const ancho = 800;const alto = 600;const izquierda = (window.innerWidth - ancho) \/ 2;const arriba = (window.innerHeight - alto) \/ 2;const url = \"https:\/\/secure.micuentaweb.pe\/vads-site\/IZI_LOCAL_TREKKERS_PERU0\";const configuracion = `width=${ancho},height=${alto},left=${izquierda},top=${arriba},location=yes,menubar=no,resizable=yes,scrollbars=yes,status=yes,toolbar=no`;window.open(url, \"VentanaPago\", configuracion);});}});<\/script>\n\n\n\n<p>Vous devez cliquer sur notre lien VISA sur notre site Web et suivre les \u00e9tapes et en utilisant cette m\u00e9thode, vous devez ajouter 5% du montant total pay\u00e9. Toutes les cartes de cr\u00e9dit et de d\u00e9bit Visa sont accept\u00e9es par cette m\u00e9thode. N&rsquo;oubliez pas que par ce moyen, il faut 03 jours ouvrables pour avoir votre paiement sur notre compte bancaire.<\/p>\n<\/div>\n\n\n\n<div class=\"wp-block-column border m-5 rounded shadow p-5 is-layout-flow wp-block-column-is-layout-flow\">\n<h2 class=\"wp-block-heading has-text-align-center\">PAR PAYPAL :<\/h2>\n\n\n<div class=\"wp-block-image\">\n<figure class=\"aligncenter size-full is-resized\"><img decoding=\"async\" src=\"https:\/\/localtrekkersperu.com\/wp-content\/uploads\/2024\/10\/paypal.svg\" alt=\"\" class=\"wp-image-1773\" style=\"aspect-ratio:1;object-fit:cover;width:272px;height:auto\"\/><\/figure>\n<\/div>\n\n\n<script src=\"https:\/\/www.paypal.com\/sdk\/js?client-id=BAAQnTDWKInBaIrILM7e4Q_vVdP2uBVXHFrk9yB7CM7rL0V-oefvDRIwfiZ59OUfC9HCcHcxcEOuP3tLRo&#038;components=hosted-buttons&#038;disable-funding=venmo&#038;currency=USD\"><\/script>\n<div id=\"paypal-container-TW87JZPXRAWG4\"><\/div>\n<script>\n  paypal.HostedButtons({\n    hostedButtonId: \"TW87JZPXRAWG4\",\n  }).render(\"#paypal-container-TW87JZPXRAWG4\")\n<\/script>\n\n\n\n<p>Vous devez cliquer sur notre bouton de paiement Paypal sur notre site Web et suivre les \u00e9tapes et en utilisant cette m\u00e9thode, vous devez ajouter 8% du montant total pay\u00e9. Gr\u00e2ce \u00e0 cette m\u00e9thode, toutes les cartes de cr\u00e9dit et de d\u00e9bit sont accept\u00e9es. N&rsquo;oubliez pas que par ce moyen, il faut 07 jours ouvrables pour avoir votre paiement sur notre compte bancaire.<\/p>\n<\/div>\n<\/div>\n\n\n\n<div class=\"wp-block-columns is-layout-flex wp-container-core-columns-is-layout-9d6595d7 wp-block-columns-is-layout-flex\">\n<div class=\"wp-block-column border m-5 rounded shadow p-5 is-layout-flow wp-block-column-is-layout-flow\">\n<h2 class=\"wp-block-heading has-text-align-center\">PAR VIREMENT BANCAIRE :<\/h2>\n\n\n<div class=\"wp-block-image is-style-default\">\n<figure class=\"aligncenter size-full is-resized\"><img loading=\"lazy\" decoding=\"async\" width=\"300\" height=\"142\" src=\"https:\/\/localtrekkersperu.com\/wp-content\/uploads\/2024\/10\/BCP.webp\" alt=\"\" class=\"wp-image-1786\" style=\"width:261px;height:auto\"\/><\/figure>\n<\/div>\n\n\n<p>Avec cette m\u00e9thode, vous devez ajouter 5 % du montant total envoy\u00e9 et nous avons besoin de 4 jours ouvrables pour que votre paiement soit vers\u00e9 sur notre compte bancaire. Voici les coordonn\u00e9es de notre compte bancaire :<\/p>\n\n\n\n<ul class=\"wp-block-list\">\n<li><strong>Nom de la banque :<\/strong> Banco de Credito del P\u00e9rou<\/li>\n\n\n\n<li><strong>Num\u00e9ro de compte&nbsp;: <\/strong>(en dollars am\u00e9ricains)&nbsp;: <strong>00228500995074416050<\/strong><\/li>\n\n\n\n<li><strong>Nom du compte :<\/strong> Local Trekkers Per\u00fa E.I.R.L<\/li>\n\n\n\n<li><strong>CODE SWIFT&nbsp;: <\/strong>BCPLPEPL<\/li>\n\n\n\n<li><strong>T\u00e9l\u00e9phone d&rsquo;urgence Via BCP : <\/strong>+51 01 4581230<\/li>\n\n\n\n<li><strong>Adresse de la banque : <\/strong>Av. el sol 189<\/li>\n<\/ul>\n<\/div>\n\n\n\n<div class=\"wp-block-column border m-5 rounded shadow p-5 is-layout-flow wp-block-column-is-layout-flow\">\n<h2 class=\"wp-block-heading has-text-align-center\">THROUGH WESTERN UNION MONEY TRANSFER:<\/h2>\n\n\n<div class=\"wp-block-image\">\n<figure class=\"aligncenter size-full is-resized\"><img loading=\"lazy\" decoding=\"async\" width=\"300\" height=\"142\" src=\"https:\/\/localtrekkersperu.com\/wp-content\/uploads\/2024\/10\/WU.webp\" alt=\"\" class=\"wp-image-1789\" style=\"width:272px;height:auto\"\/><\/figure>\n<\/div>\n\n\n<p>Vous pouvez utiliser cette m\u00e9thode si vous voulez gagner du temps et si vous voulez agir le plus t\u00f4t possible pour avoir une visite, un trek ou un programme tr\u00e8s bien r\u00e9serv\u00e9, cette m\u00e9thode est recommand\u00e9e lors de la r\u00e9servation du Chemin Inca car les espaces se vendent tr\u00e8s rapidement. , W.U. Il a des frais pour envoyer de l&rsquo;argent \u00e0 l&rsquo;\u00e9tranger, les frais d\u00e9pendent du pays \u00e0 partir duquel vous envoyez l&rsquo;argent. N&rsquo;oubliez pas d&rsquo;envoyer un acompte via WU. Vous devez l&rsquo;envoyer au nom d&rsquo;une personne, WU n&rsquo;inclura que le pr\u00e9nom et le nom, puis ils vous donneront un num\u00e9ro de contr\u00f4le MTCN (10 chiffres) que vous devrez fournir afin de percevoir votre paiement. . Ci-dessous, nous d\u00e9taillons les informations de notre directeur g\u00e9n\u00e9ral \u00e0 qui le paiement de votre acompte doit \u00eatre adress\u00e9.<\/p>\n\n\n\n<ul class=\"wp-block-list\">\n<li><strong>Nom du destinataire :<\/strong> ALDO<\/li>\n\n\n\n<li><strong>Nom du destinataire&nbsp;: <\/strong>PANDURO LOJA<\/li>\n\n\n\n<li><strong>Adresse du destinataire&nbsp;:<\/strong> Calle Sweden 368 (Plaza de Armas Cusco &#8211; P\u00e9rou)<\/li>\n\n\n\n<li><strong>Ville du destinataire&nbsp;: <\/strong>CUZCO<\/li>\n\n\n\n<li><strong>Pays b\u00e9n\u00e9ficiaire : <\/strong>P\u00e9rou<\/li>\n\n\n\n<li><strong>Courriel&nbsp;:<\/strong> localtrekkersPerou@gmail.com<\/li>\n\n\n\n<li><strong>ID du r\u00e9cepteur&nbsp;: <\/strong>40886997<\/li>\n\n\n\n<li>T\u00e9l\u00e9phone portable +51 943427160<\/li>\n\n\n\n<li>(juste au cas o\u00f9, PANDURO est son nom paternel et LOJA est son nom maternel).<\/li>\n<\/ul>\n<\/div>\n<\/div>\n","protected":false},"excerpt":{"rendered":"<p>Cher Client Local Trekkers Per\u00fa vous propose 4 Moyens de Paiement pour effectuer votre acompte initial ou pour payer le&#8230;<\/p>\n","protected":false},"author":1,"featured_media":7771,"parent":0,"menu_order":0,"comment_status":"closed","ping_status":"closed","template":"","meta":{"_acf_changed":false,"advgb_blocks_editor_width":"","advgb_blocks_columns_visual_guide":"","footnotes":""},"class_list":["post-2281","page","type-page","status-publish","has-post-thumbnail","hentry"],"acf":[],"yoast_head":"<!-- This site is optimized with the Yoast SEO Premium plugin v25.2 (Yoast SEO v27.4) - https:\/\/yoast.com\/product\/yoast-seo-premium-wordpress\/ -->\n<title>Moyen de Paiement - Local Trekkers Peru<\/title>\n<meta name=\"robots\" content=\"index, follow, max-snippet:-1, max-image-preview:large, max-video-preview:-1\" \/>\n<link rel=\"canonical\" href=\"https:\/\/localtrekkersperu.com\/fr\/moyen-paiement\/\" \/>\n<meta property=\"og:locale\" content=\"fr_FR\" \/>\n<meta property=\"og:type\" content=\"article\" \/>\n<meta property=\"og:title\" content=\"Moyen de Paiement\" \/>\n<meta property=\"og:description\" content=\"Cher Client Local Trekkers Per\u00fa vous propose 4 Moyens de Paiement pour effectuer votre acompte initial ou pour payer le...\" \/>\n<meta property=\"og:url\" content=\"https:\/\/localtrekkersperu.com\/fr\/moyen-paiement\/\" \/>\n<meta property=\"og:site_name\" content=\"Local Trekkers Peru\" \/>\n<meta property=\"article:modified_time\" content=\"2025-03-07T20:40:39+00:00\" \/>\n<meta name=\"twitter:card\" content=\"summary_large_image\" \/>\n<meta name=\"twitter:label1\" content=\"Dur\u00e9e de lecture estim\u00e9e\" \/>\n\t<meta name=\"twitter:data1\" content=\"3 minutes\" \/>\n<script type=\"application\/ld+json\" class=\"yoast-schema-graph\">{\"@context\":\"https:\\\/\\\/schema.org\",\"@graph\":[{\"@type\":\"WebPage\",\"@id\":\"https:\\\/\\\/localtrekkersperu.com\\\/fr\\\/moyen-paiement\\\/\",\"url\":\"https:\\\/\\\/localtrekkersperu.com\\\/fr\\\/moyen-paiement\\\/\",\"name\":\"Moyen de Paiement - Local Trekkers Peru\",\"isPartOf\":{\"@id\":\"https:\\\/\\\/localtrekkersperu.com\\\/fr\\\/#website\"},\"primaryImageOfPage\":{\"@id\":\"https:\\\/\\\/localtrekkersperu.com\\\/fr\\\/moyen-paiement\\\/#primaryimage\"},\"image\":{\"@id\":\"https:\\\/\\\/localtrekkersperu.com\\\/fr\\\/moyen-paiement\\\/#primaryimage\"},\"thumbnailUrl\":\"https:\\\/\\\/localtrekkersperu.com\\\/wp-content\\\/uploads\\\/2025\\\/07\\\/punoo.webp\",\"datePublished\":\"2024-10-07T02:57:00+00:00\",\"dateModified\":\"2025-03-07T20:40:39+00:00\",\"breadcrumb\":{\"@id\":\"https:\\\/\\\/localtrekkersperu.com\\\/fr\\\/moyen-paiement\\\/#breadcrumb\"},\"inLanguage\":\"fr-FR\",\"potentialAction\":[{\"@type\":\"ReadAction\",\"target\":[\"https:\\\/\\\/localtrekkersperu.com\\\/fr\\\/moyen-paiement\\\/\"]}]},{\"@type\":\"ImageObject\",\"inLanguage\":\"fr-FR\",\"@id\":\"https:\\\/\\\/localtrekkersperu.com\\\/fr\\\/moyen-paiement\\\/#primaryimage\",\"url\":\"https:\\\/\\\/localtrekkersperu.com\\\/wp-content\\\/uploads\\\/2025\\\/07\\\/punoo.webp\",\"contentUrl\":\"https:\\\/\\\/localtrekkersperu.com\\\/wp-content\\\/uploads\\\/2025\\\/07\\\/punoo.webp\",\"width\":2003,\"height\":402},{\"@type\":\"BreadcrumbList\",\"@id\":\"https:\\\/\\\/localtrekkersperu.com\\\/fr\\\/moyen-paiement\\\/#breadcrumb\",\"itemListElement\":[{\"@type\":\"ListItem\",\"position\":1,\"name\":\"Home\",\"item\":\"https:\\\/\\\/localtrekkersperu.com\\\/fr\\\/\"},{\"@type\":\"ListItem\",\"position\":2,\"name\":\"Moyen de Paiement\"}]},{\"@type\":\"WebSite\",\"@id\":\"https:\\\/\\\/localtrekkersperu.com\\\/fr\\\/#website\",\"url\":\"https:\\\/\\\/localtrekkersperu.com\\\/fr\\\/\",\"name\":\"Local Trekkers Peru\",\"description\":\"\",\"publisher\":{\"@id\":\"https:\\\/\\\/localtrekkersperu.com\\\/fr\\\/#organization\"},\"potentialAction\":[{\"@type\":\"SearchAction\",\"target\":{\"@type\":\"EntryPoint\",\"urlTemplate\":\"https:\\\/\\\/localtrekkersperu.com\\\/fr\\\/?s={search_term_string}\"},\"query-input\":{\"@type\":\"PropertyValueSpecification\",\"valueRequired\":true,\"valueName\":\"search_term_string\"}}],\"inLanguage\":\"fr-FR\"},{\"@type\":\"Organization\",\"@id\":\"https:\\\/\\\/localtrekkersperu.com\\\/fr\\\/#organization\",\"name\":\"Local Trekkers Peru\",\"url\":\"https:\\\/\\\/localtrekkersperu.com\\\/fr\\\/\",\"logo\":{\"@type\":\"ImageObject\",\"inLanguage\":\"fr-FR\",\"@id\":\"https:\\\/\\\/localtrekkersperu.com\\\/fr\\\/#\\\/schema\\\/logo\\\/image\\\/\",\"url\":\"https:\\\/\\\/localtrekkersperu.com\\\/wp-content\\\/uploads\\\/2024\\\/08\\\/logo.png\",\"contentUrl\":\"https:\\\/\\\/localtrekkersperu.com\\\/wp-content\\\/uploads\\\/2024\\\/08\\\/logo.png\",\"width\":411,\"height\":122,\"caption\":\"Local Trekkers Peru\"},\"image\":{\"@id\":\"https:\\\/\\\/localtrekkersperu.com\\\/fr\\\/#\\\/schema\\\/logo\\\/image\\\/\"}}]}<\/script>\n<!-- \/ Yoast SEO Premium plugin. -->","yoast_head_json":{"title":"Moyen de Paiement - Local Trekkers Peru","robots":{"index":"index","follow":"follow","max-snippet":"max-snippet:-1","max-image-preview":"max-image-preview:large","max-video-preview":"max-video-preview:-1"},"canonical":"https:\/\/localtrekkersperu.com\/fr\/moyen-paiement\/","og_locale":"fr_FR","og_type":"article","og_title":"Moyen de Paiement","og_description":"Cher Client Local Trekkers Per\u00fa vous propose 4 Moyens de Paiement pour effectuer votre acompte initial ou pour payer le...","og_url":"https:\/\/localtrekkersperu.com\/fr\/moyen-paiement\/","og_site_name":"Local Trekkers Peru","article_modified_time":"2025-03-07T20:40:39+00:00","twitter_card":"summary_large_image","twitter_misc":{"Dur\u00e9e de lecture estim\u00e9e":"3 minutes"},"schema":{"@context":"https:\/\/schema.org","@graph":[{"@type":"WebPage","@id":"https:\/\/localtrekkersperu.com\/fr\/moyen-paiement\/","url":"https:\/\/localtrekkersperu.com\/fr\/moyen-paiement\/","name":"Moyen de Paiement - Local Trekkers Peru","isPartOf":{"@id":"https:\/\/localtrekkersperu.com\/fr\/#website"},"primaryImageOfPage":{"@id":"https:\/\/localtrekkersperu.com\/fr\/moyen-paiement\/#primaryimage"},"image":{"@id":"https:\/\/localtrekkersperu.com\/fr\/moyen-paiement\/#primaryimage"},"thumbnailUrl":"https:\/\/localtrekkersperu.com\/wp-content\/uploads\/2025\/07\/punoo.webp","datePublished":"2024-10-07T02:57:00+00:00","dateModified":"2025-03-07T20:40:39+00:00","breadcrumb":{"@id":"https:\/\/localtrekkersperu.com\/fr\/moyen-paiement\/#breadcrumb"},"inLanguage":"fr-FR","potentialAction":[{"@type":"ReadAction","target":["https:\/\/localtrekkersperu.com\/fr\/moyen-paiement\/"]}]},{"@type":"ImageObject","inLanguage":"fr-FR","@id":"https:\/\/localtrekkersperu.com\/fr\/moyen-paiement\/#primaryimage","url":"https:\/\/localtrekkersperu.com\/wp-content\/uploads\/2025\/07\/punoo.webp","contentUrl":"https:\/\/localtrekkersperu.com\/wp-content\/uploads\/2025\/07\/punoo.webp","width":2003,"height":402},{"@type":"BreadcrumbList","@id":"https:\/\/localtrekkersperu.com\/fr\/moyen-paiement\/#breadcrumb","itemListElement":[{"@type":"ListItem","position":1,"name":"Home","item":"https:\/\/localtrekkersperu.com\/fr\/"},{"@type":"ListItem","position":2,"name":"Moyen de Paiement"}]},{"@type":"WebSite","@id":"https:\/\/localtrekkersperu.com\/fr\/#website","url":"https:\/\/localtrekkersperu.com\/fr\/","name":"Local Trekkers Peru","description":"","publisher":{"@id":"https:\/\/localtrekkersperu.com\/fr\/#organization"},"potentialAction":[{"@type":"SearchAction","target":{"@type":"EntryPoint","urlTemplate":"https:\/\/localtrekkersperu.com\/fr\/?s={search_term_string}"},"query-input":{"@type":"PropertyValueSpecification","valueRequired":true,"valueName":"search_term_string"}}],"inLanguage":"fr-FR"},{"@type":"Organization","@id":"https:\/\/localtrekkersperu.com\/fr\/#organization","name":"Local Trekkers Peru","url":"https:\/\/localtrekkersperu.com\/fr\/","logo":{"@type":"ImageObject","inLanguage":"fr-FR","@id":"https:\/\/localtrekkersperu.com\/fr\/#\/schema\/logo\/image\/","url":"https:\/\/localtrekkersperu.com\/wp-content\/uploads\/2024\/08\/logo.png","contentUrl":"https:\/\/localtrekkersperu.com\/wp-content\/uploads\/2024\/08\/logo.png","width":411,"height":122,"caption":"Local Trekkers Peru"},"image":{"@id":"https:\/\/localtrekkersperu.com\/fr\/#\/schema\/logo\/image\/"}}]}},"coauthors":[],"author_meta":{"author_link":"https:\/\/localtrekkersperu.com\/fr\/author\/admin_local\/","display_name":"admin_local"},"relative_dates":{"created":"Publi\u00e9 2 ans il y a","modified":"Mis \u00e0 jour 1 an il y a"},"absolute_dates":{"created":"Publi\u00e9 le octobre 7, 2024","modified":"Mise \u00e0 jour le mars 7, 2025"},"absolute_dates_time":{"created":"Publi\u00e9 le octobre 7, 2024 2:57 am","modified":"Mise \u00e0 jour le mars 7, 2025 8:40 pm"},"featured_img_caption":"","featured_img":"https:\/\/localtrekkersperu.com\/wp-content\/uploads\/2025\/07\/punoo.webp","series_order":"","_links":{"self":[{"href":"https:\/\/localtrekkersperu.com\/fr\/wp-json\/wp\/v2\/pages\/2281","targetHints":{"allow":["GET"]}}],"collection":[{"href":"https:\/\/localtrekkersperu.com\/fr\/wp-json\/wp\/v2\/pages"}],"about":[{"href":"https:\/\/localtrekkersperu.com\/fr\/wp-json\/wp\/v2\/types\/page"}],"author":[{"embeddable":true,"href":"https:\/\/localtrekkersperu.com\/fr\/wp-json\/wp\/v2\/users\/1"}],"replies":[{"embeddable":true,"href":"https:\/\/localtrekkersperu.com\/fr\/wp-json\/wp\/v2\/comments?post=2281"}],"version-history":[{"count":0,"href":"https:\/\/localtrekkersperu.com\/fr\/wp-json\/wp\/v2\/pages\/2281\/revisions"}],"wp:featuredmedia":[{"embeddable":true,"href":"https:\/\/localtrekkersperu.com\/fr\/wp-json\/wp\/v2\/media\/7771"}],"wp:attachment":[{"href":"https:\/\/localtrekkersperu.com\/fr\/wp-json\/wp\/v2\/media?parent=2281"}],"curies":[{"name":"wp","href":"https:\/\/api.w.org\/{rel}","templated":true}]}}