{"id":2246,"date":"2024-10-07T02:24:31","date_gmt":"2024-10-07T02:24:31","guid":{"rendered":"https:\/\/localtrekkersperu.com\/about-us\/"},"modified":"2025-06-02T00:14:59","modified_gmt":"2025-06-02T00:14:59","slug":"a-propos-de-nous","status":"publish","type":"page","link":"https:\/\/localtrekkersperu.com\/fr\/a-propos-de-nous\/","title":{"rendered":"\u00c0 Propos de Nous"},"content":{"rendered":"\n<h2 class=\"wp-block-heading\">LOCAL TREKKERS PERU TOUR OPERATEUR 100% PERUVIEN ENTREPRISE LOCALE<\/h2>\n\n\n\n<p>Nous sommes fiers d&rsquo;\u00eatre une entreprise 100% p\u00e9ruvienne, tour op\u00e9rateur local \u00e0 <strong>Cusco<\/strong> Au c\u0153ur de l&rsquo;Empire Inca, Alberto Alonso Valderrama Sandoval, le propri\u00e9taire de Local Trekkers Peru, a eu le grand privil\u00e8ge depuis son enfance de grandir en connaissant la culture et les coutumes des Andes et du P\u00e9rou. <strong>Amazonas<\/strong>, Il a grandi en parlant le quechua, la langue maternelle des Incas, et le shipibo, l&rsquo;un des dialectes de la jungle p\u00e9ruvienne, puisqu&rsquo;il est le fils de parents de Cusco et Loreto, passionn\u00e9 et int\u00e9ress\u00e9 par la beaut\u00e9 et la spiritualit\u00e9 des Andes, il s&rsquo;est inscrit \u00e0 l&rsquo;Universit\u00e9 de Cusco pour \u00e9tudier le tourisme et l&rsquo;anglais, ce qui lui a permis d&rsquo;\u00e9largir ses connaissances. Lorsqu&rsquo;il est dipl\u00f4m\u00e9 de l&rsquo;Universit\u00e9, il a travaill\u00e9 pendant un certain temps dans un bureau d&rsquo;affaires local et est finalement devenu guide touristique. Au fond de son c\u0153ur, il voulait \u00e9galement conna\u00eetre la culture de l&rsquo;Amazonie, entrant \u00e0 l&rsquo;Universit\u00e9 d&rsquo;Iquitos pour \u00e9tudier l&rsquo;\u00e9cologie de la for\u00eat tropicale. Il a servi de guide de la culture ancestrale de l&rsquo;Ayahuasca, l\u00e9gende des mythes de l&rsquo;Amazonie p\u00e9ruvienne, de la flore et de la faune, a \u00e9t\u00e9 b\u00e9n\u00e9vole d&rsquo;une ONG, ce qui lui a permis de gagner une bourse \u00e0 la ville de Qu\u00e9bec &#8211; Canada pour partager ses connaissances et son exp\u00e9rience des Andes. et l&rsquo;Amazonie p\u00e9ruvienne, avant de voyager, elle s&rsquo;est inscrite \u00e0 l&rsquo;Alliance fran\u00e7aise pour apprendre le fran\u00e7ais, acqu\u00e9rant ainsi beaucoup d&rsquo;exp\u00e9rience et bien s\u00fbr elle parle couramment l&rsquo;espagnol, le quechua, l&rsquo;anglais et le fran\u00e7ais. \u00c0 son retour \u00e0 Cusco, il s&rsquo;est rendu compte que la plupart des entreprises sont ax\u00e9es sur l&rsquo;argent et moins sur les personnes, cr\u00e9ant Local Trekkers Peru, offrant un bon traitement et une qualit\u00e9 de vie \u00e0 son \u00e9quipe, employant des hommes et des femmes des Andes et de l&rsquo;Amazonie.<\/p>\n\n\n\n<figure class=\"wp-block-image size-large\"><img loading=\"lazy\" decoding=\"async\" width=\"1024\" height=\"566\" src=\"https:\/\/localtrekkersperu.com\/wp-content\/uploads\/2024\/10\/Logo-Group-Travel-Peru-1024x566.webp\" alt=\"\" class=\"wp-image-1500\" srcset=\"https:\/\/localtrekkersperu.com\/wp-content\/uploads\/2024\/10\/Logo-Group-Travel-Peru-1024x566.webp 1024w, https:\/\/localtrekkersperu.com\/wp-content\/uploads\/2024\/10\/Logo-Group-Travel-Peru-300x166.webp 300w, https:\/\/localtrekkersperu.com\/wp-content\/uploads\/2024\/10\/Logo-Group-Travel-Peru-768x424.webp 768w, https:\/\/localtrekkersperu.com\/wp-content\/uploads\/2024\/10\/Logo-Group-Travel-Peru.webp 1280w\" sizes=\"auto, (max-width: 1024px) 100vw, 1024px\" \/><\/figure>\n","protected":false},"excerpt":{"rendered":"<p>LOCAL TREKKERS PERU TOUR OPERATEUR 100% PERUVIEN ENTREPRISE LOCALE Nous sommes fiers d&rsquo;\u00eatre une entreprise 100% p&#8230;<\/p>\n","protected":false},"author":1,"featured_media":7756,"parent":0,"menu_order":0,"comment_status":"closed","ping_status":"closed","template":"","meta":{"_acf_changed":false,"advgb_blocks_editor_width":"","advgb_blocks_columns_visual_guide":"","footnotes":""},"class_list":["post-2246","page","type-page","status-publish","has-post-thumbnail","hentry"],"acf":[],"yoast_head":"<!-- This site is optimized with the Yoast SEO Premium plugin v25.2 (Yoast SEO v27.3) - https:\/\/yoast.com\/product\/yoast-seo-premium-wordpress\/ -->\n<title>\u00c0 Propos de Nous - Local Trekkers Peru<\/title>\n<meta name=\"robots\" content=\"index, follow, max-snippet:-1, max-image-preview:large, max-video-preview:-1\" \/>\n<link rel=\"canonical\" href=\"https:\/\/localtrekkersperu.com\/fr\/a-propos-de-nous\/\" \/>\n<meta property=\"og:locale\" content=\"fr_FR\" \/>\n<meta property=\"og:type\" content=\"article\" \/>\n<meta property=\"og:title\" content=\"\u00c0 Propos de Nous\" \/>\n<meta property=\"og:description\" content=\"LOCAL TREKKERS PERU TOUR OPERATEUR 100% PERUVIEN ENTREPRISE LOCALE Nous sommes fiers d&rsquo;\u00eatre une entreprise 100% p...\" \/>\n<meta property=\"og:url\" content=\"https:\/\/localtrekkersperu.com\/fr\/a-propos-de-nous\/\" \/>\n<meta property=\"og:site_name\" content=\"Local Trekkers Peru\" \/>\n<meta property=\"article:modified_time\" content=\"2025-06-02T00:14:59+00:00\" \/>\n<meta property=\"og:image\" content=\"https:\/\/localtrekkersperu.com\/wp-content\/uploads\/2024\/10\/Logo-Group-Travel-Peru.webp\" \/>\n\t<meta property=\"og:image:width\" content=\"1280\" \/>\n\t<meta property=\"og:image:height\" content=\"707\" \/>\n\t<meta property=\"og:image:type\" content=\"image\/webp\" \/>\n<meta name=\"twitter:card\" content=\"summary_large_image\" \/>\n<meta name=\"twitter:label1\" content=\"Dur\u00e9e de lecture estim\u00e9e\" \/>\n\t<meta name=\"twitter:data1\" content=\"2 minutes\" \/>\n<script type=\"application\/ld+json\" class=\"yoast-schema-graph\">{\"@context\":\"https:\\\/\\\/schema.org\",\"@graph\":[{\"@type\":\"WebPage\",\"@id\":\"https:\\\/\\\/localtrekkersperu.com\\\/fr\\\/a-propos-de-nous\\\/\",\"url\":\"https:\\\/\\\/localtrekkersperu.com\\\/fr\\\/a-propos-de-nous\\\/\",\"name\":\"\u00c0 Propos de Nous - Local Trekkers Peru\",\"isPartOf\":{\"@id\":\"https:\\\/\\\/localtrekkersperu.com\\\/fr\\\/#website\"},\"primaryImageOfPage\":{\"@id\":\"https:\\\/\\\/localtrekkersperu.com\\\/fr\\\/a-propos-de-nous\\\/#primaryimage\"},\"image\":{\"@id\":\"https:\\\/\\\/localtrekkersperu.com\\\/fr\\\/a-propos-de-nous\\\/#primaryimage\"},\"thumbnailUrl\":\"https:\\\/\\\/localtrekkersperu.com\\\/wp-content\\\/uploads\\\/2025\\\/07\\\/camino.webp\",\"datePublished\":\"2024-10-07T02:24:31+00:00\",\"dateModified\":\"2025-06-02T00:14:59+00:00\",\"breadcrumb\":{\"@id\":\"https:\\\/\\\/localtrekkersperu.com\\\/fr\\\/a-propos-de-nous\\\/#breadcrumb\"},\"inLanguage\":\"fr-FR\",\"potentialAction\":[{\"@type\":\"ReadAction\",\"target\":[\"https:\\\/\\\/localtrekkersperu.com\\\/fr\\\/a-propos-de-nous\\\/\"]}]},{\"@type\":\"ImageObject\",\"inLanguage\":\"fr-FR\",\"@id\":\"https:\\\/\\\/localtrekkersperu.com\\\/fr\\\/a-propos-de-nous\\\/#primaryimage\",\"url\":\"https:\\\/\\\/localtrekkersperu.com\\\/wp-content\\\/uploads\\\/2025\\\/07\\\/camino.webp\",\"contentUrl\":\"https:\\\/\\\/localtrekkersperu.com\\\/wp-content\\\/uploads\\\/2025\\\/07\\\/camino.webp\",\"width\":2003,\"height\":402},{\"@type\":\"BreadcrumbList\",\"@id\":\"https:\\\/\\\/localtrekkersperu.com\\\/fr\\\/a-propos-de-nous\\\/#breadcrumb\",\"itemListElement\":[{\"@type\":\"ListItem\",\"position\":1,\"name\":\"Home\",\"item\":\"https:\\\/\\\/localtrekkersperu.com\\\/fr\\\/\"},{\"@type\":\"ListItem\",\"position\":2,\"name\":\"\u00c0 Propos de Nous\"}]},{\"@type\":\"WebSite\",\"@id\":\"https:\\\/\\\/localtrekkersperu.com\\\/fr\\\/#website\",\"url\":\"https:\\\/\\\/localtrekkersperu.com\\\/fr\\\/\",\"name\":\"Local Trekkers Peru\",\"description\":\"\",\"publisher\":{\"@id\":\"https:\\\/\\\/localtrekkersperu.com\\\/fr\\\/#organization\"},\"potentialAction\":[{\"@type\":\"SearchAction\",\"target\":{\"@type\":\"EntryPoint\",\"urlTemplate\":\"https:\\\/\\\/localtrekkersperu.com\\\/fr\\\/?s={search_term_string}\"},\"query-input\":{\"@type\":\"PropertyValueSpecification\",\"valueRequired\":true,\"valueName\":\"search_term_string\"}}],\"inLanguage\":\"fr-FR\"},{\"@type\":\"Organization\",\"@id\":\"https:\\\/\\\/localtrekkersperu.com\\\/fr\\\/#organization\",\"name\":\"Local Trekkers Peru\",\"url\":\"https:\\\/\\\/localtrekkersperu.com\\\/fr\\\/\",\"logo\":{\"@type\":\"ImageObject\",\"inLanguage\":\"fr-FR\",\"@id\":\"https:\\\/\\\/localtrekkersperu.com\\\/fr\\\/#\\\/schema\\\/logo\\\/image\\\/\",\"url\":\"https:\\\/\\\/localtrekkersperu.com\\\/wp-content\\\/uploads\\\/2024\\\/08\\\/logo.png\",\"contentUrl\":\"https:\\\/\\\/localtrekkersperu.com\\\/wp-content\\\/uploads\\\/2024\\\/08\\\/logo.png\",\"width\":411,\"height\":122,\"caption\":\"Local Trekkers Peru\"},\"image\":{\"@id\":\"https:\\\/\\\/localtrekkersperu.com\\\/fr\\\/#\\\/schema\\\/logo\\\/image\\\/\"}}]}<\/script>\n<!-- \/ Yoast SEO Premium plugin. -->","yoast_head_json":{"title":"\u00c0 Propos de Nous - Local Trekkers Peru","robots":{"index":"index","follow":"follow","max-snippet":"max-snippet:-1","max-image-preview":"max-image-preview:large","max-video-preview":"max-video-preview:-1"},"canonical":"https:\/\/localtrekkersperu.com\/fr\/a-propos-de-nous\/","og_locale":"fr_FR","og_type":"article","og_title":"\u00c0 Propos de Nous","og_description":"LOCAL TREKKERS PERU TOUR OPERATEUR 100% PERUVIEN ENTREPRISE LOCALE Nous sommes fiers d&rsquo;\u00eatre une entreprise 100% p...","og_url":"https:\/\/localtrekkersperu.com\/fr\/a-propos-de-nous\/","og_site_name":"Local Trekkers Peru","article_modified_time":"2025-06-02T00:14:59+00:00","og_image":[{"width":1280,"height":707,"url":"https:\/\/localtrekkersperu.com\/wp-content\/uploads\/2024\/10\/Logo-Group-Travel-Peru.webp","type":"image\/webp"}],"twitter_card":"summary_large_image","twitter_misc":{"Dur\u00e9e de lecture estim\u00e9e":"2 minutes"},"schema":{"@context":"https:\/\/schema.org","@graph":[{"@type":"WebPage","@id":"https:\/\/localtrekkersperu.com\/fr\/a-propos-de-nous\/","url":"https:\/\/localtrekkersperu.com\/fr\/a-propos-de-nous\/","name":"\u00c0 Propos de Nous - Local Trekkers Peru","isPartOf":{"@id":"https:\/\/localtrekkersperu.com\/fr\/#website"},"primaryImageOfPage":{"@id":"https:\/\/localtrekkersperu.com\/fr\/a-propos-de-nous\/#primaryimage"},"image":{"@id":"https:\/\/localtrekkersperu.com\/fr\/a-propos-de-nous\/#primaryimage"},"thumbnailUrl":"https:\/\/localtrekkersperu.com\/wp-content\/uploads\/2025\/07\/camino.webp","datePublished":"2024-10-07T02:24:31+00:00","dateModified":"2025-06-02T00:14:59+00:00","breadcrumb":{"@id":"https:\/\/localtrekkersperu.com\/fr\/a-propos-de-nous\/#breadcrumb"},"inLanguage":"fr-FR","potentialAction":[{"@type":"ReadAction","target":["https:\/\/localtrekkersperu.com\/fr\/a-propos-de-nous\/"]}]},{"@type":"ImageObject","inLanguage":"fr-FR","@id":"https:\/\/localtrekkersperu.com\/fr\/a-propos-de-nous\/#primaryimage","url":"https:\/\/localtrekkersperu.com\/wp-content\/uploads\/2025\/07\/camino.webp","contentUrl":"https:\/\/localtrekkersperu.com\/wp-content\/uploads\/2025\/07\/camino.webp","width":2003,"height":402},{"@type":"BreadcrumbList","@id":"https:\/\/localtrekkersperu.com\/fr\/a-propos-de-nous\/#breadcrumb","itemListElement":[{"@type":"ListItem","position":1,"name":"Home","item":"https:\/\/localtrekkersperu.com\/fr\/"},{"@type":"ListItem","position":2,"name":"\u00c0 Propos de Nous"}]},{"@type":"WebSite","@id":"https:\/\/localtrekkersperu.com\/fr\/#website","url":"https:\/\/localtrekkersperu.com\/fr\/","name":"Local Trekkers Peru","description":"","publisher":{"@id":"https:\/\/localtrekkersperu.com\/fr\/#organization"},"potentialAction":[{"@type":"SearchAction","target":{"@type":"EntryPoint","urlTemplate":"https:\/\/localtrekkersperu.com\/fr\/?s={search_term_string}"},"query-input":{"@type":"PropertyValueSpecification","valueRequired":true,"valueName":"search_term_string"}}],"inLanguage":"fr-FR"},{"@type":"Organization","@id":"https:\/\/localtrekkersperu.com\/fr\/#organization","name":"Local Trekkers Peru","url":"https:\/\/localtrekkersperu.com\/fr\/","logo":{"@type":"ImageObject","inLanguage":"fr-FR","@id":"https:\/\/localtrekkersperu.com\/fr\/#\/schema\/logo\/image\/","url":"https:\/\/localtrekkersperu.com\/wp-content\/uploads\/2024\/08\/logo.png","contentUrl":"https:\/\/localtrekkersperu.com\/wp-content\/uploads\/2024\/08\/logo.png","width":411,"height":122,"caption":"Local Trekkers Peru"},"image":{"@id":"https:\/\/localtrekkersperu.com\/fr\/#\/schema\/logo\/image\/"}}]}},"coauthors":[],"author_meta":{"author_link":"https:\/\/localtrekkersperu.com\/fr\/author\/admin_local\/","display_name":"admin_local"},"relative_dates":{"created":"Publi\u00e9 2 ans il y a","modified":"Mis \u00e0 jour 11 mois il y a"},"absolute_dates":{"created":"Publi\u00e9 le octobre 7, 2024","modified":"Mise \u00e0 jour le juin 2, 2025"},"absolute_dates_time":{"created":"Publi\u00e9 le octobre 7, 2024 2:24 am","modified":"Mise \u00e0 jour le juin 2, 2025 12:14 am"},"featured_img_caption":"","featured_img":"https:\/\/localtrekkersperu.com\/wp-content\/uploads\/2025\/07\/camino.webp","series_order":"","_links":{"self":[{"href":"https:\/\/localtrekkersperu.com\/fr\/wp-json\/wp\/v2\/pages\/2246","targetHints":{"allow":["GET"]}}],"collection":[{"href":"https:\/\/localtrekkersperu.com\/fr\/wp-json\/wp\/v2\/pages"}],"about":[{"href":"https:\/\/localtrekkersperu.com\/fr\/wp-json\/wp\/v2\/types\/page"}],"author":[{"embeddable":true,"href":"https:\/\/localtrekkersperu.com\/fr\/wp-json\/wp\/v2\/users\/1"}],"replies":[{"embeddable":true,"href":"https:\/\/localtrekkersperu.com\/fr\/wp-json\/wp\/v2\/comments?post=2246"}],"version-history":[{"count":2,"href":"https:\/\/localtrekkersperu.com\/fr\/wp-json\/wp\/v2\/pages\/2246\/revisions"}],"predecessor-version":[{"id":7222,"href":"https:\/\/localtrekkersperu.com\/fr\/wp-json\/wp\/v2\/pages\/2246\/revisions\/7222"}],"wp:featuredmedia":[{"embeddable":true,"href":"https:\/\/localtrekkersperu.com\/fr\/wp-json\/wp\/v2\/media\/7756"}],"wp:attachment":[{"href":"https:\/\/localtrekkersperu.com\/fr\/wp-json\/wp\/v2\/media?parent=2246"}],"curies":[{"name":"wp","href":"https:\/\/api.w.org\/{rel}","templated":true}]}}