{"id":86,"date":"2024-08-27T03:00:09","date_gmt":"2024-08-27T03:00:09","guid":{"rendered":"https:\/\/localtrekkersperu.com\/home\/"},"modified":"2026-02-06T23:05:38","modified_gmt":"2026-02-06T23:05:38","slug":"home","status":"publish","type":"page","link":"https:\/\/localtrekkersperu.com\/es\/","title":{"rendered":"Inicio"},"content":{"rendered":"\n<div class=\"wp-block-columns bghome p-5 m-5 is-layout-flex wp-container-core-columns-is-layout-9d6595d7 wp-block-columns-is-layout-flex\">\n<div class=\"wp-block-column is-layout-flow wp-block-column-is-layout-flow\">\n<h1 class=\"wp-block-heading has-text-align-center\">Local Trekkers Peru<\/h1>\n\n\n\n<p class=\"has-text-align-center\">Local Trekkers Per\u00fa, es una empresa l\u00edder que opera tours en el Per\u00fa, tambi\u00e9n somos una empresa 100% local con sede en la ciudad del Cusco. Especialistas en Tours Tradicionales, Aventura, Caminata y Selva en las ciudades de Cusco, Puno, Puerto Maldonado, Iquitos y Tarapoto. Somos un operador certificado del Famoso Camino Inca, con precios competitivos. Todos nuestros gu\u00edas son expertos en lo que hacen y hablan con fluidez espa\u00f1ol, ingl\u00e9s, franc\u00e9s y quechua. Con nuestro personal crear\u00e1s un viaje que se adapte perfectamente a tus necesidades y al nivel de aventura deseado. Adem\u00e1s, un porcentaje de lo que pagas se destina a proyectos sociales. Trabajaremos con usted para crear el viaje de su vida. Reserva hoy, te damos garant\u00eda, seguridad, satisfacci\u00f3n y mucha diversi\u00f3n.<\/p>\n<\/div>\n\n\n\n<div class=\"wp-block-column is-layout-flow wp-block-column-is-layout-flow\">\n<figure class=\"wp-block-image size-full\"><img loading=\"lazy\" decoding=\"async\" width=\"607\" height=\"359\" src=\"https:\/\/localtrekkersperu.com\/wp-content\/uploads\/2024\/08\/team-localtrekksperu.jpg\" alt=\"\" class=\"wp-image-14\" srcset=\"https:\/\/localtrekkersperu.com\/wp-content\/uploads\/2024\/08\/team-localtrekksperu.jpg 607w, https:\/\/localtrekkersperu.com\/wp-content\/uploads\/2024\/08\/team-localtrekksperu-300x177.jpg 300w\" sizes=\"auto, (max-width: 607px) 100vw, 607px\" \/><\/figure>\n<\/div>\n<\/div>\n","protected":false},"excerpt":{"rendered":"<p>Local Trekkers Peru Local Trekkers Per\u00fa, es una empresa l\u00edder que opera tours en el Per\u00fa, tambi\u00e9n somos una empresa &#8230;<\/p>\n","protected":false},"author":1,"featured_media":0,"parent":0,"menu_order":0,"comment_status":"closed","ping_status":"closed","template":"","meta":{"_acf_changed":false,"advgb_blocks_editor_width":"","advgb_blocks_columns_visual_guide":"","footnotes":""},"class_list":["post-86","page","type-page","status-publish","hentry"],"acf":[],"yoast_head":"<!-- This site is optimized with the Yoast SEO Premium plugin v25.2 (Yoast SEO v27.4) - https:\/\/yoast.com\/product\/yoast-seo-premium-wordpress\/ -->\n<title>Local Trekkers Peru | Camino Inca Machu Picchu 2026<\/title>\n<meta name=\"description\" content=\"Local Trekkers Per\u00fa es una empresa l\u00edder en tours en Per\u00fa. Adem\u00e1s, somos un operador tur\u00edstico 100% local con sede en Cusco. Especialistas en tours al Camino Inca, Salkantay Trek y Machu Picchu.\" \/>\n<meta name=\"robots\" content=\"index, follow, max-snippet:-1, max-image-preview:large, max-video-preview:-1\" \/>\n<link rel=\"canonical\" href=\"https:\/\/localtrekkersperu.com\/es\/\" \/>\n<meta property=\"og:locale\" content=\"es_ES\" \/>\n<meta property=\"og:type\" content=\"article\" \/>\n<meta property=\"og:title\" content=\"Inicio\" \/>\n<meta property=\"og:description\" content=\"Local Trekkers Per\u00fa es una empresa l\u00edder en tours en Per\u00fa. Adem\u00e1s, somos un operador tur\u00edstico 100% local con sede en Cusco. Especialistas en tours al Camino Inca, Salkantay Trek y Machu Picchu.\" \/>\n<meta property=\"og:url\" content=\"https:\/\/localtrekkersperu.com\/es\/\" \/>\n<meta property=\"og:site_name\" content=\"Local Trekkers Peru\" \/>\n<meta property=\"article:modified_time\" content=\"2026-02-06T23:05:38+00:00\" \/>\n<meta property=\"og:image\" content=\"https:\/\/localtrekkersperu.com\/wp-content\/uploads\/2024\/08\/team-localtrekksperu.jpg\" \/>\n\t<meta property=\"og:image:width\" content=\"607\" \/>\n\t<meta property=\"og:image:height\" content=\"359\" \/>\n\t<meta property=\"og:image:type\" content=\"image\/jpeg\" \/>\n<meta name=\"twitter:card\" content=\"summary_large_image\" \/>\n<meta name=\"twitter:label1\" content=\"Tiempo de lectura\" \/>\n\t<meta name=\"twitter:data1\" content=\"1 minuto\" \/>\n<script type=\"application\/ld+json\" class=\"yoast-schema-graph\">{\"@context\":\"https:\\\/\\\/schema.org\",\"@graph\":[{\"@type\":\"WebPage\",\"@id\":\"https:\\\/\\\/localtrekkersperu.com\\\/es\\\/\",\"url\":\"https:\\\/\\\/localtrekkersperu.com\\\/es\\\/\",\"name\":\"Local Trekkers Peru | Camino Inca Machu Picchu 2026\",\"isPartOf\":{\"@id\":\"https:\\\/\\\/localtrekkersperu.com\\\/es\\\/#website\"},\"primaryImageOfPage\":{\"@id\":\"https:\\\/\\\/localtrekkersperu.com\\\/es\\\/#primaryimage\"},\"image\":{\"@id\":\"https:\\\/\\\/localtrekkersperu.com\\\/es\\\/#primaryimage\"},\"thumbnailUrl\":\"https:\\\/\\\/localtrekkersperu.com\\\/wp-content\\\/uploads\\\/2024\\\/08\\\/team-localtrekksperu.jpg\",\"datePublished\":\"2024-08-27T03:00:09+00:00\",\"dateModified\":\"2026-02-06T23:05:38+00:00\",\"description\":\"Local Trekkers Per\u00fa es una empresa l\u00edder en tours en Per\u00fa. Adem\u00e1s, somos un operador tur\u00edstico 100% local con sede en Cusco. Especialistas en tours al Camino Inca, Salkantay Trek y Machu Picchu.\",\"breadcrumb\":{\"@id\":\"https:\\\/\\\/localtrekkersperu.com\\\/es\\\/#breadcrumb\"},\"inLanguage\":\"es\",\"potentialAction\":[{\"@type\":\"ReadAction\",\"target\":[\"https:\\\/\\\/localtrekkersperu.com\\\/es\\\/\"]}]},{\"@type\":\"ImageObject\",\"inLanguage\":\"es\",\"@id\":\"https:\\\/\\\/localtrekkersperu.com\\\/es\\\/#primaryimage\",\"url\":\"https:\\\/\\\/localtrekkersperu.com\\\/wp-content\\\/uploads\\\/2024\\\/08\\\/team-localtrekksperu.jpg\",\"contentUrl\":\"https:\\\/\\\/localtrekkersperu.com\\\/wp-content\\\/uploads\\\/2024\\\/08\\\/team-localtrekksperu.jpg\"},{\"@type\":\"BreadcrumbList\",\"@id\":\"https:\\\/\\\/localtrekkersperu.com\\\/es\\\/#breadcrumb\",\"itemListElement\":[{\"@type\":\"ListItem\",\"position\":1,\"name\":\"Home\",\"item\":\"https:\\\/\\\/localtrekkersperu.com\\\/es\\\/\"},{\"@type\":\"ListItem\",\"position\":2,\"name\":\"Inicio\"}]},{\"@type\":\"WebSite\",\"@id\":\"https:\\\/\\\/localtrekkersperu.com\\\/es\\\/#website\",\"url\":\"https:\\\/\\\/localtrekkersperu.com\\\/es\\\/\",\"name\":\"Local Trekkers Peru\",\"description\":\"\",\"publisher\":{\"@id\":\"https:\\\/\\\/localtrekkersperu.com\\\/es\\\/#organization\"},\"potentialAction\":[{\"@type\":\"SearchAction\",\"target\":{\"@type\":\"EntryPoint\",\"urlTemplate\":\"https:\\\/\\\/localtrekkersperu.com\\\/es\\\/?s={search_term_string}\"},\"query-input\":{\"@type\":\"PropertyValueSpecification\",\"valueRequired\":true,\"valueName\":\"search_term_string\"}}],\"inLanguage\":\"es\"},{\"@type\":\"Organization\",\"@id\":\"https:\\\/\\\/localtrekkersperu.com\\\/es\\\/#organization\",\"name\":\"Local Trekkers Peru\",\"url\":\"https:\\\/\\\/localtrekkersperu.com\\\/es\\\/\",\"logo\":{\"@type\":\"ImageObject\",\"inLanguage\":\"es\",\"@id\":\"https:\\\/\\\/localtrekkersperu.com\\\/es\\\/#\\\/schema\\\/logo\\\/image\\\/\",\"url\":\"https:\\\/\\\/localtrekkersperu.com\\\/wp-content\\\/uploads\\\/2024\\\/08\\\/logo.png\",\"contentUrl\":\"https:\\\/\\\/localtrekkersperu.com\\\/wp-content\\\/uploads\\\/2024\\\/08\\\/logo.png\",\"width\":411,\"height\":122,\"caption\":\"Local Trekkers Peru\"},\"image\":{\"@id\":\"https:\\\/\\\/localtrekkersperu.com\\\/es\\\/#\\\/schema\\\/logo\\\/image\\\/\"}}]}<\/script>\n<!-- \/ Yoast SEO Premium plugin. -->","yoast_head_json":{"title":"Local Trekkers Peru | Camino Inca Machu Picchu 2026","description":"Local Trekkers Per\u00fa es una empresa l\u00edder en tours en Per\u00fa. Adem\u00e1s, somos un operador tur\u00edstico 100% local con sede en Cusco. Especialistas en tours al Camino Inca, Salkantay Trek y Machu Picchu.","robots":{"index":"index","follow":"follow","max-snippet":"max-snippet:-1","max-image-preview":"max-image-preview:large","max-video-preview":"max-video-preview:-1"},"canonical":"https:\/\/localtrekkersperu.com\/es\/","og_locale":"es_ES","og_type":"article","og_title":"Inicio","og_description":"Local Trekkers Per\u00fa es una empresa l\u00edder en tours en Per\u00fa. Adem\u00e1s, somos un operador tur\u00edstico 100% local con sede en Cusco. Especialistas en tours al Camino Inca, Salkantay Trek y Machu Picchu.","og_url":"https:\/\/localtrekkersperu.com\/es\/","og_site_name":"Local Trekkers Peru","article_modified_time":"2026-02-06T23:05:38+00:00","og_image":[{"width":607,"height":359,"url":"https:\/\/localtrekkersperu.com\/wp-content\/uploads\/2024\/08\/team-localtrekksperu.jpg","type":"image\/jpeg"}],"twitter_card":"summary_large_image","twitter_misc":{"Tiempo de lectura":"1 minuto"},"schema":{"@context":"https:\/\/schema.org","@graph":[{"@type":"WebPage","@id":"https:\/\/localtrekkersperu.com\/es\/","url":"https:\/\/localtrekkersperu.com\/es\/","name":"Local Trekkers Peru | Camino Inca Machu Picchu 2026","isPartOf":{"@id":"https:\/\/localtrekkersperu.com\/es\/#website"},"primaryImageOfPage":{"@id":"https:\/\/localtrekkersperu.com\/es\/#primaryimage"},"image":{"@id":"https:\/\/localtrekkersperu.com\/es\/#primaryimage"},"thumbnailUrl":"https:\/\/localtrekkersperu.com\/wp-content\/uploads\/2024\/08\/team-localtrekksperu.jpg","datePublished":"2024-08-27T03:00:09+00:00","dateModified":"2026-02-06T23:05:38+00:00","description":"Local Trekkers Per\u00fa es una empresa l\u00edder en tours en Per\u00fa. Adem\u00e1s, somos un operador tur\u00edstico 100% local con sede en Cusco. Especialistas en tours al Camino Inca, Salkantay Trek y Machu Picchu.","breadcrumb":{"@id":"https:\/\/localtrekkersperu.com\/es\/#breadcrumb"},"inLanguage":"es","potentialAction":[{"@type":"ReadAction","target":["https:\/\/localtrekkersperu.com\/es\/"]}]},{"@type":"ImageObject","inLanguage":"es","@id":"https:\/\/localtrekkersperu.com\/es\/#primaryimage","url":"https:\/\/localtrekkersperu.com\/wp-content\/uploads\/2024\/08\/team-localtrekksperu.jpg","contentUrl":"https:\/\/localtrekkersperu.com\/wp-content\/uploads\/2024\/08\/team-localtrekksperu.jpg"},{"@type":"BreadcrumbList","@id":"https:\/\/localtrekkersperu.com\/es\/#breadcrumb","itemListElement":[{"@type":"ListItem","position":1,"name":"Home","item":"https:\/\/localtrekkersperu.com\/es\/"},{"@type":"ListItem","position":2,"name":"Inicio"}]},{"@type":"WebSite","@id":"https:\/\/localtrekkersperu.com\/es\/#website","url":"https:\/\/localtrekkersperu.com\/es\/","name":"Local Trekkers Peru","description":"","publisher":{"@id":"https:\/\/localtrekkersperu.com\/es\/#organization"},"potentialAction":[{"@type":"SearchAction","target":{"@type":"EntryPoint","urlTemplate":"https:\/\/localtrekkersperu.com\/es\/?s={search_term_string}"},"query-input":{"@type":"PropertyValueSpecification","valueRequired":true,"valueName":"search_term_string"}}],"inLanguage":"es"},{"@type":"Organization","@id":"https:\/\/localtrekkersperu.com\/es\/#organization","name":"Local Trekkers Peru","url":"https:\/\/localtrekkersperu.com\/es\/","logo":{"@type":"ImageObject","inLanguage":"es","@id":"https:\/\/localtrekkersperu.com\/es\/#\/schema\/logo\/image\/","url":"https:\/\/localtrekkersperu.com\/wp-content\/uploads\/2024\/08\/logo.png","contentUrl":"https:\/\/localtrekkersperu.com\/wp-content\/uploads\/2024\/08\/logo.png","width":411,"height":122,"caption":"Local Trekkers Peru"},"image":{"@id":"https:\/\/localtrekkersperu.com\/es\/#\/schema\/logo\/image\/"}}]}},"coauthors":[],"author_meta":{"author_link":"https:\/\/localtrekkersperu.com\/es\/author\/admin_local\/","display_name":"admin_local"},"relative_dates":{"created":"Publicado 2 a\u00f1os hace","modified":"Actualizado 3 meses hace"},"absolute_dates":{"created":"Publicado el agosto 27, 2024","modified":"Actualizado el febrero 6, 2026"},"absolute_dates_time":{"created":"Publicado el agosto 27, 2024 3:00 am","modified":"Actualizado el febrero 6, 2026 11:05 pm"},"featured_img_caption":"","featured_img":false,"series_order":"","_links":{"self":[{"href":"https:\/\/localtrekkersperu.com\/es\/wp-json\/wp\/v2\/pages\/86","targetHints":{"allow":["GET"]}}],"collection":[{"href":"https:\/\/localtrekkersperu.com\/es\/wp-json\/wp\/v2\/pages"}],"about":[{"href":"https:\/\/localtrekkersperu.com\/es\/wp-json\/wp\/v2\/types\/page"}],"author":[{"embeddable":true,"href":"https:\/\/localtrekkersperu.com\/es\/wp-json\/wp\/v2\/users\/1"}],"replies":[{"embeddable":true,"href":"https:\/\/localtrekkersperu.com\/es\/wp-json\/wp\/v2\/comments?post=86"}],"version-history":[{"count":1,"href":"https:\/\/localtrekkersperu.com\/es\/wp-json\/wp\/v2\/pages\/86\/revisions"}],"predecessor-version":[{"id":10829,"href":"https:\/\/localtrekkersperu.com\/es\/wp-json\/wp\/v2\/pages\/86\/revisions\/10829"}],"wp:attachment":[{"href":"https:\/\/localtrekkersperu.com\/es\/wp-json\/wp\/v2\/media?parent=86"}],"curies":[{"name":"wp","href":"https:\/\/api.w.org\/{rel}","templated":true}]}}