{"id":2302,"date":"2024-10-07T02:40:23","date_gmt":"2024-10-07T02:40:23","guid":{"rendered":"https:\/\/localtrekkersperu.com\/guaranteed-lifetime-experience\/"},"modified":"2024-10-15T13:48:56","modified_gmt":"2024-10-15T13:48:56","slug":"experiencia-garantizada-de-por-vida","status":"publish","type":"page","link":"https:\/\/localtrekkersperu.com\/es\/experiencia-garantizada-de-por-vida\/","title":{"rendered":"Experiencia Garantizada de por Vida"},"content":{"rendered":"\n<p>Local Trekkers Per\u00fa tiene est\u00e1ndares internacionales de calidad y medio ambiente, estamos muy contentos de tener gu\u00edas certificados con un profundo conocimiento de la cultura de nuestros antepasados los Incas y la magia de la Amazon\u00eda peruana, con un carisma contagioso. Nuestros cocineros est\u00e1n constantemente formados para proporcionar cualquier tipo de comida elegida por nuestros clientes, como vegetariana, vegana, sin gluten, pesquetaria, etc. Son m\u00e1s que simples cocineros, son verdaderos chefs, capaces de preparar los platos m\u00e1s agradables en las diferentes rutas. En condiciones limitadas. Nuestros porteadores y cronometradores trabajan con energ\u00eda para satisfacer todas sus necesidades, nuestros conductores conducen con responsabilidad, respetando las normas de circulaci\u00f3n, los derechos de los dem\u00e1s y aplicando t\u00e9cnicas de conducci\u00f3n segura. Por \u00faltimo, nuestro personal de oficina responde a todas sus preguntas de manera oportuna y clara.<\/p>\n\n\n\n<p>Todo el equipo de Local Trekkers Per\u00fa est\u00e1 capacitado y certificado en primeros auxilios, salvaguardando la salud y la seguridad de ambos y lo m\u00e1s importante de nuestros clientes. Siendo nuestra prioridad Namber 1, en el manejo de los residuos s\u00f3lidos para ser aplicados en su vida diaria y en las diferentes rutas. Invertimos en el mejor equipo de acampada; tiendas Northface y Doite, siempre tenemos botellas de ox\u00edgeno, un botiqu\u00edn de primeros auxilios, colchones de aire Thermarest Airmattress, mantas, almohadas, bastones profesionales Black Diamond, etc. Estamos aqu\u00ed para satisfacer todas sus necesidades, con el objetivo de lograr la total satisfacci\u00f3n del cliente.<\/p>\n\n\n\n<figure class=\"wp-block-gallery has-nested-images columns-default is-cropped wp-block-gallery-1 is-layout-flex wp-block-gallery-is-layout-flex\">\n<figure class=\"wp-block-image size-large\"><img loading=\"lazy\" decoding=\"async\" width=\"900\" height=\"670\" data-id=\"1586\" src=\"https:\/\/localtrekkersperu.com\/wp-content\/uploads\/2024\/10\/Ausangate-TripAdvisor-Local-Trekkers-Peru.webp\" alt=\"\" class=\"wp-image-1586\" srcset=\"https:\/\/localtrekkersperu.com\/wp-content\/uploads\/2024\/10\/Ausangate-TripAdvisor-Local-Trekkers-Peru.webp 900w, https:\/\/localtrekkersperu.com\/wp-content\/uploads\/2024\/10\/Ausangate-TripAdvisor-Local-Trekkers-Peru-300x223.webp 300w, https:\/\/localtrekkersperu.com\/wp-content\/uploads\/2024\/10\/Ausangate-TripAdvisor-Local-Trekkers-Peru-768x572.webp 768w\" sizes=\"auto, (max-width: 900px) 100vw, 900px\" \/><\/figure>\n\n\n\n<figure class=\"wp-block-image size-large\"><img loading=\"lazy\" decoding=\"async\" width=\"900\" height=\"670\" data-id=\"1589\" src=\"https:\/\/localtrekkersperu.com\/wp-content\/uploads\/2024\/10\/Salkantay-Lake-humantay-Local-Trekkers-Peru.webp\" alt=\"\" class=\"wp-image-1589\" srcset=\"https:\/\/localtrekkersperu.com\/wp-content\/uploads\/2024\/10\/Salkantay-Lake-humantay-Local-Trekkers-Peru.webp 900w, https:\/\/localtrekkersperu.com\/wp-content\/uploads\/2024\/10\/Salkantay-Lake-humantay-Local-Trekkers-Peru-300x223.webp 300w, https:\/\/localtrekkersperu.com\/wp-content\/uploads\/2024\/10\/Salkantay-Lake-humantay-Local-Trekkers-Peru-768x572.webp 768w\" sizes=\"auto, (max-width: 900px) 100vw, 900px\" \/><\/figure>\n<\/figure>\n\n\n\n<h3 class=\"wp-block-heading\">PRIMEROS AUXILIOS<\/h3>\n\n\n\n<p>Local Trekkers Per\u00fa, tiene como prioridad, la seguridad de los clientes, por lo que es necesario e importante que nuestro personal est\u00e9 capacitado en primeros auxilios. Esta formaci\u00f3n es impartida por la Municipalidad de Cusco y la Cruz Roja Peruana, adquiriendo amplios conocimientos te\u00f3rico-pr\u00e1cticos. Al final de la actividad, recibimos un certificado.<\/p>\n\n\n\n<p>\u00bfPor qu\u00e9 es importante que el personal de Local Trekkers Per\u00fa tenga conocimientos de primeros auxilios?<\/p>\n\n\n\n<p>Es muy \u00fatil para nuestro personal saber qu\u00e9 hacer en caso de emergencia durante el viaje, lo que les permite dar apoyo primario, por ejemplo a las siguientes situaciones Asfixia, reanimaci\u00f3n cardiopulmonar, entre otros, porque nadie est\u00e1 a salvo de un evento, por eso es tan importante saber qu\u00e9 hacer y qu\u00e9 no hacer, para tener la confianza y seguridad de ayudar a alguien, y aliviar el sufrimiento, al menos en ese momento.<\/p>\n\n\n\n<h2 class=\"wp-block-heading\">FORMACI\u00d3N EN PRIMEROS AUXILIOS PARA EL EQUIPO LOCAL DE TREKKERS PERU<\/h2>\n\n\n\n<figure class=\"wp-block-gallery has-nested-images columns-3 is-cropped wp-block-gallery-2 is-layout-flex wp-block-gallery-is-layout-flex\">\n<figure class=\"wp-block-image size-large\"><img loading=\"lazy\" decoding=\"async\" width=\"800\" height=\"500\" data-id=\"1592\" src=\"https:\/\/localtrekkersperu.com\/wp-content\/uploads\/2024\/10\/Primeros-Auxilios-Cruz-Roja-Local-Trekkers-Peru_1-1.webp\" alt=\"\" class=\"wp-image-1592\" srcset=\"https:\/\/localtrekkersperu.com\/wp-content\/uploads\/2024\/10\/Primeros-Auxilios-Cruz-Roja-Local-Trekkers-Peru_1-1.webp 800w, https:\/\/localtrekkersperu.com\/wp-content\/uploads\/2024\/10\/Primeros-Auxilios-Cruz-Roja-Local-Trekkers-Peru_1-1-300x188.webp 300w, https:\/\/localtrekkersperu.com\/wp-content\/uploads\/2024\/10\/Primeros-Auxilios-Cruz-Roja-Local-Trekkers-Peru_1-1-768x480.webp 768w\" sizes=\"auto, (max-width: 800px) 100vw, 800px\" \/><\/figure>\n\n\n\n<figure class=\"wp-block-image size-large\"><img loading=\"lazy\" decoding=\"async\" width=\"800\" height=\"500\" data-id=\"1595\" src=\"https:\/\/localtrekkersperu.com\/wp-content\/uploads\/2024\/10\/Primeros-Auxilios-Cruz-Roja-Local-Trekkers-Peru_1-2.webp\" alt=\"\" class=\"wp-image-1595\" srcset=\"https:\/\/localtrekkersperu.com\/wp-content\/uploads\/2024\/10\/Primeros-Auxilios-Cruz-Roja-Local-Trekkers-Peru_1-2.webp 800w, https:\/\/localtrekkersperu.com\/wp-content\/uploads\/2024\/10\/Primeros-Auxilios-Cruz-Roja-Local-Trekkers-Peru_1-2-300x188.webp 300w, https:\/\/localtrekkersperu.com\/wp-content\/uploads\/2024\/10\/Primeros-Auxilios-Cruz-Roja-Local-Trekkers-Peru_1-2-768x480.webp 768w\" sizes=\"auto, (max-width: 800px) 100vw, 800px\" \/><\/figure>\n\n\n\n<figure class=\"wp-block-image size-large\"><img loading=\"lazy\" decoding=\"async\" width=\"800\" height=\"500\" data-id=\"1598\" src=\"https:\/\/localtrekkersperu.com\/wp-content\/uploads\/2024\/10\/Primeros-Auxilios-Cruz-Roja-Local-Trekkers-Peru_1-3.webp\" alt=\"\" class=\"wp-image-1598\" srcset=\"https:\/\/localtrekkersperu.com\/wp-content\/uploads\/2024\/10\/Primeros-Auxilios-Cruz-Roja-Local-Trekkers-Peru_1-3.webp 800w, https:\/\/localtrekkersperu.com\/wp-content\/uploads\/2024\/10\/Primeros-Auxilios-Cruz-Roja-Local-Trekkers-Peru_1-3-300x188.webp 300w, https:\/\/localtrekkersperu.com\/wp-content\/uploads\/2024\/10\/Primeros-Auxilios-Cruz-Roja-Local-Trekkers-Peru_1-3-768x480.webp 768w\" sizes=\"auto, (max-width: 800px) 100vw, 800px\" \/><\/figure>\n\n\n\n<figure class=\"wp-block-image size-large\"><img loading=\"lazy\" decoding=\"async\" width=\"800\" height=\"500\" data-id=\"1601\" src=\"https:\/\/localtrekkersperu.com\/wp-content\/uploads\/2024\/10\/Primeros-Auxilios-Cruz-Roja-Local-Trekkers-Peru_1-4.webp\" alt=\"\" class=\"wp-image-1601\" srcset=\"https:\/\/localtrekkersperu.com\/wp-content\/uploads\/2024\/10\/Primeros-Auxilios-Cruz-Roja-Local-Trekkers-Peru_1-4.webp 800w, https:\/\/localtrekkersperu.com\/wp-content\/uploads\/2024\/10\/Primeros-Auxilios-Cruz-Roja-Local-Trekkers-Peru_1-4-300x188.webp 300w, https:\/\/localtrekkersperu.com\/wp-content\/uploads\/2024\/10\/Primeros-Auxilios-Cruz-Roja-Local-Trekkers-Peru_1-4-768x480.webp 768w\" sizes=\"auto, (max-width: 800px) 100vw, 800px\" \/><\/figure>\n\n\n\n<figure class=\"wp-block-image size-large\"><img loading=\"lazy\" decoding=\"async\" width=\"800\" height=\"500\" data-id=\"1604\" src=\"https:\/\/localtrekkersperu.com\/wp-content\/uploads\/2024\/10\/Primeros-Auxilios-Cruz-Roja-Local-Trekkers-Peru_1-5.webp\" alt=\"\" class=\"wp-image-1604\" srcset=\"https:\/\/localtrekkersperu.com\/wp-content\/uploads\/2024\/10\/Primeros-Auxilios-Cruz-Roja-Local-Trekkers-Peru_1-5.webp 800w, https:\/\/localtrekkersperu.com\/wp-content\/uploads\/2024\/10\/Primeros-Auxilios-Cruz-Roja-Local-Trekkers-Peru_1-5-300x188.webp 300w, https:\/\/localtrekkersperu.com\/wp-content\/uploads\/2024\/10\/Primeros-Auxilios-Cruz-Roja-Local-Trekkers-Peru_1-5-768x480.webp 768w\" sizes=\"auto, (max-width: 800px) 100vw, 800px\" \/><\/figure>\n\n\n\n<figure class=\"wp-block-image size-large\"><img loading=\"lazy\" decoding=\"async\" width=\"800\" height=\"500\" data-id=\"1607\" src=\"https:\/\/localtrekkersperu.com\/wp-content\/uploads\/2024\/10\/Primeros-Auxilios-Cruz-Roja-Local-Trekkers-Peru_1-6.webp\" alt=\"\" class=\"wp-image-1607\" srcset=\"https:\/\/localtrekkersperu.com\/wp-content\/uploads\/2024\/10\/Primeros-Auxilios-Cruz-Roja-Local-Trekkers-Peru_1-6.webp 800w, https:\/\/localtrekkersperu.com\/wp-content\/uploads\/2024\/10\/Primeros-Auxilios-Cruz-Roja-Local-Trekkers-Peru_1-6-300x188.webp 300w, https:\/\/localtrekkersperu.com\/wp-content\/uploads\/2024\/10\/Primeros-Auxilios-Cruz-Roja-Local-Trekkers-Peru_1-6-768x480.webp 768w\" sizes=\"auto, (max-width: 800px) 100vw, 800px\" \/><\/figure>\n<\/figure>\n\n\n\n<h3 class=\"wp-block-heading\">RESIDUOS S\u00d3LIDOS<\/h3>\n\n\n\n<p>Como resultado del programa de capacitaci\u00f3n de la empresa, la Municipalidad de Cusco, a trav\u00e9s de su Departamento de Gesti\u00f3n de Residuos S\u00f3lidos, est\u00e1 ofreciendo la charla titulada (Segregaci\u00f3n de Residuos S\u00f3lidos para ser Reutilizados), al personal de Local Trekkers Per\u00fa, que es una de las t\u00e9cnicas m\u00e1s simples y \u00fatiles que las personas pueden realizar para ayudar a limitar la presencia de residuos en el medio ambiente. En la actualidad, los problemas relacionados con el mantenimiento del medio ambiente y el cambio clim\u00e1tico que se deriva de su descuido, precisamente, pretenden plantear la necesidad de modificar actitudes, pr\u00e1cticas y metodolog\u00edas de consumo y comportamiento que s\u00f3lo generan un gran desgaste del espacio f\u00edsico, pero tambi\u00e9n, y sobre todo, un alto nivel de contaminaci\u00f3n debido a que las sociedades (especialmente las urbanas) generan residuos en una cantidad casi infinita sin tener en cuenta las pol\u00edticas de reciclaje. La separaci\u00f3n de residuos parece ser una t\u00e9cnica importante e interesante para ayudar a contrarrestar esta situaci\u00f3n. Por ello, los trekkers locales de Per\u00fa y el personal contribuyen a mitigar este gran problema, poni\u00e9ndolo en pr\u00e1ctica durante las caminatas y en nuestra vida diaria.<\/p>\n\n\n\n<p>Tenemos un calendario de limpieza durante el a\u00f1o en los caminos de los Andes y la selva peruana:<\/p>\n\n\n\n<p>ALBERTO ALONSO VALDERRAMA SANDOVAL, Propietario de Local Trekkers Per\u00fa.<\/p>\n\n\n\n<p>Alberto organiza las salidas en las fechas previstas, donde participa todo el personal, llevamos bolsas de pl\u00e1stico grandes biodegradables, equipos de protecci\u00f3n personal como, zapatos con punta de acero, guantes, protectores bucales. Local Trekkers Per\u00fa proporciona este equipo para proteger la salud de sus empleados.<\/p>\n","protected":false},"excerpt":{"rendered":"<p>Local Trekkers Per\u00fa tiene est\u00e1ndares internacionales de calidad y medio ambiente, estamos muy contentos de tener gu\u00eda&#8230;<\/p>\n","protected":false},"author":1,"featured_media":0,"parent":0,"menu_order":0,"comment_status":"closed","ping_status":"closed","template":"","meta":{"_acf_changed":false,"advgb_blocks_editor_width":"","advgb_blocks_columns_visual_guide":"","footnotes":""},"class_list":["post-2302","page","type-page","status-publish","hentry"],"acf":[],"yoast_head":"<!-- This site is optimized with the Yoast SEO Premium plugin v25.2 (Yoast SEO v27.4) - https:\/\/yoast.com\/product\/yoast-seo-premium-wordpress\/ -->\n<title>Experiencia Garantizada de por Vida - Local Trekkers Peru<\/title>\n<meta name=\"robots\" content=\"index, follow, max-snippet:-1, max-image-preview:large, max-video-preview:-1\" \/>\n<link rel=\"canonical\" href=\"https:\/\/localtrekkersperu.com\/es\/experiencia-garantizada-de-por-vida\/\" \/>\n<meta property=\"og:locale\" content=\"es_ES\" \/>\n<meta property=\"og:type\" content=\"article\" \/>\n<meta property=\"og:title\" content=\"Experiencia Garantizada de por Vida\" \/>\n<meta property=\"og:description\" content=\"Local Trekkers Per\u00fa tiene est\u00e1ndares internacionales de calidad y medio ambiente, estamos muy contentos de tener gu\u00eda...\" \/>\n<meta property=\"og:url\" content=\"https:\/\/localtrekkersperu.com\/es\/experiencia-garantizada-de-por-vida\/\" \/>\n<meta property=\"og:site_name\" content=\"Local Trekkers Peru\" \/>\n<meta property=\"article:modified_time\" content=\"2024-10-15T13:48:56+00:00\" \/>\n<meta property=\"og:image\" content=\"https:\/\/localtrekkersperu.com\/wp-content\/uploads\/2024\/10\/Ausangate-TripAdvisor-Local-Trekkers-Peru.webp\" \/>\n\t<meta property=\"og:image:width\" content=\"900\" \/>\n\t<meta property=\"og:image:height\" content=\"670\" \/>\n\t<meta property=\"og:image:type\" content=\"image\/webp\" \/>\n<meta name=\"twitter:card\" content=\"summary_large_image\" \/>\n<meta name=\"twitter:label1\" content=\"Tiempo de lectura\" \/>\n\t<meta name=\"twitter:data1\" content=\"5 minutos\" \/>\n<script type=\"application\/ld+json\" class=\"yoast-schema-graph\">{\"@context\":\"https:\\\/\\\/schema.org\",\"@graph\":[{\"@type\":\"WebPage\",\"@id\":\"https:\\\/\\\/localtrekkersperu.com\\\/es\\\/experiencia-garantizada-de-por-vida\\\/\",\"url\":\"https:\\\/\\\/localtrekkersperu.com\\\/es\\\/experiencia-garantizada-de-por-vida\\\/\",\"name\":\"Experiencia Garantizada de por Vida - Local Trekkers Peru\",\"isPartOf\":{\"@id\":\"https:\\\/\\\/localtrekkersperu.com\\\/es\\\/#website\"},\"primaryImageOfPage\":{\"@id\":\"https:\\\/\\\/localtrekkersperu.com\\\/es\\\/experiencia-garantizada-de-por-vida\\\/#primaryimage\"},\"image\":{\"@id\":\"https:\\\/\\\/localtrekkersperu.com\\\/es\\\/experiencia-garantizada-de-por-vida\\\/#primaryimage\"},\"thumbnailUrl\":\"https:\\\/\\\/localtrekkersperu.com\\\/wp-content\\\/uploads\\\/2024\\\/10\\\/Ausangate-TripAdvisor-Local-Trekkers-Peru.webp\",\"datePublished\":\"2024-10-07T02:40:23+00:00\",\"dateModified\":\"2024-10-15T13:48:56+00:00\",\"breadcrumb\":{\"@id\":\"https:\\\/\\\/localtrekkersperu.com\\\/es\\\/experiencia-garantizada-de-por-vida\\\/#breadcrumb\"},\"inLanguage\":\"es\",\"potentialAction\":[{\"@type\":\"ReadAction\",\"target\":[\"https:\\\/\\\/localtrekkersperu.com\\\/es\\\/experiencia-garantizada-de-por-vida\\\/\"]}]},{\"@type\":\"ImageObject\",\"inLanguage\":\"es\",\"@id\":\"https:\\\/\\\/localtrekkersperu.com\\\/es\\\/experiencia-garantizada-de-por-vida\\\/#primaryimage\",\"url\":\"https:\\\/\\\/localtrekkersperu.com\\\/wp-content\\\/uploads\\\/2024\\\/10\\\/Ausangate-TripAdvisor-Local-Trekkers-Peru.webp\",\"contentUrl\":\"https:\\\/\\\/localtrekkersperu.com\\\/wp-content\\\/uploads\\\/2024\\\/10\\\/Ausangate-TripAdvisor-Local-Trekkers-Peru.webp\"},{\"@type\":\"BreadcrumbList\",\"@id\":\"https:\\\/\\\/localtrekkersperu.com\\\/es\\\/experiencia-garantizada-de-por-vida\\\/#breadcrumb\",\"itemListElement\":[{\"@type\":\"ListItem\",\"position\":1,\"name\":\"Home\",\"item\":\"https:\\\/\\\/localtrekkersperu.com\\\/es\\\/\"},{\"@type\":\"ListItem\",\"position\":2,\"name\":\"Experiencia Garantizada de por Vida\"}]},{\"@type\":\"WebSite\",\"@id\":\"https:\\\/\\\/localtrekkersperu.com\\\/es\\\/#website\",\"url\":\"https:\\\/\\\/localtrekkersperu.com\\\/es\\\/\",\"name\":\"Local Trekkers Peru\",\"description\":\"\",\"publisher\":{\"@id\":\"https:\\\/\\\/localtrekkersperu.com\\\/es\\\/#organization\"},\"potentialAction\":[{\"@type\":\"SearchAction\",\"target\":{\"@type\":\"EntryPoint\",\"urlTemplate\":\"https:\\\/\\\/localtrekkersperu.com\\\/es\\\/?s={search_term_string}\"},\"query-input\":{\"@type\":\"PropertyValueSpecification\",\"valueRequired\":true,\"valueName\":\"search_term_string\"}}],\"inLanguage\":\"es\"},{\"@type\":\"Organization\",\"@id\":\"https:\\\/\\\/localtrekkersperu.com\\\/es\\\/#organization\",\"name\":\"Local Trekkers Peru\",\"url\":\"https:\\\/\\\/localtrekkersperu.com\\\/es\\\/\",\"logo\":{\"@type\":\"ImageObject\",\"inLanguage\":\"es\",\"@id\":\"https:\\\/\\\/localtrekkersperu.com\\\/es\\\/#\\\/schema\\\/logo\\\/image\\\/\",\"url\":\"https:\\\/\\\/localtrekkersperu.com\\\/wp-content\\\/uploads\\\/2024\\\/08\\\/logo.png\",\"contentUrl\":\"https:\\\/\\\/localtrekkersperu.com\\\/wp-content\\\/uploads\\\/2024\\\/08\\\/logo.png\",\"width\":411,\"height\":122,\"caption\":\"Local Trekkers Peru\"},\"image\":{\"@id\":\"https:\\\/\\\/localtrekkersperu.com\\\/es\\\/#\\\/schema\\\/logo\\\/image\\\/\"}}]}<\/script>\n<!-- \/ Yoast SEO Premium plugin. -->","yoast_head_json":{"title":"Experiencia Garantizada de por Vida - Local Trekkers Peru","robots":{"index":"index","follow":"follow","max-snippet":"max-snippet:-1","max-image-preview":"max-image-preview:large","max-video-preview":"max-video-preview:-1"},"canonical":"https:\/\/localtrekkersperu.com\/es\/experiencia-garantizada-de-por-vida\/","og_locale":"es_ES","og_type":"article","og_title":"Experiencia Garantizada de por Vida","og_description":"Local Trekkers Per\u00fa tiene est\u00e1ndares internacionales de calidad y medio ambiente, estamos muy contentos de tener gu\u00eda...","og_url":"https:\/\/localtrekkersperu.com\/es\/experiencia-garantizada-de-por-vida\/","og_site_name":"Local Trekkers Peru","article_modified_time":"2024-10-15T13:48:56+00:00","og_image":[{"width":900,"height":670,"url":"https:\/\/localtrekkersperu.com\/wp-content\/uploads\/2024\/10\/Ausangate-TripAdvisor-Local-Trekkers-Peru.webp","type":"image\/webp"}],"twitter_card":"summary_large_image","twitter_misc":{"Tiempo de lectura":"5 minutos"},"schema":{"@context":"https:\/\/schema.org","@graph":[{"@type":"WebPage","@id":"https:\/\/localtrekkersperu.com\/es\/experiencia-garantizada-de-por-vida\/","url":"https:\/\/localtrekkersperu.com\/es\/experiencia-garantizada-de-por-vida\/","name":"Experiencia Garantizada de por Vida - Local Trekkers Peru","isPartOf":{"@id":"https:\/\/localtrekkersperu.com\/es\/#website"},"primaryImageOfPage":{"@id":"https:\/\/localtrekkersperu.com\/es\/experiencia-garantizada-de-por-vida\/#primaryimage"},"image":{"@id":"https:\/\/localtrekkersperu.com\/es\/experiencia-garantizada-de-por-vida\/#primaryimage"},"thumbnailUrl":"https:\/\/localtrekkersperu.com\/wp-content\/uploads\/2024\/10\/Ausangate-TripAdvisor-Local-Trekkers-Peru.webp","datePublished":"2024-10-07T02:40:23+00:00","dateModified":"2024-10-15T13:48:56+00:00","breadcrumb":{"@id":"https:\/\/localtrekkersperu.com\/es\/experiencia-garantizada-de-por-vida\/#breadcrumb"},"inLanguage":"es","potentialAction":[{"@type":"ReadAction","target":["https:\/\/localtrekkersperu.com\/es\/experiencia-garantizada-de-por-vida\/"]}]},{"@type":"ImageObject","inLanguage":"es","@id":"https:\/\/localtrekkersperu.com\/es\/experiencia-garantizada-de-por-vida\/#primaryimage","url":"https:\/\/localtrekkersperu.com\/wp-content\/uploads\/2024\/10\/Ausangate-TripAdvisor-Local-Trekkers-Peru.webp","contentUrl":"https:\/\/localtrekkersperu.com\/wp-content\/uploads\/2024\/10\/Ausangate-TripAdvisor-Local-Trekkers-Peru.webp"},{"@type":"BreadcrumbList","@id":"https:\/\/localtrekkersperu.com\/es\/experiencia-garantizada-de-por-vida\/#breadcrumb","itemListElement":[{"@type":"ListItem","position":1,"name":"Home","item":"https:\/\/localtrekkersperu.com\/es\/"},{"@type":"ListItem","position":2,"name":"Experiencia Garantizada de por Vida"}]},{"@type":"WebSite","@id":"https:\/\/localtrekkersperu.com\/es\/#website","url":"https:\/\/localtrekkersperu.com\/es\/","name":"Local Trekkers Peru","description":"","publisher":{"@id":"https:\/\/localtrekkersperu.com\/es\/#organization"},"potentialAction":[{"@type":"SearchAction","target":{"@type":"EntryPoint","urlTemplate":"https:\/\/localtrekkersperu.com\/es\/?s={search_term_string}"},"query-input":{"@type":"PropertyValueSpecification","valueRequired":true,"valueName":"search_term_string"}}],"inLanguage":"es"},{"@type":"Organization","@id":"https:\/\/localtrekkersperu.com\/es\/#organization","name":"Local Trekkers Peru","url":"https:\/\/localtrekkersperu.com\/es\/","logo":{"@type":"ImageObject","inLanguage":"es","@id":"https:\/\/localtrekkersperu.com\/es\/#\/schema\/logo\/image\/","url":"https:\/\/localtrekkersperu.com\/wp-content\/uploads\/2024\/08\/logo.png","contentUrl":"https:\/\/localtrekkersperu.com\/wp-content\/uploads\/2024\/08\/logo.png","width":411,"height":122,"caption":"Local Trekkers Peru"},"image":{"@id":"https:\/\/localtrekkersperu.com\/es\/#\/schema\/logo\/image\/"}}]}},"coauthors":[],"author_meta":{"author_link":"https:\/\/localtrekkersperu.com\/es\/author\/admin_local\/","display_name":"admin_local"},"relative_dates":{"created":"Publicado 2 a\u00f1os hace","modified":"Actualizado 2 a\u00f1os hace"},"absolute_dates":{"created":"Publicado el octubre 7, 2024","modified":"Actualizado el octubre 15, 2024"},"absolute_dates_time":{"created":"Publicado el octubre 7, 2024 2:40 am","modified":"Actualizado el octubre 15, 2024 1:48 pm"},"featured_img_caption":"","featured_img":false,"series_order":"","_links":{"self":[{"href":"https:\/\/localtrekkersperu.com\/es\/wp-json\/wp\/v2\/pages\/2302","targetHints":{"allow":["GET"]}}],"collection":[{"href":"https:\/\/localtrekkersperu.com\/es\/wp-json\/wp\/v2\/pages"}],"about":[{"href":"https:\/\/localtrekkersperu.com\/es\/wp-json\/wp\/v2\/types\/page"}],"author":[{"embeddable":true,"href":"https:\/\/localtrekkersperu.com\/es\/wp-json\/wp\/v2\/users\/1"}],"replies":[{"embeddable":true,"href":"https:\/\/localtrekkersperu.com\/es\/wp-json\/wp\/v2\/comments?post=2302"}],"version-history":[{"count":0,"href":"https:\/\/localtrekkersperu.com\/es\/wp-json\/wp\/v2\/pages\/2302\/revisions"}],"wp:attachment":[{"href":"https:\/\/localtrekkersperu.com\/es\/wp-json\/wp\/v2\/media?parent=2302"}],"curies":[{"name":"wp","href":"https:\/\/api.w.org\/{rel}","templated":true}]}}