{"id":2300,"date":"2024-10-07T02:28:27","date_gmt":"2024-10-07T02:28:27","guid":{"rendered":"https:\/\/localtrekkersperu.com\/licenses-authorizations\/"},"modified":"2024-10-14T01:15:17","modified_gmt":"2024-10-14T01:15:17","slug":"licencias-autorizaciones","status":"publish","type":"page","link":"https:\/\/localtrekkersperu.com\/es\/licencias-autorizaciones\/","title":{"rendered":"Licencias y Autorizaciones"},"content":{"rendered":"\n<p>Somos una empresa tour operadora 100% peruana, al hacer clic mostramos todas las licencias pertinentes obtenidas del Gobierno Peruano y las autoridades de Turismo, cumpliendo as\u00ed con todas las leyes del Per\u00fa, incluyendo el pago de los impuestos correspondientes, las autorizaciones nos certifican como una empresa legalmente constituida, donde usted sabe que est\u00e1 en buenas manos, asegur\u00e1ndole unas vacaciones verdaderamente \u00fanicas que recordar\u00e1 por el resto de su vida.<\/p>\n\n\n\n<figure class=\"wp-block-gallery has-nested-images columns-4 is-cropped wp-block-gallery-1 is-layout-flex wp-block-gallery-is-layout-flex\">\n<figure class=\"wp-block-image size-large\"><a href=\"https:\/\/localtrekkersperu.com\/wp-content\/uploads\/2024\/10\/licence-1.webp\"><img loading=\"lazy\" decoding=\"async\" width=\"698\" height=\"1024\" data-id=\"1505\" src=\"https:\/\/localtrekkersperu.com\/wp-content\/uploads\/2024\/10\/licence-1-698x1024.webp\" alt=\"\" class=\"wp-image-1505\" srcset=\"https:\/\/localtrekkersperu.com\/wp-content\/uploads\/2024\/10\/licence-1-698x1024.webp 698w, https:\/\/localtrekkersperu.com\/wp-content\/uploads\/2024\/10\/licence-1-205x300.webp 205w, https:\/\/localtrekkersperu.com\/wp-content\/uploads\/2024\/10\/licence-1.webp 750w\" sizes=\"auto, (max-width: 698px) 100vw, 698px\" \/><\/a><\/figure>\n\n\n\n<figure class=\"wp-block-image size-large\"><a href=\"https:\/\/localtrekkersperu.com\/wp-content\/uploads\/2024\/10\/licence-2.webp\"><img loading=\"lazy\" decoding=\"async\" width=\"698\" height=\"1024\" data-id=\"1508\" src=\"https:\/\/localtrekkersperu.com\/wp-content\/uploads\/2024\/10\/licence-2-698x1024.webp\" alt=\"\" class=\"wp-image-1508\" srcset=\"https:\/\/localtrekkersperu.com\/wp-content\/uploads\/2024\/10\/licence-2-698x1024.webp 698w, https:\/\/localtrekkersperu.com\/wp-content\/uploads\/2024\/10\/licence-2-205x300.webp 205w, https:\/\/localtrekkersperu.com\/wp-content\/uploads\/2024\/10\/licence-2.webp 750w\" sizes=\"auto, (max-width: 698px) 100vw, 698px\" \/><\/a><\/figure>\n\n\n\n<figure class=\"wp-block-image size-large\"><a href=\"https:\/\/localtrekkersperu.com\/wp-content\/uploads\/2024\/10\/licence-3.webp\"><img loading=\"lazy\" decoding=\"async\" width=\"698\" height=\"1024\" data-id=\"1511\" src=\"https:\/\/localtrekkersperu.com\/wp-content\/uploads\/2024\/10\/licence-3-698x1024.webp\" alt=\"\" class=\"wp-image-1511\" srcset=\"https:\/\/localtrekkersperu.com\/wp-content\/uploads\/2024\/10\/licence-3-698x1024.webp 698w, https:\/\/localtrekkersperu.com\/wp-content\/uploads\/2024\/10\/licence-3-205x300.webp 205w, https:\/\/localtrekkersperu.com\/wp-content\/uploads\/2024\/10\/licence-3.webp 750w\" sizes=\"auto, (max-width: 698px) 100vw, 698px\" \/><\/a><\/figure>\n\n\n\n<figure class=\"wp-block-image size-large\"><a href=\"https:\/\/localtrekkersperu.com\/wp-content\/uploads\/2024\/10\/licence-4.webp\"><img loading=\"lazy\" decoding=\"async\" width=\"698\" height=\"1024\" data-id=\"1514\" src=\"https:\/\/localtrekkersperu.com\/wp-content\/uploads\/2024\/10\/licence-4-698x1024.webp\" alt=\"\" class=\"wp-image-1514\" srcset=\"https:\/\/localtrekkersperu.com\/wp-content\/uploads\/2024\/10\/licence-4-698x1024.webp 698w, https:\/\/localtrekkersperu.com\/wp-content\/uploads\/2024\/10\/licence-4-205x300.webp 205w, https:\/\/localtrekkersperu.com\/wp-content\/uploads\/2024\/10\/licence-4.webp 750w\" sizes=\"auto, (max-width: 698px) 100vw, 698px\" \/><\/a><\/figure>\n<\/figure>\n\n\n\n<p><\/p>\n","protected":false},"excerpt":{"rendered":"<p>Somos una empresa tour operadora 100% peruana, al hacer clic mostramos todas las licencias pertinentes obtenidas del Gob&#8230;<\/p>\n","protected":false},"author":1,"featured_media":7766,"parent":0,"menu_order":0,"comment_status":"closed","ping_status":"closed","template":"","meta":{"_acf_changed":false,"advgb_blocks_editor_width":"","advgb_blocks_columns_visual_guide":"","footnotes":""},"class_list":["post-2300","page","type-page","status-publish","has-post-thumbnail","hentry"],"acf":[],"yoast_head":"<!-- This site is optimized with the Yoast SEO Premium plugin v25.2 (Yoast SEO v27.3) - https:\/\/yoast.com\/product\/yoast-seo-premium-wordpress\/ -->\n<title>Licencias y Autorizaciones - Local Trekkers Peru<\/title>\n<meta name=\"robots\" content=\"index, follow, max-snippet:-1, max-image-preview:large, max-video-preview:-1\" \/>\n<link rel=\"canonical\" href=\"https:\/\/localtrekkersperu.com\/es\/licencias-autorizaciones\/\" \/>\n<meta property=\"og:locale\" content=\"es_ES\" \/>\n<meta property=\"og:type\" content=\"article\" \/>\n<meta property=\"og:title\" content=\"Licencias y Autorizaciones\" \/>\n<meta property=\"og:description\" content=\"Somos una empresa tour operadora 100% peruana, al hacer clic mostramos todas las licencias pertinentes obtenidas del Gob...\" \/>\n<meta property=\"og:url\" content=\"https:\/\/localtrekkersperu.com\/es\/licencias-autorizaciones\/\" \/>\n<meta property=\"og:site_name\" content=\"Local Trekkers Peru\" \/>\n<meta property=\"article:modified_time\" content=\"2024-10-14T01:15:17+00:00\" \/>\n<meta property=\"og:image\" content=\"https:\/\/localtrekkersperu.com\/wp-content\/uploads\/2024\/10\/licence-1.webp\" \/>\n\t<meta property=\"og:image:width\" content=\"750\" \/>\n\t<meta property=\"og:image:height\" content=\"1100\" \/>\n\t<meta property=\"og:image:type\" content=\"image\/webp\" \/>\n<meta name=\"twitter:card\" content=\"summary_large_image\" \/>\n<meta name=\"twitter:label1\" content=\"Tiempo de lectura\" \/>\n\t<meta name=\"twitter:data1\" content=\"2 minutos\" \/>\n<script type=\"application\/ld+json\" class=\"yoast-schema-graph\">{\"@context\":\"https:\\\/\\\/schema.org\",\"@graph\":[{\"@type\":\"WebPage\",\"@id\":\"https:\\\/\\\/localtrekkersperu.com\\\/es\\\/licencias-autorizaciones\\\/\",\"url\":\"https:\\\/\\\/localtrekkersperu.com\\\/es\\\/licencias-autorizaciones\\\/\",\"name\":\"Licencias y Autorizaciones - Local Trekkers Peru\",\"isPartOf\":{\"@id\":\"https:\\\/\\\/localtrekkersperu.com\\\/es\\\/#website\"},\"primaryImageOfPage\":{\"@id\":\"https:\\\/\\\/localtrekkersperu.com\\\/es\\\/licencias-autorizaciones\\\/#primaryimage\"},\"image\":{\"@id\":\"https:\\\/\\\/localtrekkersperu.com\\\/es\\\/licencias-autorizaciones\\\/#primaryimage\"},\"thumbnailUrl\":\"https:\\\/\\\/localtrekkersperu.com\\\/wp-content\\\/uploads\\\/2025\\\/07\\\/cusco.webp\",\"datePublished\":\"2024-10-07T02:28:27+00:00\",\"dateModified\":\"2024-10-14T01:15:17+00:00\",\"breadcrumb\":{\"@id\":\"https:\\\/\\\/localtrekkersperu.com\\\/es\\\/licencias-autorizaciones\\\/#breadcrumb\"},\"inLanguage\":\"es\",\"potentialAction\":[{\"@type\":\"ReadAction\",\"target\":[\"https:\\\/\\\/localtrekkersperu.com\\\/es\\\/licencias-autorizaciones\\\/\"]}]},{\"@type\":\"ImageObject\",\"inLanguage\":\"es\",\"@id\":\"https:\\\/\\\/localtrekkersperu.com\\\/es\\\/licencias-autorizaciones\\\/#primaryimage\",\"url\":\"https:\\\/\\\/localtrekkersperu.com\\\/wp-content\\\/uploads\\\/2025\\\/07\\\/cusco.webp\",\"contentUrl\":\"https:\\\/\\\/localtrekkersperu.com\\\/wp-content\\\/uploads\\\/2025\\\/07\\\/cusco.webp\",\"width\":2003,\"height\":402},{\"@type\":\"BreadcrumbList\",\"@id\":\"https:\\\/\\\/localtrekkersperu.com\\\/es\\\/licencias-autorizaciones\\\/#breadcrumb\",\"itemListElement\":[{\"@type\":\"ListItem\",\"position\":1,\"name\":\"Home\",\"item\":\"https:\\\/\\\/localtrekkersperu.com\\\/es\\\/\"},{\"@type\":\"ListItem\",\"position\":2,\"name\":\"Licencias y Autorizaciones\"}]},{\"@type\":\"WebSite\",\"@id\":\"https:\\\/\\\/localtrekkersperu.com\\\/es\\\/#website\",\"url\":\"https:\\\/\\\/localtrekkersperu.com\\\/es\\\/\",\"name\":\"Local Trekkers Peru\",\"description\":\"\",\"publisher\":{\"@id\":\"https:\\\/\\\/localtrekkersperu.com\\\/es\\\/#organization\"},\"potentialAction\":[{\"@type\":\"SearchAction\",\"target\":{\"@type\":\"EntryPoint\",\"urlTemplate\":\"https:\\\/\\\/localtrekkersperu.com\\\/es\\\/?s={search_term_string}\"},\"query-input\":{\"@type\":\"PropertyValueSpecification\",\"valueRequired\":true,\"valueName\":\"search_term_string\"}}],\"inLanguage\":\"es\"},{\"@type\":\"Organization\",\"@id\":\"https:\\\/\\\/localtrekkersperu.com\\\/es\\\/#organization\",\"name\":\"Local Trekkers Peru\",\"url\":\"https:\\\/\\\/localtrekkersperu.com\\\/es\\\/\",\"logo\":{\"@type\":\"ImageObject\",\"inLanguage\":\"es\",\"@id\":\"https:\\\/\\\/localtrekkersperu.com\\\/es\\\/#\\\/schema\\\/logo\\\/image\\\/\",\"url\":\"https:\\\/\\\/localtrekkersperu.com\\\/wp-content\\\/uploads\\\/2024\\\/08\\\/logo.png\",\"contentUrl\":\"https:\\\/\\\/localtrekkersperu.com\\\/wp-content\\\/uploads\\\/2024\\\/08\\\/logo.png\",\"width\":411,\"height\":122,\"caption\":\"Local Trekkers Peru\"},\"image\":{\"@id\":\"https:\\\/\\\/localtrekkersperu.com\\\/es\\\/#\\\/schema\\\/logo\\\/image\\\/\"}}]}<\/script>\n<!-- \/ Yoast SEO Premium plugin. -->","yoast_head_json":{"title":"Licencias y Autorizaciones - Local Trekkers Peru","robots":{"index":"index","follow":"follow","max-snippet":"max-snippet:-1","max-image-preview":"max-image-preview:large","max-video-preview":"max-video-preview:-1"},"canonical":"https:\/\/localtrekkersperu.com\/es\/licencias-autorizaciones\/","og_locale":"es_ES","og_type":"article","og_title":"Licencias y Autorizaciones","og_description":"Somos una empresa tour operadora 100% peruana, al hacer clic mostramos todas las licencias pertinentes obtenidas del Gob...","og_url":"https:\/\/localtrekkersperu.com\/es\/licencias-autorizaciones\/","og_site_name":"Local Trekkers Peru","article_modified_time":"2024-10-14T01:15:17+00:00","og_image":[{"width":750,"height":1100,"url":"https:\/\/localtrekkersperu.com\/wp-content\/uploads\/2024\/10\/licence-1.webp","type":"image\/webp"}],"twitter_card":"summary_large_image","twitter_misc":{"Tiempo de lectura":"2 minutos"},"schema":{"@context":"https:\/\/schema.org","@graph":[{"@type":"WebPage","@id":"https:\/\/localtrekkersperu.com\/es\/licencias-autorizaciones\/","url":"https:\/\/localtrekkersperu.com\/es\/licencias-autorizaciones\/","name":"Licencias y Autorizaciones - Local Trekkers Peru","isPartOf":{"@id":"https:\/\/localtrekkersperu.com\/es\/#website"},"primaryImageOfPage":{"@id":"https:\/\/localtrekkersperu.com\/es\/licencias-autorizaciones\/#primaryimage"},"image":{"@id":"https:\/\/localtrekkersperu.com\/es\/licencias-autorizaciones\/#primaryimage"},"thumbnailUrl":"https:\/\/localtrekkersperu.com\/wp-content\/uploads\/2025\/07\/cusco.webp","datePublished":"2024-10-07T02:28:27+00:00","dateModified":"2024-10-14T01:15:17+00:00","breadcrumb":{"@id":"https:\/\/localtrekkersperu.com\/es\/licencias-autorizaciones\/#breadcrumb"},"inLanguage":"es","potentialAction":[{"@type":"ReadAction","target":["https:\/\/localtrekkersperu.com\/es\/licencias-autorizaciones\/"]}]},{"@type":"ImageObject","inLanguage":"es","@id":"https:\/\/localtrekkersperu.com\/es\/licencias-autorizaciones\/#primaryimage","url":"https:\/\/localtrekkersperu.com\/wp-content\/uploads\/2025\/07\/cusco.webp","contentUrl":"https:\/\/localtrekkersperu.com\/wp-content\/uploads\/2025\/07\/cusco.webp","width":2003,"height":402},{"@type":"BreadcrumbList","@id":"https:\/\/localtrekkersperu.com\/es\/licencias-autorizaciones\/#breadcrumb","itemListElement":[{"@type":"ListItem","position":1,"name":"Home","item":"https:\/\/localtrekkersperu.com\/es\/"},{"@type":"ListItem","position":2,"name":"Licencias y Autorizaciones"}]},{"@type":"WebSite","@id":"https:\/\/localtrekkersperu.com\/es\/#website","url":"https:\/\/localtrekkersperu.com\/es\/","name":"Local Trekkers Peru","description":"","publisher":{"@id":"https:\/\/localtrekkersperu.com\/es\/#organization"},"potentialAction":[{"@type":"SearchAction","target":{"@type":"EntryPoint","urlTemplate":"https:\/\/localtrekkersperu.com\/es\/?s={search_term_string}"},"query-input":{"@type":"PropertyValueSpecification","valueRequired":true,"valueName":"search_term_string"}}],"inLanguage":"es"},{"@type":"Organization","@id":"https:\/\/localtrekkersperu.com\/es\/#organization","name":"Local Trekkers Peru","url":"https:\/\/localtrekkersperu.com\/es\/","logo":{"@type":"ImageObject","inLanguage":"es","@id":"https:\/\/localtrekkersperu.com\/es\/#\/schema\/logo\/image\/","url":"https:\/\/localtrekkersperu.com\/wp-content\/uploads\/2024\/08\/logo.png","contentUrl":"https:\/\/localtrekkersperu.com\/wp-content\/uploads\/2024\/08\/logo.png","width":411,"height":122,"caption":"Local Trekkers Peru"},"image":{"@id":"https:\/\/localtrekkersperu.com\/es\/#\/schema\/logo\/image\/"}}]}},"coauthors":[],"author_meta":{"author_link":"https:\/\/localtrekkersperu.com\/es\/author\/admin_local\/","display_name":"admin_local"},"relative_dates":{"created":"Publicado 2 a\u00f1os hace","modified":"Actualizado 2 a\u00f1os hace"},"absolute_dates":{"created":"Publicado el octubre 7, 2024","modified":"Actualizado el octubre 14, 2024"},"absolute_dates_time":{"created":"Publicado el octubre 7, 2024 2:28 am","modified":"Actualizado el octubre 14, 2024 1:15 am"},"featured_img_caption":"","featured_img":"https:\/\/localtrekkersperu.com\/wp-content\/uploads\/2025\/07\/cusco.webp","series_order":"","_links":{"self":[{"href":"https:\/\/localtrekkersperu.com\/es\/wp-json\/wp\/v2\/pages\/2300","targetHints":{"allow":["GET"]}}],"collection":[{"href":"https:\/\/localtrekkersperu.com\/es\/wp-json\/wp\/v2\/pages"}],"about":[{"href":"https:\/\/localtrekkersperu.com\/es\/wp-json\/wp\/v2\/types\/page"}],"author":[{"embeddable":true,"href":"https:\/\/localtrekkersperu.com\/es\/wp-json\/wp\/v2\/users\/1"}],"replies":[{"embeddable":true,"href":"https:\/\/localtrekkersperu.com\/es\/wp-json\/wp\/v2\/comments?post=2300"}],"version-history":[{"count":0,"href":"https:\/\/localtrekkersperu.com\/es\/wp-json\/wp\/v2\/pages\/2300\/revisions"}],"wp:featuredmedia":[{"embeddable":true,"href":"https:\/\/localtrekkersperu.com\/es\/wp-json\/wp\/v2\/media\/7766"}],"wp:attachment":[{"href":"https:\/\/localtrekkersperu.com\/es\/wp-json\/wp\/v2\/media?parent=2300"}],"curies":[{"name":"wp","href":"https:\/\/api.w.org\/{rel}","templated":true}]}}