{"id":2296,"date":"2024-10-07T02:52:12","date_gmt":"2024-10-07T02:52:12","guid":{"rendered":"https:\/\/localtrekkersperu.com\/inka-trail-book-now\/"},"modified":"2024-10-14T01:13:20","modified_gmt":"2024-10-14T01:13:20","slug":"camino-inca-reserva-ahora","status":"publish","type":"page","link":"https:\/\/localtrekkersperu.com\/es\/camino-inca-reserva-ahora\/","title":{"rendered":"Camino Inca Reserva Ahora 2025"},"content":{"rendered":"\n<h2 class=\"wp-block-heading\">PORQUE&nbsp;RESERVAR CON ANTICIPACI\u00d3N EL CAMINO INCA PARA 2023<\/h2>\n\n\n\n<p>Hacer el Camino Inca es uno de los 10 mejores senderos del mundo, el cual est\u00e1 sujeto a una planificaci\u00f3n previa. Los permisos para el Camino Inca son muy limitados, y los permisos para los meses de abril, mayo, junio y julio se pueden vender en un par de d\u00edas incluso en un par de horas una vez que estos est\u00e9n a la venta. Por lo que les advertimos a todas las personas, Trekkers y aventureros que deseen realizar esta gran caminata, que muy pronto estar\u00e1n a la venta los permisos para el Camino Inca Cl\u00e1sico 4D\/3N para el a\u00f1o 2023, normalmente todos los a\u00f1os est\u00e1n a la venta a partir de Octubre.<\/p>\n\n\n\n<p>A continuaci\u00f3n puede encontrar las pautas de lo que necesita saber para tener un espacio muy bien reservado para esta gran caminata.<\/p>\n\n\n\n<h2 class=\"wp-block-heading\">\u00bfQU\u00c9 NECESITO CONSEGUIR PARA EL CAMINO INCA?<\/h2>\n\n\n\n<p>Para poder hacer el Camino Inca se necesita un permiso emitido por el gobierno peruano, en este permiso se incluye la entrada a Machu Picchu.<\/p>\n\n\n\n<h2 class=\"wp-block-heading\">\u00bfCU\u00c1NTAS CAMINATAS&nbsp;SE PERMITEN POR D\u00cdA PARA HACER EL CAMINO INCA?<\/h2>\n\n\n\n<p>El gobierno peruano solo entrega 500 espacios o permisos por d\u00eda, todas las personas incluyendo gu\u00edas, porteadores y cocineros, necesitan uno de estos 500 permisos para ingresar al Camino Inca, esto quiere decir que solo unos 250 pasajeros podr\u00e1n hacer el Camino Inca todos los d\u00edas .<\/p>\n\n\n\n<h2 class=\"wp-block-heading\">\u00bfCON CUANTO TIEMPO DE ANTICIPACI\u00d3N TENGO PARA RESERVAR ESTA CAMINATA?<\/h2>\n\n\n\n<p>Si desea realizar el Camino Inca el 2023 necesita reservar lo antes posible, ya que muy pronto estar\u00e1n a la venta los permisos para el a\u00f1o 2023 normalmente es a partir de octubre de 2022 y los permisos para los meses de abril, mayo, junio y Julio y agosto tienden a venderse muy r\u00e1pido una vez que est\u00e1n en oferta.<\/p>\n\n\n\n<h2 class=\"wp-block-heading\">\u00bfPUEDEN GARANTIZAR MI FECHA DE INICIO DE LA CAMINATA?<\/h2>\n\n\n\n<p>Si todav\u00eda hay espacios disponibles para la fecha elegida, la respuesta es s\u00ed, pero debido a que el Camino Inca tiene una gran demanda, reserve con nosotros, le garantizamos que haremos todo lo que est\u00e9 a nuestro alcance para comenzar la caminata en la fecha elegida. Durante los \u00faltimos dos a\u00f1os hemos tenido un 98% de \u00e9xito en obtener la primera opci\u00f3n de todos para una fecha de inicio, es por eso que debe enviarnos con anticipaci\u00f3n todo lo necesario que le solicitamos antes de obtener un permiso.<\/p>\n\n\n\n<h2 class=\"wp-block-heading\">\u00bfPUEDO OBTENER ESTE PERMISO POR MI MISMO?<\/h2>\n\n\n\n<p>El gobierno peruano solo otorga permisos para el Camino Inca a operadores tur\u00edsticos certificados como lo somos nosotros, en este caso Local Trekkers Per\u00fa, obtendr\u00e1 estos permisos para todos sus pasajeros. Seg\u00fan disponibilidad en el momento de la reserva.<\/p>\n\n\n\n<h2 class=\"wp-block-heading\">\u00bfPUEDO CAMBIAR MI FECHA DE INICIO DEL CAMINO INCA UNA VEZ QUE HAYA&nbsp;RESERVADO UN PERMISO?<\/h2>\n\n\n\n<p>La fecha de inicio de su caminata no se puede cambiar por ning\u00fan motivo, el gobierno peruano no nos permite cambiar la fecha de inicio una vez que hayamos obtenido el permiso. Adem\u00e1s, los permisos no pueden ser transferidos a otra persona.<\/p>\n\n\n\n<h2 class=\"wp-block-heading\">\u00bfDEBO ESPERAR HASTA OCTUBRE PARA RESERVAR ESTA CAMINATA?<\/h2>\n\n\n\n<p>No, reservar con anticipaci\u00f3n garantizar\u00e1 que obtenga un permiso para la fecha de inicio solicitada. El gobierno est\u00e1 cambiando las reglas todo el tiempo sobre cu\u00e1ndo liberar\u00e1n los permisos y necesitamos todos sus detalles en nuestro sistema para que estemos listos en el momento en que se nos notifique. Adem\u00e1s, reservar ahora le asegura obtener nuestros precios actuales para la caminata del pr\u00f3ximo a\u00f1o.<\/p>\n\n\n\n<h2 class=\"wp-block-heading\">PORQUE&nbsp;RESERVAR ESTA CAMINATA CON LOCAL TREKKERS PER\u00da<\/h2>\n\n\n\n<p>Contamos con un gran equipo humano, que har\u00e1 posible que sus expectativas sean superadas. Trabajamos muy duro para obtener los permisos para todos nuestros clientes en las fechas solicitadas. Nuestro equipo de reservas est\u00e1 listo desde ya para solicitar los permisos una vez que est\u00e9n a la venta, as\u00ed que no esperes demasiado y no te quedes sin permisos y reserva ya el Camino Inca 2023. No olvides que somos Local Trekkers Per\u00fa, tu 100 Empresa % Peruana, 100% Local y 100% Cusque\u00f1o.<\/p>\n","protected":false},"excerpt":{"rendered":"<p>PORQUE&nbsp;RESERVAR CON ANTICIPACI\u00d3N EL CAMINO INCA PARA 2023 Hacer el Camino Inca es uno de los 10 mejores senderos d&#8230;<\/p>\n","protected":false},"author":1,"featured_media":7754,"parent":0,"menu_order":0,"comment_status":"closed","ping_status":"closed","template":"","meta":{"_acf_changed":false,"advgb_blocks_editor_width":"","advgb_blocks_columns_visual_guide":"","footnotes":""},"class_list":["post-2296","page","type-page","status-publish","has-post-thumbnail","hentry"],"acf":[],"yoast_head":"<!-- This site is optimized with the Yoast SEO Premium plugin v25.2 (Yoast SEO v27.3) - https:\/\/yoast.com\/product\/yoast-seo-premium-wordpress\/ -->\n<title>Camino Inca Reserva Ahora 2025 - Local Trekkers Peru<\/title>\n<meta name=\"robots\" content=\"index, follow, max-snippet:-1, max-image-preview:large, max-video-preview:-1\" \/>\n<link rel=\"canonical\" href=\"https:\/\/localtrekkersperu.com\/es\/camino-inca-reserva-ahora\/\" \/>\n<meta property=\"og:locale\" content=\"es_ES\" \/>\n<meta property=\"og:type\" content=\"article\" \/>\n<meta property=\"og:title\" content=\"Camino Inca Reserva Ahora 2025\" \/>\n<meta property=\"og:description\" content=\"PORQUE&nbsp;RESERVAR CON ANTICIPACI\u00d3N EL CAMINO INCA PARA 2023 Hacer el Camino Inca es uno de los 10 mejores senderos d...\" \/>\n<meta property=\"og:url\" content=\"https:\/\/localtrekkersperu.com\/es\/camino-inca-reserva-ahora\/\" \/>\n<meta property=\"og:site_name\" content=\"Local Trekkers Peru\" \/>\n<meta property=\"article:modified_time\" content=\"2024-10-14T01:13:20+00:00\" \/>\n<meta name=\"twitter:card\" content=\"summary_large_image\" \/>\n<meta name=\"twitter:label1\" content=\"Tiempo de lectura\" \/>\n\t<meta name=\"twitter:data1\" content=\"3 minutos\" \/>\n<script type=\"application\/ld+json\" class=\"yoast-schema-graph\">{\"@context\":\"https:\\\/\\\/schema.org\",\"@graph\":[{\"@type\":\"WebPage\",\"@id\":\"https:\\\/\\\/localtrekkersperu.com\\\/es\\\/camino-inca-reserva-ahora\\\/\",\"url\":\"https:\\\/\\\/localtrekkersperu.com\\\/es\\\/camino-inca-reserva-ahora\\\/\",\"name\":\"Camino Inca Reserva Ahora 2025 - Local Trekkers Peru\",\"isPartOf\":{\"@id\":\"https:\\\/\\\/localtrekkersperu.com\\\/es\\\/#website\"},\"primaryImageOfPage\":{\"@id\":\"https:\\\/\\\/localtrekkersperu.com\\\/es\\\/camino-inca-reserva-ahora\\\/#primaryimage\"},\"image\":{\"@id\":\"https:\\\/\\\/localtrekkersperu.com\\\/es\\\/camino-inca-reserva-ahora\\\/#primaryimage\"},\"thumbnailUrl\":\"https:\\\/\\\/localtrekkersperu.com\\\/wp-content\\\/uploads\\\/2025\\\/07\\\/camino.webp\",\"datePublished\":\"2024-10-07T02:52:12+00:00\",\"dateModified\":\"2024-10-14T01:13:20+00:00\",\"breadcrumb\":{\"@id\":\"https:\\\/\\\/localtrekkersperu.com\\\/es\\\/camino-inca-reserva-ahora\\\/#breadcrumb\"},\"inLanguage\":\"es\",\"potentialAction\":[{\"@type\":\"ReadAction\",\"target\":[\"https:\\\/\\\/localtrekkersperu.com\\\/es\\\/camino-inca-reserva-ahora\\\/\"]}]},{\"@type\":\"ImageObject\",\"inLanguage\":\"es\",\"@id\":\"https:\\\/\\\/localtrekkersperu.com\\\/es\\\/camino-inca-reserva-ahora\\\/#primaryimage\",\"url\":\"https:\\\/\\\/localtrekkersperu.com\\\/wp-content\\\/uploads\\\/2025\\\/07\\\/camino.webp\",\"contentUrl\":\"https:\\\/\\\/localtrekkersperu.com\\\/wp-content\\\/uploads\\\/2025\\\/07\\\/camino.webp\",\"width\":2003,\"height\":402},{\"@type\":\"BreadcrumbList\",\"@id\":\"https:\\\/\\\/localtrekkersperu.com\\\/es\\\/camino-inca-reserva-ahora\\\/#breadcrumb\",\"itemListElement\":[{\"@type\":\"ListItem\",\"position\":1,\"name\":\"Home\",\"item\":\"https:\\\/\\\/localtrekkersperu.com\\\/es\\\/\"},{\"@type\":\"ListItem\",\"position\":2,\"name\":\"Camino Inca Reserva Ahora 2025\"}]},{\"@type\":\"WebSite\",\"@id\":\"https:\\\/\\\/localtrekkersperu.com\\\/es\\\/#website\",\"url\":\"https:\\\/\\\/localtrekkersperu.com\\\/es\\\/\",\"name\":\"Local Trekkers Peru\",\"description\":\"\",\"publisher\":{\"@id\":\"https:\\\/\\\/localtrekkersperu.com\\\/es\\\/#organization\"},\"potentialAction\":[{\"@type\":\"SearchAction\",\"target\":{\"@type\":\"EntryPoint\",\"urlTemplate\":\"https:\\\/\\\/localtrekkersperu.com\\\/es\\\/?s={search_term_string}\"},\"query-input\":{\"@type\":\"PropertyValueSpecification\",\"valueRequired\":true,\"valueName\":\"search_term_string\"}}],\"inLanguage\":\"es\"},{\"@type\":\"Organization\",\"@id\":\"https:\\\/\\\/localtrekkersperu.com\\\/es\\\/#organization\",\"name\":\"Local Trekkers Peru\",\"url\":\"https:\\\/\\\/localtrekkersperu.com\\\/es\\\/\",\"logo\":{\"@type\":\"ImageObject\",\"inLanguage\":\"es\",\"@id\":\"https:\\\/\\\/localtrekkersperu.com\\\/es\\\/#\\\/schema\\\/logo\\\/image\\\/\",\"url\":\"https:\\\/\\\/localtrekkersperu.com\\\/wp-content\\\/uploads\\\/2024\\\/08\\\/logo.png\",\"contentUrl\":\"https:\\\/\\\/localtrekkersperu.com\\\/wp-content\\\/uploads\\\/2024\\\/08\\\/logo.png\",\"width\":411,\"height\":122,\"caption\":\"Local Trekkers Peru\"},\"image\":{\"@id\":\"https:\\\/\\\/localtrekkersperu.com\\\/es\\\/#\\\/schema\\\/logo\\\/image\\\/\"}}]}<\/script>\n<!-- \/ Yoast SEO Premium plugin. -->","yoast_head_json":{"title":"Camino Inca Reserva Ahora 2025 - Local Trekkers Peru","robots":{"index":"index","follow":"follow","max-snippet":"max-snippet:-1","max-image-preview":"max-image-preview:large","max-video-preview":"max-video-preview:-1"},"canonical":"https:\/\/localtrekkersperu.com\/es\/camino-inca-reserva-ahora\/","og_locale":"es_ES","og_type":"article","og_title":"Camino Inca Reserva Ahora 2025","og_description":"PORQUE&nbsp;RESERVAR CON ANTICIPACI\u00d3N EL CAMINO INCA PARA 2023 Hacer el Camino Inca es uno de los 10 mejores senderos d...","og_url":"https:\/\/localtrekkersperu.com\/es\/camino-inca-reserva-ahora\/","og_site_name":"Local Trekkers Peru","article_modified_time":"2024-10-14T01:13:20+00:00","twitter_card":"summary_large_image","twitter_misc":{"Tiempo de lectura":"3 minutos"},"schema":{"@context":"https:\/\/schema.org","@graph":[{"@type":"WebPage","@id":"https:\/\/localtrekkersperu.com\/es\/camino-inca-reserva-ahora\/","url":"https:\/\/localtrekkersperu.com\/es\/camino-inca-reserva-ahora\/","name":"Camino Inca Reserva Ahora 2025 - Local Trekkers Peru","isPartOf":{"@id":"https:\/\/localtrekkersperu.com\/es\/#website"},"primaryImageOfPage":{"@id":"https:\/\/localtrekkersperu.com\/es\/camino-inca-reserva-ahora\/#primaryimage"},"image":{"@id":"https:\/\/localtrekkersperu.com\/es\/camino-inca-reserva-ahora\/#primaryimage"},"thumbnailUrl":"https:\/\/localtrekkersperu.com\/wp-content\/uploads\/2025\/07\/camino.webp","datePublished":"2024-10-07T02:52:12+00:00","dateModified":"2024-10-14T01:13:20+00:00","breadcrumb":{"@id":"https:\/\/localtrekkersperu.com\/es\/camino-inca-reserva-ahora\/#breadcrumb"},"inLanguage":"es","potentialAction":[{"@type":"ReadAction","target":["https:\/\/localtrekkersperu.com\/es\/camino-inca-reserva-ahora\/"]}]},{"@type":"ImageObject","inLanguage":"es","@id":"https:\/\/localtrekkersperu.com\/es\/camino-inca-reserva-ahora\/#primaryimage","url":"https:\/\/localtrekkersperu.com\/wp-content\/uploads\/2025\/07\/camino.webp","contentUrl":"https:\/\/localtrekkersperu.com\/wp-content\/uploads\/2025\/07\/camino.webp","width":2003,"height":402},{"@type":"BreadcrumbList","@id":"https:\/\/localtrekkersperu.com\/es\/camino-inca-reserva-ahora\/#breadcrumb","itemListElement":[{"@type":"ListItem","position":1,"name":"Home","item":"https:\/\/localtrekkersperu.com\/es\/"},{"@type":"ListItem","position":2,"name":"Camino Inca Reserva Ahora 2025"}]},{"@type":"WebSite","@id":"https:\/\/localtrekkersperu.com\/es\/#website","url":"https:\/\/localtrekkersperu.com\/es\/","name":"Local Trekkers Peru","description":"","publisher":{"@id":"https:\/\/localtrekkersperu.com\/es\/#organization"},"potentialAction":[{"@type":"SearchAction","target":{"@type":"EntryPoint","urlTemplate":"https:\/\/localtrekkersperu.com\/es\/?s={search_term_string}"},"query-input":{"@type":"PropertyValueSpecification","valueRequired":true,"valueName":"search_term_string"}}],"inLanguage":"es"},{"@type":"Organization","@id":"https:\/\/localtrekkersperu.com\/es\/#organization","name":"Local Trekkers Peru","url":"https:\/\/localtrekkersperu.com\/es\/","logo":{"@type":"ImageObject","inLanguage":"es","@id":"https:\/\/localtrekkersperu.com\/es\/#\/schema\/logo\/image\/","url":"https:\/\/localtrekkersperu.com\/wp-content\/uploads\/2024\/08\/logo.png","contentUrl":"https:\/\/localtrekkersperu.com\/wp-content\/uploads\/2024\/08\/logo.png","width":411,"height":122,"caption":"Local Trekkers Peru"},"image":{"@id":"https:\/\/localtrekkersperu.com\/es\/#\/schema\/logo\/image\/"}}]}},"coauthors":[],"author_meta":{"author_link":"https:\/\/localtrekkersperu.com\/es\/author\/admin_local\/","display_name":"admin_local"},"relative_dates":{"created":"Publicado 2 a\u00f1os hace","modified":"Actualizado 2 a\u00f1os hace"},"absolute_dates":{"created":"Publicado el octubre 7, 2024","modified":"Actualizado el octubre 14, 2024"},"absolute_dates_time":{"created":"Publicado el octubre 7, 2024 2:52 am","modified":"Actualizado el octubre 14, 2024 1:13 am"},"featured_img_caption":"","featured_img":"https:\/\/localtrekkersperu.com\/wp-content\/uploads\/2025\/07\/camino.webp","series_order":"","_links":{"self":[{"href":"https:\/\/localtrekkersperu.com\/es\/wp-json\/wp\/v2\/pages\/2296","targetHints":{"allow":["GET"]}}],"collection":[{"href":"https:\/\/localtrekkersperu.com\/es\/wp-json\/wp\/v2\/pages"}],"about":[{"href":"https:\/\/localtrekkersperu.com\/es\/wp-json\/wp\/v2\/types\/page"}],"author":[{"embeddable":true,"href":"https:\/\/localtrekkersperu.com\/es\/wp-json\/wp\/v2\/users\/1"}],"replies":[{"embeddable":true,"href":"https:\/\/localtrekkersperu.com\/es\/wp-json\/wp\/v2\/comments?post=2296"}],"version-history":[{"count":0,"href":"https:\/\/localtrekkersperu.com\/es\/wp-json\/wp\/v2\/pages\/2296\/revisions"}],"wp:featuredmedia":[{"embeddable":true,"href":"https:\/\/localtrekkersperu.com\/es\/wp-json\/wp\/v2\/media\/7754"}],"wp:attachment":[{"href":"https:\/\/localtrekkersperu.com\/es\/wp-json\/wp\/v2\/media?parent=2296"}],"curies":[{"name":"wp","href":"https:\/\/api.w.org\/{rel}","templated":true}]}}