{"id":2286,"date":"2024-10-07T02:48:50","date_gmt":"2024-10-07T02:48:50","guid":{"rendered":"https:\/\/localtrekkersperu.com\/our-camping-equipments\/"},"modified":"2024-10-15T13:51:08","modified_gmt":"2024-10-15T13:51:08","slug":"nuestro-equipo-de-campamento","status":"publish","type":"page","link":"https:\/\/localtrekkersperu.com\/es\/nuestro-equipo-de-campamento\/","title":{"rendered":"Nuestro Equipo de Campamento"},"content":{"rendered":"\n<h2 class=\"wp-block-heading\"><strong>TIENDAS PROFESIONALES DE 4 ESTACIONES<\/strong><\/h2>\n\n\n\n<p>Podr\u00e1 disfrutar de una buena noche de sue\u00f1o en nuestras amplias tiendas de campa\u00f1a North Face y Doite. Est\u00e1n hechas para cuatro personas, pero s\u00f3lo ser\u00e1n utilizadas por dos, por lo que tendr\u00e1s espacio suficiente para estar c\u00f3modo y poner tus objetos personales dentro. Estas tiendas son de 4 estaciones, por lo que est\u00e1n altamente preparadas para soportar todo tipo de clima.<\/p>\n\n\n\n<figure class=\"wp-block-gallery has-nested-images columns-default is-cropped wp-block-gallery-1 is-layout-flex wp-block-gallery-is-layout-flex\">\n<figure class=\"wp-block-image size-large\"><img loading=\"lazy\" decoding=\"async\" width=\"350\" height=\"400\" data-id=\"1698\" src=\"https:\/\/localtrekkersperu.com\/wp-content\/uploads\/2024\/10\/tens-1-1.webp\" alt=\"\" class=\"wp-image-1698\" srcset=\"https:\/\/localtrekkersperu.com\/wp-content\/uploads\/2024\/10\/tens-1-1.webp 350w, https:\/\/localtrekkersperu.com\/wp-content\/uploads\/2024\/10\/tens-1-1-263x300.webp 263w\" sizes=\"auto, (max-width: 350px) 100vw, 350px\" \/><\/figure>\n\n\n\n<figure class=\"wp-block-image size-large\"><img loading=\"lazy\" decoding=\"async\" width=\"350\" height=\"400\" data-id=\"1701\" src=\"https:\/\/localtrekkersperu.com\/wp-content\/uploads\/2024\/10\/tens-2-1.webp\" alt=\"\" class=\"wp-image-1701\" srcset=\"https:\/\/localtrekkersperu.com\/wp-content\/uploads\/2024\/10\/tens-2-1.webp 350w, https:\/\/localtrekkersperu.com\/wp-content\/uploads\/2024\/10\/tens-2-1-263x300.webp 263w\" sizes=\"auto, (max-width: 350px) 100vw, 350px\" \/><\/figure>\n\n\n\n<figure class=\"wp-block-image size-large\"><img loading=\"lazy\" decoding=\"async\" width=\"350\" height=\"400\" data-id=\"1704\" src=\"https:\/\/localtrekkersperu.com\/wp-content\/uploads\/2024\/10\/tens-3-1.webp\" alt=\"\" class=\"wp-image-1704\" srcset=\"https:\/\/localtrekkersperu.com\/wp-content\/uploads\/2024\/10\/tens-3-1.webp 350w, https:\/\/localtrekkersperu.com\/wp-content\/uploads\/2024\/10\/tens-3-1-263x300.webp 263w\" sizes=\"auto, (max-width: 350px) 100vw, 350px\" \/><\/figure>\n<\/figure>\n\n\n\n<h2 class=\"wp-block-heading\"><strong>NUESTROS COLCHONES DE AIRE<\/strong><\/h2>\n\n\n\n<p>Todos nuestros clientes est\u00e1n equipados con un colch\u00f3n de aire para separarlos y aislarlos del suelo para su comodidad. Utilizamos colchones de aire Thermarest.<\/p>\n\n\n\n<figure class=\"wp-block-gallery has-nested-images columns-default is-cropped wp-block-gallery-2 is-layout-flex wp-block-gallery-is-layout-flex\">\n<figure class=\"wp-block-image size-large\"><img loading=\"lazy\" decoding=\"async\" width=\"350\" height=\"400\" data-id=\"1707\" src=\"https:\/\/localtrekkersperu.com\/wp-content\/uploads\/2024\/10\/matresses-1.webp\" alt=\"\" class=\"wp-image-1707\" srcset=\"https:\/\/localtrekkersperu.com\/wp-content\/uploads\/2024\/10\/matresses-1.webp 350w, https:\/\/localtrekkersperu.com\/wp-content\/uploads\/2024\/10\/matresses-1-263x300.webp 263w\" sizes=\"auto, (max-width: 350px) 100vw, 350px\" \/><\/figure>\n\n\n\n<figure class=\"wp-block-image size-large\"><img loading=\"lazy\" decoding=\"async\" width=\"350\" height=\"400\" data-id=\"1710\" src=\"https:\/\/localtrekkersperu.com\/wp-content\/uploads\/2024\/10\/matresses-2.webp\" alt=\"\" class=\"wp-image-1710\" srcset=\"https:\/\/localtrekkersperu.com\/wp-content\/uploads\/2024\/10\/matresses-2.webp 350w, https:\/\/localtrekkersperu.com\/wp-content\/uploads\/2024\/10\/matresses-2-263x300.webp 263w\" sizes=\"auto, (max-width: 350px) 100vw, 350px\" \/><\/figure>\n\n\n\n<figure class=\"wp-block-image size-large\"><img loading=\"lazy\" decoding=\"async\" width=\"350\" height=\"400\" data-id=\"1713\" src=\"https:\/\/localtrekkersperu.com\/wp-content\/uploads\/2024\/10\/matresses-3.webp\" alt=\"\" class=\"wp-image-1713\" srcset=\"https:\/\/localtrekkersperu.com\/wp-content\/uploads\/2024\/10\/matresses-3.webp 350w, https:\/\/localtrekkersperu.com\/wp-content\/uploads\/2024\/10\/matresses-3-263x300.webp 263w\" sizes=\"auto, (max-width: 350px) 100vw, 350px\" \/><\/figure>\n<\/figure>\n\n\n\n<h2 class=\"wp-block-heading\"><strong>NUESTROS SACOS DE DORMIR<\/strong><\/h2>\n\n\n\n<p>Utilizamos sacos de dormir que soportan temperaturas de hasta -15 grados Celsius \/ 5 grados Farenheit. Recuerde que si usted es m\u00e1s alto que 1,95 msnm = 6,4 pies, no podr\u00e1 encontrar un saco de dormir en Cusco. En este caso, se recomienda que traiga el suyo propio. Si no traes saco de dormir, puedes alquilar uno que cuesta 20 USD por uno.<\/p>\n\n\n\n<figure class=\"wp-block-gallery has-nested-images columns-default is-cropped wp-block-gallery-3 is-layout-flex wp-block-gallery-is-layout-flex\">\n<figure class=\"wp-block-image size-large\"><img loading=\"lazy\" decoding=\"async\" width=\"350\" height=\"400\" data-id=\"1716\" src=\"https:\/\/localtrekkersperu.com\/wp-content\/uploads\/2024\/10\/bags-1.webp\" alt=\"\" class=\"wp-image-1716\" srcset=\"https:\/\/localtrekkersperu.com\/wp-content\/uploads\/2024\/10\/bags-1.webp 350w, https:\/\/localtrekkersperu.com\/wp-content\/uploads\/2024\/10\/bags-1-263x300.webp 263w\" sizes=\"auto, (max-width: 350px) 100vw, 350px\" \/><\/figure>\n\n\n\n<figure class=\"wp-block-image size-large\"><img loading=\"lazy\" decoding=\"async\" width=\"350\" height=\"400\" data-id=\"1719\" src=\"https:\/\/localtrekkersperu.com\/wp-content\/uploads\/2024\/10\/bags-2.webp\" alt=\"\" class=\"wp-image-1719\" srcset=\"https:\/\/localtrekkersperu.com\/wp-content\/uploads\/2024\/10\/bags-2.webp 350w, https:\/\/localtrekkersperu.com\/wp-content\/uploads\/2024\/10\/bags-2-263x300.webp 263w\" sizes=\"auto, (max-width: 350px) 100vw, 350px\" \/><\/figure>\n\n\n\n<figure class=\"wp-block-image size-large\"><img loading=\"lazy\" decoding=\"async\" width=\"350\" height=\"400\" data-id=\"1722\" src=\"https:\/\/localtrekkersperu.com\/wp-content\/uploads\/2024\/10\/bags-3.webp\" alt=\"\" class=\"wp-image-1722\" srcset=\"https:\/\/localtrekkersperu.com\/wp-content\/uploads\/2024\/10\/bags-3.webp 350w, https:\/\/localtrekkersperu.com\/wp-content\/uploads\/2024\/10\/bags-3-263x300.webp 263w\" sizes=\"auto, (max-width: 350px) 100vw, 350px\" \/><\/figure>\n<\/figure>\n\n\n\n<h2 class=\"wp-block-heading\"><strong>NUESTROS BASTONES DE PASEO<\/strong><\/h2>\n\n\n\n<p>Podemos proporcionar a todos nuestros clientes bastones profesionales Black Diamond. Si necesitas un par de estos bastones, puedes alquilarlos con nosotros por un coste de 20 d\u00f3lares el par.<\/p>\n\n\n\n<figure class=\"wp-block-gallery has-nested-images columns-default is-cropped wp-block-gallery-4 is-layout-flex wp-block-gallery-is-layout-flex\">\n<figure class=\"wp-block-image size-large\"><img loading=\"lazy\" decoding=\"async\" width=\"350\" height=\"400\" data-id=\"1725\" src=\"https:\/\/localtrekkersperu.com\/wp-content\/uploads\/2024\/10\/sticks-1.webp\" alt=\"\" class=\"wp-image-1725\" srcset=\"https:\/\/localtrekkersperu.com\/wp-content\/uploads\/2024\/10\/sticks-1.webp 350w, https:\/\/localtrekkersperu.com\/wp-content\/uploads\/2024\/10\/sticks-1-263x300.webp 263w\" sizes=\"auto, (max-width: 350px) 100vw, 350px\" \/><\/figure>\n\n\n\n<figure class=\"wp-block-image size-large\"><img loading=\"lazy\" decoding=\"async\" width=\"350\" height=\"400\" data-id=\"1728\" src=\"https:\/\/localtrekkersperu.com\/wp-content\/uploads\/2024\/10\/sticks-2.webp\" alt=\"\" class=\"wp-image-1728\" srcset=\"https:\/\/localtrekkersperu.com\/wp-content\/uploads\/2024\/10\/sticks-2.webp 350w, https:\/\/localtrekkersperu.com\/wp-content\/uploads\/2024\/10\/sticks-2-263x300.webp 263w\" sizes=\"auto, (max-width: 350px) 100vw, 350px\" \/><\/figure>\n\n\n\n<figure class=\"wp-block-image size-large\"><img loading=\"lazy\" decoding=\"async\" width=\"350\" height=\"400\" data-id=\"1731\" src=\"https:\/\/localtrekkersperu.com\/wp-content\/uploads\/2024\/10\/sticks-3.webp\" alt=\"\" class=\"wp-image-1731\" srcset=\"https:\/\/localtrekkersperu.com\/wp-content\/uploads\/2024\/10\/sticks-3.webp 350w, https:\/\/localtrekkersperu.com\/wp-content\/uploads\/2024\/10\/sticks-3-263x300.webp 263w\" sizes=\"auto, (max-width: 350px) 100vw, 350px\" \/><\/figure>\n<\/figure>\n","protected":false},"excerpt":{"rendered":"<p>TIENDAS PROFESIONALES DE 4 ESTACIONES Podr\u00e1 disfrutar de una buena noche de sue\u00f1o en nuestras amplias tiendas de campa&#8230;<\/p>\n","protected":false},"author":1,"featured_media":0,"parent":0,"menu_order":0,"comment_status":"closed","ping_status":"closed","template":"","meta":{"_acf_changed":false,"advgb_blocks_editor_width":"","advgb_blocks_columns_visual_guide":"","footnotes":""},"class_list":["post-2286","page","type-page","status-publish","hentry"],"acf":[],"yoast_head":"<!-- This site is optimized with the Yoast SEO Premium plugin v25.2 (Yoast SEO v27.3) - https:\/\/yoast.com\/product\/yoast-seo-premium-wordpress\/ -->\n<title>Nuestro Equipo de Campamento - Local Trekkers Peru<\/title>\n<meta name=\"robots\" content=\"index, follow, max-snippet:-1, max-image-preview:large, max-video-preview:-1\" \/>\n<link rel=\"canonical\" href=\"https:\/\/localtrekkersperu.com\/es\/nuestro-equipo-de-campamento\/\" \/>\n<meta property=\"og:locale\" content=\"es_ES\" \/>\n<meta property=\"og:type\" content=\"article\" \/>\n<meta property=\"og:title\" content=\"Nuestro Equipo de Campamento\" \/>\n<meta property=\"og:description\" content=\"TIENDAS PROFESIONALES DE 4 ESTACIONES Podr\u00e1 disfrutar de una buena noche de sue\u00f1o en nuestras amplias tiendas de campa...\" \/>\n<meta property=\"og:url\" content=\"https:\/\/localtrekkersperu.com\/es\/nuestro-equipo-de-campamento\/\" \/>\n<meta property=\"og:site_name\" content=\"Local Trekkers Peru\" \/>\n<meta property=\"article:modified_time\" content=\"2024-10-15T13:51:08+00:00\" \/>\n<meta property=\"og:image\" content=\"https:\/\/localtrekkersperu.com\/wp-content\/uploads\/2024\/10\/tens-1-1.webp\" \/>\n\t<meta property=\"og:image:width\" content=\"350\" \/>\n\t<meta property=\"og:image:height\" content=\"400\" \/>\n\t<meta property=\"og:image:type\" content=\"image\/webp\" \/>\n<meta name=\"twitter:card\" content=\"summary_large_image\" \/>\n<meta name=\"twitter:label1\" content=\"Tiempo de lectura\" \/>\n\t<meta name=\"twitter:data1\" content=\"4 minutos\" \/>\n<script type=\"application\/ld+json\" class=\"yoast-schema-graph\">{\"@context\":\"https:\\\/\\\/schema.org\",\"@graph\":[{\"@type\":\"WebPage\",\"@id\":\"https:\\\/\\\/localtrekkersperu.com\\\/es\\\/nuestro-equipo-de-campamento\\\/\",\"url\":\"https:\\\/\\\/localtrekkersperu.com\\\/es\\\/nuestro-equipo-de-campamento\\\/\",\"name\":\"Nuestro Equipo de Campamento - Local Trekkers Peru\",\"isPartOf\":{\"@id\":\"https:\\\/\\\/localtrekkersperu.com\\\/es\\\/#website\"},\"primaryImageOfPage\":{\"@id\":\"https:\\\/\\\/localtrekkersperu.com\\\/es\\\/nuestro-equipo-de-campamento\\\/#primaryimage\"},\"image\":{\"@id\":\"https:\\\/\\\/localtrekkersperu.com\\\/es\\\/nuestro-equipo-de-campamento\\\/#primaryimage\"},\"thumbnailUrl\":\"https:\\\/\\\/localtrekkersperu.com\\\/wp-content\\\/uploads\\\/2024\\\/10\\\/tens-1-1.webp\",\"datePublished\":\"2024-10-07T02:48:50+00:00\",\"dateModified\":\"2024-10-15T13:51:08+00:00\",\"breadcrumb\":{\"@id\":\"https:\\\/\\\/localtrekkersperu.com\\\/es\\\/nuestro-equipo-de-campamento\\\/#breadcrumb\"},\"inLanguage\":\"es\",\"potentialAction\":[{\"@type\":\"ReadAction\",\"target\":[\"https:\\\/\\\/localtrekkersperu.com\\\/es\\\/nuestro-equipo-de-campamento\\\/\"]}]},{\"@type\":\"ImageObject\",\"inLanguage\":\"es\",\"@id\":\"https:\\\/\\\/localtrekkersperu.com\\\/es\\\/nuestro-equipo-de-campamento\\\/#primaryimage\",\"url\":\"https:\\\/\\\/localtrekkersperu.com\\\/wp-content\\\/uploads\\\/2024\\\/10\\\/tens-1-1.webp\",\"contentUrl\":\"https:\\\/\\\/localtrekkersperu.com\\\/wp-content\\\/uploads\\\/2024\\\/10\\\/tens-1-1.webp\"},{\"@type\":\"BreadcrumbList\",\"@id\":\"https:\\\/\\\/localtrekkersperu.com\\\/es\\\/nuestro-equipo-de-campamento\\\/#breadcrumb\",\"itemListElement\":[{\"@type\":\"ListItem\",\"position\":1,\"name\":\"Home\",\"item\":\"https:\\\/\\\/localtrekkersperu.com\\\/es\\\/\"},{\"@type\":\"ListItem\",\"position\":2,\"name\":\"Nuestro Equipo de Campamento\"}]},{\"@type\":\"WebSite\",\"@id\":\"https:\\\/\\\/localtrekkersperu.com\\\/es\\\/#website\",\"url\":\"https:\\\/\\\/localtrekkersperu.com\\\/es\\\/\",\"name\":\"Local Trekkers Peru\",\"description\":\"\",\"publisher\":{\"@id\":\"https:\\\/\\\/localtrekkersperu.com\\\/es\\\/#organization\"},\"potentialAction\":[{\"@type\":\"SearchAction\",\"target\":{\"@type\":\"EntryPoint\",\"urlTemplate\":\"https:\\\/\\\/localtrekkersperu.com\\\/es\\\/?s={search_term_string}\"},\"query-input\":{\"@type\":\"PropertyValueSpecification\",\"valueRequired\":true,\"valueName\":\"search_term_string\"}}],\"inLanguage\":\"es\"},{\"@type\":\"Organization\",\"@id\":\"https:\\\/\\\/localtrekkersperu.com\\\/es\\\/#organization\",\"name\":\"Local Trekkers Peru\",\"url\":\"https:\\\/\\\/localtrekkersperu.com\\\/es\\\/\",\"logo\":{\"@type\":\"ImageObject\",\"inLanguage\":\"es\",\"@id\":\"https:\\\/\\\/localtrekkersperu.com\\\/es\\\/#\\\/schema\\\/logo\\\/image\\\/\",\"url\":\"https:\\\/\\\/localtrekkersperu.com\\\/wp-content\\\/uploads\\\/2024\\\/08\\\/logo.png\",\"contentUrl\":\"https:\\\/\\\/localtrekkersperu.com\\\/wp-content\\\/uploads\\\/2024\\\/08\\\/logo.png\",\"width\":411,\"height\":122,\"caption\":\"Local Trekkers Peru\"},\"image\":{\"@id\":\"https:\\\/\\\/localtrekkersperu.com\\\/es\\\/#\\\/schema\\\/logo\\\/image\\\/\"}}]}<\/script>\n<!-- \/ Yoast SEO Premium plugin. -->","yoast_head_json":{"title":"Nuestro Equipo de Campamento - Local Trekkers Peru","robots":{"index":"index","follow":"follow","max-snippet":"max-snippet:-1","max-image-preview":"max-image-preview:large","max-video-preview":"max-video-preview:-1"},"canonical":"https:\/\/localtrekkersperu.com\/es\/nuestro-equipo-de-campamento\/","og_locale":"es_ES","og_type":"article","og_title":"Nuestro Equipo de Campamento","og_description":"TIENDAS PROFESIONALES DE 4 ESTACIONES Podr\u00e1 disfrutar de una buena noche de sue\u00f1o en nuestras amplias tiendas de campa...","og_url":"https:\/\/localtrekkersperu.com\/es\/nuestro-equipo-de-campamento\/","og_site_name":"Local Trekkers Peru","article_modified_time":"2024-10-15T13:51:08+00:00","og_image":[{"width":350,"height":400,"url":"https:\/\/localtrekkersperu.com\/wp-content\/uploads\/2024\/10\/tens-1-1.webp","type":"image\/webp"}],"twitter_card":"summary_large_image","twitter_misc":{"Tiempo de lectura":"4 minutos"},"schema":{"@context":"https:\/\/schema.org","@graph":[{"@type":"WebPage","@id":"https:\/\/localtrekkersperu.com\/es\/nuestro-equipo-de-campamento\/","url":"https:\/\/localtrekkersperu.com\/es\/nuestro-equipo-de-campamento\/","name":"Nuestro Equipo de Campamento - Local Trekkers Peru","isPartOf":{"@id":"https:\/\/localtrekkersperu.com\/es\/#website"},"primaryImageOfPage":{"@id":"https:\/\/localtrekkersperu.com\/es\/nuestro-equipo-de-campamento\/#primaryimage"},"image":{"@id":"https:\/\/localtrekkersperu.com\/es\/nuestro-equipo-de-campamento\/#primaryimage"},"thumbnailUrl":"https:\/\/localtrekkersperu.com\/wp-content\/uploads\/2024\/10\/tens-1-1.webp","datePublished":"2024-10-07T02:48:50+00:00","dateModified":"2024-10-15T13:51:08+00:00","breadcrumb":{"@id":"https:\/\/localtrekkersperu.com\/es\/nuestro-equipo-de-campamento\/#breadcrumb"},"inLanguage":"es","potentialAction":[{"@type":"ReadAction","target":["https:\/\/localtrekkersperu.com\/es\/nuestro-equipo-de-campamento\/"]}]},{"@type":"ImageObject","inLanguage":"es","@id":"https:\/\/localtrekkersperu.com\/es\/nuestro-equipo-de-campamento\/#primaryimage","url":"https:\/\/localtrekkersperu.com\/wp-content\/uploads\/2024\/10\/tens-1-1.webp","contentUrl":"https:\/\/localtrekkersperu.com\/wp-content\/uploads\/2024\/10\/tens-1-1.webp"},{"@type":"BreadcrumbList","@id":"https:\/\/localtrekkersperu.com\/es\/nuestro-equipo-de-campamento\/#breadcrumb","itemListElement":[{"@type":"ListItem","position":1,"name":"Home","item":"https:\/\/localtrekkersperu.com\/es\/"},{"@type":"ListItem","position":2,"name":"Nuestro Equipo de Campamento"}]},{"@type":"WebSite","@id":"https:\/\/localtrekkersperu.com\/es\/#website","url":"https:\/\/localtrekkersperu.com\/es\/","name":"Local Trekkers Peru","description":"","publisher":{"@id":"https:\/\/localtrekkersperu.com\/es\/#organization"},"potentialAction":[{"@type":"SearchAction","target":{"@type":"EntryPoint","urlTemplate":"https:\/\/localtrekkersperu.com\/es\/?s={search_term_string}"},"query-input":{"@type":"PropertyValueSpecification","valueRequired":true,"valueName":"search_term_string"}}],"inLanguage":"es"},{"@type":"Organization","@id":"https:\/\/localtrekkersperu.com\/es\/#organization","name":"Local Trekkers Peru","url":"https:\/\/localtrekkersperu.com\/es\/","logo":{"@type":"ImageObject","inLanguage":"es","@id":"https:\/\/localtrekkersperu.com\/es\/#\/schema\/logo\/image\/","url":"https:\/\/localtrekkersperu.com\/wp-content\/uploads\/2024\/08\/logo.png","contentUrl":"https:\/\/localtrekkersperu.com\/wp-content\/uploads\/2024\/08\/logo.png","width":411,"height":122,"caption":"Local Trekkers Peru"},"image":{"@id":"https:\/\/localtrekkersperu.com\/es\/#\/schema\/logo\/image\/"}}]}},"coauthors":[],"author_meta":{"author_link":"https:\/\/localtrekkersperu.com\/es\/author\/admin_local\/","display_name":"admin_local"},"relative_dates":{"created":"Publicado 2 a\u00f1os hace","modified":"Actualizado 1 a\u00f1o hace"},"absolute_dates":{"created":"Publicado el octubre 7, 2024","modified":"Actualizado el octubre 15, 2024"},"absolute_dates_time":{"created":"Publicado el octubre 7, 2024 2:48 am","modified":"Actualizado el octubre 15, 2024 1:51 pm"},"featured_img_caption":"","featured_img":false,"series_order":"","_links":{"self":[{"href":"https:\/\/localtrekkersperu.com\/es\/wp-json\/wp\/v2\/pages\/2286","targetHints":{"allow":["GET"]}}],"collection":[{"href":"https:\/\/localtrekkersperu.com\/es\/wp-json\/wp\/v2\/pages"}],"about":[{"href":"https:\/\/localtrekkersperu.com\/es\/wp-json\/wp\/v2\/types\/page"}],"author":[{"embeddable":true,"href":"https:\/\/localtrekkersperu.com\/es\/wp-json\/wp\/v2\/users\/1"}],"replies":[{"embeddable":true,"href":"https:\/\/localtrekkersperu.com\/es\/wp-json\/wp\/v2\/comments?post=2286"}],"version-history":[{"count":0,"href":"https:\/\/localtrekkersperu.com\/es\/wp-json\/wp\/v2\/pages\/2286\/revisions"}],"wp:attachment":[{"href":"https:\/\/localtrekkersperu.com\/es\/wp-json\/wp\/v2\/media?parent=2286"}],"curies":[{"name":"wp","href":"https:\/\/api.w.org\/{rel}","templated":true}]}}