{"id":2267,"date":"2024-10-12T18:24:34","date_gmt":"2024-10-12T18:24:34","guid":{"rendered":"https:\/\/localtrekkersperu.com\/inca-trail-availability-2024\/"},"modified":"2026-03-04T22:17:41","modified_gmt":"2026-03-04T22:17:41","slug":"disponibilidad-del-camino-inca","status":"publish","type":"page","link":"https:\/\/localtrekkersperu.com\/es\/disponibilidad-del-camino-inca\/","title":{"rendered":"Disponibilidad del Camino Inca 2026"},"content":{"rendered":"\n<h2 class=\"wp-block-heading\" id=\"h-disponibilidad-camino-inca-2026\">DISPONIBILIDAD CAMINO INCA 2026<\/h2>\n\n\n\n<p>Estimados pasajeros, Les tenemos buenas noticias, el Camino Inca cl\u00e1sico a Machupicchu de 4 d\u00edas 3 noches para el resto del a\u00f1o 2025 siguen a la venta al p\u00fablico, as\u00ed que si est\u00e1 pensando en realizarlo no dude en contactarse cons\u00faltanos y preg\u00fantanos sobre la disponibilidad de espacios para tu fecha solicitada para lo que resta del a\u00f1o.<\/p>\n\n\n\n<h2 class=\"wp-block-heading\" id=\"h-importante-camino-inca-2026\">\u00a1\u00a1\u00a1IMPORTANTE!!! CAMINO INCA 2026<\/h2>\n\n\n\n<p>Local Trekkers Per\u00fa, ya est\u00e1 recibiendo reservas para el camino inca cl\u00e1sico para el pr\u00f3ximo a\u00f1o 2026, as\u00ed que si est\u00e1s planeando hacer esta gran caminata para cualquier fecha del 2026, \u00a1\u00a1\u00a1Ap\u00farate!!! Y bloquea tu espacio ahora, ya que estos tienden a venderse muy r\u00e1pido una vez que est\u00e1n en oferta. Los meses de temporada alta son; Abril, mayo, junio, julio, agosto y septiembre. No te quedes sin plazas y reserva ya. No te quieres perder esta.<\/p>\n\n\n\n\n\n<p><\/p>\n","protected":false},"excerpt":{"rendered":"<p>DISPONIBILIDAD CAMINO INCA 2026 Estimados pasajeros, Les tenemos buenas noticias, el Camino Inca cl\u00e1sico a Machupicchu &#8230;<\/p>\n","protected":false},"author":1,"featured_media":7754,"parent":0,"menu_order":0,"comment_status":"closed","ping_status":"closed","template":"","meta":{"_acf_changed":false,"advgb_blocks_editor_width":"","advgb_blocks_columns_visual_guide":"","footnotes":""},"class_list":["post-2267","page","type-page","status-publish","has-post-thumbnail","hentry"],"acf":[],"yoast_head":"<!-- This site is optimized with the Yoast SEO Premium plugin v25.2 (Yoast SEO v27.4) - https:\/\/yoast.com\/product\/yoast-seo-premium-wordpress\/ -->\n<title>Disponibilidad del Camino Inca 2026 - Local Trekkers Peru<\/title>\n<meta name=\"robots\" content=\"index, follow, max-snippet:-1, max-image-preview:large, max-video-preview:-1\" \/>\n<link rel=\"canonical\" href=\"https:\/\/localtrekkersperu.com\/es\/disponibilidad-del-camino-inca\/\" \/>\n<meta property=\"og:locale\" content=\"es_ES\" \/>\n<meta property=\"og:type\" content=\"article\" \/>\n<meta property=\"og:title\" content=\"Disponibilidad del Camino Inca 2026\" \/>\n<meta property=\"og:description\" content=\"DISPONIBILIDAD CAMINO INCA 2026 Estimados pasajeros, Les tenemos buenas noticias, el Camino Inca cl\u00e1sico a Machupicchu ...\" \/>\n<meta property=\"og:url\" content=\"https:\/\/localtrekkersperu.com\/es\/disponibilidad-del-camino-inca\/\" \/>\n<meta property=\"og:site_name\" content=\"Local Trekkers Peru\" \/>\n<meta property=\"article:modified_time\" content=\"2026-03-04T22:17:41+00:00\" \/>\n<meta property=\"og:image\" content=\"https:\/\/localtrekkersperu.com\/wp-content\/uploads\/2025\/07\/camino.webp\" \/>\n\t<meta property=\"og:image:width\" content=\"2003\" \/>\n\t<meta property=\"og:image:height\" content=\"402\" \/>\n\t<meta property=\"og:image:type\" content=\"image\/webp\" \/>\n<meta name=\"twitter:card\" content=\"summary_large_image\" \/>\n<meta name=\"twitter:label1\" content=\"Tiempo de lectura\" \/>\n\t<meta name=\"twitter:data1\" content=\"1 minuto\" \/>\n<script type=\"application\/ld+json\" class=\"yoast-schema-graph\">{\"@context\":\"https:\\\/\\\/schema.org\",\"@graph\":[{\"@type\":\"WebPage\",\"@id\":\"https:\\\/\\\/localtrekkersperu.com\\\/es\\\/disponibilidad-del-camino-inca\\\/\",\"url\":\"https:\\\/\\\/localtrekkersperu.com\\\/es\\\/disponibilidad-del-camino-inca\\\/\",\"name\":\"Disponibilidad del Camino Inca 2026 - Local Trekkers Peru\",\"isPartOf\":{\"@id\":\"https:\\\/\\\/localtrekkersperu.com\\\/es\\\/#website\"},\"primaryImageOfPage\":{\"@id\":\"https:\\\/\\\/localtrekkersperu.com\\\/es\\\/disponibilidad-del-camino-inca\\\/#primaryimage\"},\"image\":{\"@id\":\"https:\\\/\\\/localtrekkersperu.com\\\/es\\\/disponibilidad-del-camino-inca\\\/#primaryimage\"},\"thumbnailUrl\":\"https:\\\/\\\/localtrekkersperu.com\\\/wp-content\\\/uploads\\\/2025\\\/07\\\/camino.webp\",\"datePublished\":\"2024-10-12T18:24:34+00:00\",\"dateModified\":\"2026-03-04T22:17:41+00:00\",\"breadcrumb\":{\"@id\":\"https:\\\/\\\/localtrekkersperu.com\\\/es\\\/disponibilidad-del-camino-inca\\\/#breadcrumb\"},\"inLanguage\":\"es\",\"potentialAction\":[{\"@type\":\"ReadAction\",\"target\":[\"https:\\\/\\\/localtrekkersperu.com\\\/es\\\/disponibilidad-del-camino-inca\\\/\"]}]},{\"@type\":\"ImageObject\",\"inLanguage\":\"es\",\"@id\":\"https:\\\/\\\/localtrekkersperu.com\\\/es\\\/disponibilidad-del-camino-inca\\\/#primaryimage\",\"url\":\"https:\\\/\\\/localtrekkersperu.com\\\/wp-content\\\/uploads\\\/2025\\\/07\\\/camino.webp\",\"contentUrl\":\"https:\\\/\\\/localtrekkersperu.com\\\/wp-content\\\/uploads\\\/2025\\\/07\\\/camino.webp\",\"width\":2003,\"height\":402},{\"@type\":\"BreadcrumbList\",\"@id\":\"https:\\\/\\\/localtrekkersperu.com\\\/es\\\/disponibilidad-del-camino-inca\\\/#breadcrumb\",\"itemListElement\":[{\"@type\":\"ListItem\",\"position\":1,\"name\":\"Home\",\"item\":\"https:\\\/\\\/localtrekkersperu.com\\\/es\\\/\"},{\"@type\":\"ListItem\",\"position\":2,\"name\":\"Disponibilidad del Camino Inca 2026\"}]},{\"@type\":\"WebSite\",\"@id\":\"https:\\\/\\\/localtrekkersperu.com\\\/es\\\/#website\",\"url\":\"https:\\\/\\\/localtrekkersperu.com\\\/es\\\/\",\"name\":\"Local Trekkers Peru\",\"description\":\"\",\"publisher\":{\"@id\":\"https:\\\/\\\/localtrekkersperu.com\\\/es\\\/#organization\"},\"potentialAction\":[{\"@type\":\"SearchAction\",\"target\":{\"@type\":\"EntryPoint\",\"urlTemplate\":\"https:\\\/\\\/localtrekkersperu.com\\\/es\\\/?s={search_term_string}\"},\"query-input\":{\"@type\":\"PropertyValueSpecification\",\"valueRequired\":true,\"valueName\":\"search_term_string\"}}],\"inLanguage\":\"es\"},{\"@type\":\"Organization\",\"@id\":\"https:\\\/\\\/localtrekkersperu.com\\\/es\\\/#organization\",\"name\":\"Local Trekkers Peru\",\"url\":\"https:\\\/\\\/localtrekkersperu.com\\\/es\\\/\",\"logo\":{\"@type\":\"ImageObject\",\"inLanguage\":\"es\",\"@id\":\"https:\\\/\\\/localtrekkersperu.com\\\/es\\\/#\\\/schema\\\/logo\\\/image\\\/\",\"url\":\"https:\\\/\\\/localtrekkersperu.com\\\/wp-content\\\/uploads\\\/2024\\\/08\\\/logo.png\",\"contentUrl\":\"https:\\\/\\\/localtrekkersperu.com\\\/wp-content\\\/uploads\\\/2024\\\/08\\\/logo.png\",\"width\":411,\"height\":122,\"caption\":\"Local Trekkers Peru\"},\"image\":{\"@id\":\"https:\\\/\\\/localtrekkersperu.com\\\/es\\\/#\\\/schema\\\/logo\\\/image\\\/\"}}]}<\/script>\n<!-- \/ Yoast SEO Premium plugin. -->","yoast_head_json":{"title":"Disponibilidad del Camino Inca 2026 - Local Trekkers Peru","robots":{"index":"index","follow":"follow","max-snippet":"max-snippet:-1","max-image-preview":"max-image-preview:large","max-video-preview":"max-video-preview:-1"},"canonical":"https:\/\/localtrekkersperu.com\/es\/disponibilidad-del-camino-inca\/","og_locale":"es_ES","og_type":"article","og_title":"Disponibilidad del Camino Inca 2026","og_description":"DISPONIBILIDAD CAMINO INCA 2026 Estimados pasajeros, Les tenemos buenas noticias, el Camino Inca cl\u00e1sico a Machupicchu ...","og_url":"https:\/\/localtrekkersperu.com\/es\/disponibilidad-del-camino-inca\/","og_site_name":"Local Trekkers Peru","article_modified_time":"2026-03-04T22:17:41+00:00","og_image":[{"width":2003,"height":402,"url":"https:\/\/localtrekkersperu.com\/wp-content\/uploads\/2025\/07\/camino.webp","type":"image\/webp"}],"twitter_card":"summary_large_image","twitter_misc":{"Tiempo de lectura":"1 minuto"},"schema":{"@context":"https:\/\/schema.org","@graph":[{"@type":"WebPage","@id":"https:\/\/localtrekkersperu.com\/es\/disponibilidad-del-camino-inca\/","url":"https:\/\/localtrekkersperu.com\/es\/disponibilidad-del-camino-inca\/","name":"Disponibilidad del Camino Inca 2026 - Local Trekkers Peru","isPartOf":{"@id":"https:\/\/localtrekkersperu.com\/es\/#website"},"primaryImageOfPage":{"@id":"https:\/\/localtrekkersperu.com\/es\/disponibilidad-del-camino-inca\/#primaryimage"},"image":{"@id":"https:\/\/localtrekkersperu.com\/es\/disponibilidad-del-camino-inca\/#primaryimage"},"thumbnailUrl":"https:\/\/localtrekkersperu.com\/wp-content\/uploads\/2025\/07\/camino.webp","datePublished":"2024-10-12T18:24:34+00:00","dateModified":"2026-03-04T22:17:41+00:00","breadcrumb":{"@id":"https:\/\/localtrekkersperu.com\/es\/disponibilidad-del-camino-inca\/#breadcrumb"},"inLanguage":"es","potentialAction":[{"@type":"ReadAction","target":["https:\/\/localtrekkersperu.com\/es\/disponibilidad-del-camino-inca\/"]}]},{"@type":"ImageObject","inLanguage":"es","@id":"https:\/\/localtrekkersperu.com\/es\/disponibilidad-del-camino-inca\/#primaryimage","url":"https:\/\/localtrekkersperu.com\/wp-content\/uploads\/2025\/07\/camino.webp","contentUrl":"https:\/\/localtrekkersperu.com\/wp-content\/uploads\/2025\/07\/camino.webp","width":2003,"height":402},{"@type":"BreadcrumbList","@id":"https:\/\/localtrekkersperu.com\/es\/disponibilidad-del-camino-inca\/#breadcrumb","itemListElement":[{"@type":"ListItem","position":1,"name":"Home","item":"https:\/\/localtrekkersperu.com\/es\/"},{"@type":"ListItem","position":2,"name":"Disponibilidad del Camino Inca 2026"}]},{"@type":"WebSite","@id":"https:\/\/localtrekkersperu.com\/es\/#website","url":"https:\/\/localtrekkersperu.com\/es\/","name":"Local Trekkers Peru","description":"","publisher":{"@id":"https:\/\/localtrekkersperu.com\/es\/#organization"},"potentialAction":[{"@type":"SearchAction","target":{"@type":"EntryPoint","urlTemplate":"https:\/\/localtrekkersperu.com\/es\/?s={search_term_string}"},"query-input":{"@type":"PropertyValueSpecification","valueRequired":true,"valueName":"search_term_string"}}],"inLanguage":"es"},{"@type":"Organization","@id":"https:\/\/localtrekkersperu.com\/es\/#organization","name":"Local Trekkers Peru","url":"https:\/\/localtrekkersperu.com\/es\/","logo":{"@type":"ImageObject","inLanguage":"es","@id":"https:\/\/localtrekkersperu.com\/es\/#\/schema\/logo\/image\/","url":"https:\/\/localtrekkersperu.com\/wp-content\/uploads\/2024\/08\/logo.png","contentUrl":"https:\/\/localtrekkersperu.com\/wp-content\/uploads\/2024\/08\/logo.png","width":411,"height":122,"caption":"Local Trekkers Peru"},"image":{"@id":"https:\/\/localtrekkersperu.com\/es\/#\/schema\/logo\/image\/"}}]}},"coauthors":[],"author_meta":{"author_link":"https:\/\/localtrekkersperu.com\/es\/author\/admin_local\/","display_name":"admin_local"},"relative_dates":{"created":"Publicado 2 a\u00f1os hace","modified":"Actualizado 2 meses hace"},"absolute_dates":{"created":"Publicado el octubre 12, 2024","modified":"Actualizado el marzo 4, 2026"},"absolute_dates_time":{"created":"Publicado el octubre 12, 2024 6:24 pm","modified":"Actualizado el marzo 4, 2026 10:17 pm"},"featured_img_caption":"","featured_img":"https:\/\/localtrekkersperu.com\/wp-content\/uploads\/2025\/07\/camino.webp","series_order":"","_links":{"self":[{"href":"https:\/\/localtrekkersperu.com\/es\/wp-json\/wp\/v2\/pages\/2267","targetHints":{"allow":["GET"]}}],"collection":[{"href":"https:\/\/localtrekkersperu.com\/es\/wp-json\/wp\/v2\/pages"}],"about":[{"href":"https:\/\/localtrekkersperu.com\/es\/wp-json\/wp\/v2\/types\/page"}],"author":[{"embeddable":true,"href":"https:\/\/localtrekkersperu.com\/es\/wp-json\/wp\/v2\/users\/1"}],"replies":[{"embeddable":true,"href":"https:\/\/localtrekkersperu.com\/es\/wp-json\/wp\/v2\/comments?post=2267"}],"version-history":[{"count":2,"href":"https:\/\/localtrekkersperu.com\/es\/wp-json\/wp\/v2\/pages\/2267\/revisions"}],"predecessor-version":[{"id":11007,"href":"https:\/\/localtrekkersperu.com\/es\/wp-json\/wp\/v2\/pages\/2267\/revisions\/11007"}],"wp:featuredmedia":[{"embeddable":true,"href":"https:\/\/localtrekkersperu.com\/es\/wp-json\/wp\/v2\/media\/7754"}],"wp:attachment":[{"href":"https:\/\/localtrekkersperu.com\/es\/wp-json\/wp\/v2\/media?parent=2267"}],"curies":[{"name":"wp","href":"https:\/\/api.w.org\/{rel}","templated":true}]}}