{"id":2259,"date":"2024-09-10T00:42:24","date_gmt":"2024-09-10T00:42:24","guid":{"rendered":"https:\/\/localtrekkersperu.com\/contact-us\/"},"modified":"2025-07-18T16:35:41","modified_gmt":"2025-07-18T16:35:41","slug":"contactos","status":"publish","type":"page","link":"https:\/\/localtrekkersperu.com\/es\/contactos\/","title":{"rendered":"Contactos"},"content":{"rendered":"\n<h2 class=\"wp-block-heading\" id=\"h-\"><\/h2>\n\n\n\n<div class=\"wp-block-columns is-layout-flex wp-container-core-columns-is-layout-9d6595d7 wp-block-columns-is-layout-flex\">\n<div class=\"wp-block-column is-layout-flow wp-block-column-is-layout-flow\">\n<div class=\"wp-block-contact-form-7-contact-form-selector\">\n<div class=\"wpcf7 no-js\" id=\"wpcf7-f2558-o1\" lang=\"en-US\" dir=\"ltr\" data-wpcf7-id=\"2558\">\n<div class=\"screen-reader-response\"><p role=\"status\" aria-live=\"polite\" aria-atomic=\"true\"><\/p> <ul><\/ul><\/div>\n<form action=\"\/es\/wp-json\/wp\/v2\/pages\/2259#wpcf7-f2558-o1\" method=\"post\" class=\"wpcf7-form init\" aria-label=\"Contact form\" novalidate=\"novalidate\" data-status=\"init\">\n<fieldset class=\"hidden-fields-container\"><input type=\"hidden\" name=\"_wpcf7\" value=\"2558\" \/><input type=\"hidden\" name=\"_wpcf7_version\" value=\"6.1.5\" \/><input type=\"hidden\" name=\"_wpcf7_locale\" value=\"en_US\" \/><input type=\"hidden\" name=\"_wpcf7_unit_tag\" value=\"wpcf7-f2558-o1\" \/><input type=\"hidden\" name=\"_wpcf7_container_post\" value=\"0\" \/><input type=\"hidden\" name=\"_wpcf7_posted_data_hash\" value=\"\" \/><input type=\"hidden\" name=\"_wpcf7_recaptcha_response\" value=\"\" \/>\n<\/fieldset>\n<div>\n<h3 class=\"titleform\">Contact Form<\/h3>\n<div class=\"formlocal\">\n<p>Please complete the form below to request a reservation. One of our Trip Coordinators will contact you, often within two business hours, to confirm availability on the trip and\/or provide you with other options.<\/p>\n\n\t\t\t\t\t   <label for=\"name\">Nombre:<\/label>\n<span class=\"wpcf7-form-control-wrap\" data-name=\"names\"><input size=\"40\" maxlength=\"400\" class=\"wpcf7-form-control wpcf7-text wpcf7-validates-as-required\" aria-required=\"true\" aria-invalid=\"false\" value=\"\" type=\"text\" name=\"names\" \/><\/span>\n<label for=\"email\">Correo electr\u00f3nico:<\/label>\n<span class=\"wpcf7-form-control-wrap\" data-name=\"emails\"><input size=\"40\" maxlength=\"400\" class=\"wpcf7-form-control wpcf7-email wpcf7-validates-as-required wpcf7-text wpcf7-validates-as-email\" aria-required=\"true\" aria-invalid=\"false\" value=\"\" type=\"email\" name=\"emails\" \/><\/span>\n<label for=\"WhatsApp\">WhatsApp:<\/label>\n<span class=\"wpcf7-form-control-wrap\" data-name=\"whatsapp\"><input size=\"40\" maxlength=\"400\" class=\"wpcf7-form-control wpcf7-text\" aria-invalid=\"false\" value=\"\" type=\"text\" name=\"whatsapp\" \/><\/span>\n<label for=\"Country\">Pa\u00eds:<\/label>\n<span class=\"wpcf7-form-control-wrap\" data-name=\"country\"><input size=\"40\" maxlength=\"400\" class=\"wpcf7-form-control wpcf7-text\" aria-invalid=\"false\" value=\"\" type=\"text\" name=\"country\" \/><\/span>\n<label for=\"Subject\">Asunto:<\/label>\n<span class=\"wpcf7-form-control-wrap\" data-name=\"subject\"><input size=\"40\" maxlength=\"400\" class=\"wpcf7-form-control wpcf7-text\" aria-invalid=\"false\" value=\"\" type=\"text\" name=\"subject\" \/><\/span>\n<label for=\"message\">Mensaje:<\/label>\n<span class=\"wpcf7-form-control-wrap\" data-name=\"message\"><textarea cols=\"40\" rows=\"10\" maxlength=\"2000\" class=\"wpcf7-form-control wpcf7-textarea\" aria-invalid=\"false\" name=\"message\"><\/textarea><\/span>\n<input class=\"wpcf7-form-control wpcf7-submit has-spinner sendlocal\" type=\"submit\" value=\"Enviar Mensaje\" \/>\n\n\t\t\n\t\t\t\t<\/div>\n<\/div><div class=\"wpcf7-response-output\" aria-hidden=\"true\"><\/div>\n<\/form>\n<\/div>\n<\/div>\n<\/div>\n\n\n\n<div class=\"wp-block-column is-layout-flow wp-block-column-is-layout-flow\">\n<h2 class=\"wp-block-heading\" id=\"h-operador-turistico-local-directo-cusco\">Operador Tur\u00edstico Local Directo Cusco<\/h2>\n\n\n\n<h3 class=\"wp-block-heading\" id=\"h-local-trekkers-peru-es-un-tour-operador-local-en-cusco-peru\">LOCAL TREKKERS PERU es un Tour Operador local en Cusco, Per\u00fa<\/h3>\n\n\n\n<figure class=\"wp-block-image size-large is-style-default rounded\"><img loading=\"lazy\" decoding=\"async\" width=\"1024\" height=\"747\" src=\"https:\/\/localtrekkersperu.com\/wp-content\/uploads\/2024\/09\/Inca-Trail-4-Days-2-1024x747.jpg\" alt=\"\" class=\"wp-image-42\" style=\"aspect-ratio:16\/9;object-fit:cover\" srcset=\"https:\/\/localtrekkersperu.com\/wp-content\/uploads\/2024\/09\/Inca-Trail-4-Days-2-1024x747.jpg 1024w, https:\/\/localtrekkersperu.com\/wp-content\/uploads\/2024\/09\/Inca-Trail-4-Days-2-300x219.jpg 300w, https:\/\/localtrekkersperu.com\/wp-content\/uploads\/2024\/09\/Inca-Trail-4-Days-2-768x560.jpg 768w, https:\/\/localtrekkersperu.com\/wp-content\/uploads\/2024\/09\/Inca-Trail-4-Days-2-1536x1120.jpg 1536w, https:\/\/localtrekkersperu.com\/wp-content\/uploads\/2024\/09\/Inca-Trail-4-Days-2-2048x1493.jpg 2048w\" sizes=\"auto, (max-width: 1024px) 100vw, 1024px\" \/><\/figure>\n\n\n\n<p>Si tienes alguna pregunta sobre nuestras caminatas, tours o paquetes, no dudes en escribirnos, nuestro equipo responder\u00e1 todas tus preguntas de inmediato. Si por alguna raz\u00f3n no recibes respuesta, revisa tu correo no deseado, tambi\u00e9n puedes utilizar nuestra direcci\u00f3n de correo electr\u00f3nico: info@localtrekkersperu.com. Tambi\u00e9n puedes contactarnos a trav\u00e9s de nuestras redes sociales y WhatsApp.<\/p>\n\n\n\n<h2 class=\"wp-block-heading\" id=\"h-informacion-del-contacto\">Informaci\u00f3n del contacto<\/h2>\n\n\n\n<p><strong>Direcci\u00f3n<\/strong>: Calle Marques, Interior Oficina\u00a0B-10 &#8211; Cusco &#8211; Peru<\/p>\n\n\n\n<p><strong>Celular<\/strong>: <a href=\"https:\/\/wa.me\/51943427160\" target=\"_blank\" rel=\"noreferrer noopener\">(+51) 943 427 160<\/a> \/ <a href=\"https:\/\/wa.me\/51941931763\">(+51) 941 931 763<\/a><\/p>\n\n\n\n<p> <strong>WhatsApp<\/strong>: <a href=\"https:\/\/wa.me\/51943427160\" target=\"_blank\" rel=\"noreferrer noopener\">(+51) 943 427 160<\/a><\/p>\n\n\n\n<p> <strong>E-mail<\/strong>: <a href=\"mailto:info@localtrekkersperu.com\" target=\"_blank\" rel=\"noreferrer noopener\">info@localtrekkersperu.com<\/a><\/p>\n\n\n\n<p> <strong>Facebook<\/strong>: <a href=\"https:\/\/www.facebook.com\/localtrekkersperu\" target=\"_blank\" rel=\"noreferrer noopener\">@LocalTrekkersPeru<\/a><\/p>\n<\/div>\n<\/div>\n\n\n\n<div style=\"height:33px\" aria-hidden=\"true\" class=\"wp-block-spacer\"><\/div>\n\n\n\n<h2 class=\"wp-block-heading\" id=\"h-nuestra-ubicacion\">Nuestra ubicaci\u00f3n<\/h2>\n\n\n\n<iframe src=\"https:\/\/www.google.com\/maps\/embed?pb=!1m18!1m12!1m3!1d3879.2769981194983!2d-71.98238352398715!3d-13.518585071050335!2m3!1f0!2f0!3f0!3m2!1i1024!2i768!4f13.1!3m3!1m2!1s0x916dd798232790e7%3A0x86673433ec60ea24!2sLocal%20Trekkers%20Peru!5e0!3m2!1ses!2spe!4v1725931908715!5m2!1ses!2spe\" width=\"100%\" height=\"450\" style=\"border:0;\" allowfullscreen=\"\" loading=\"lazy\" referrerpolicy=\"no-referrer-when-downgrade\"><\/iframe>\n","protected":false},"excerpt":{"rendered":"<p>Operador Tur\u00edstico Local Directo Cusco LOCAL TREKKERS PERU es un Tour Operador local en Cusco, Per\u00fa Si tienes alguna p&#8230;<\/p>\n","protected":false},"author":1,"featured_media":7754,"parent":0,"menu_order":0,"comment_status":"closed","ping_status":"closed","template":"","meta":{"_acf_changed":false,"advgb_blocks_editor_width":"","advgb_blocks_columns_visual_guide":"","footnotes":""},"class_list":["post-2259","page","type-page","status-publish","has-post-thumbnail","hentry"],"acf":[],"yoast_head":"<!-- This site is optimized with the Yoast SEO Premium plugin v25.2 (Yoast SEO v27.4) - https:\/\/yoast.com\/product\/yoast-seo-premium-wordpress\/ -->\n<title>Contactos - Local Trekkers Peru<\/title>\n<meta name=\"robots\" content=\"index, follow, max-snippet:-1, max-image-preview:large, max-video-preview:-1\" \/>\n<link rel=\"canonical\" href=\"https:\/\/localtrekkersperu.com\/es\/contactos\/\" \/>\n<meta property=\"og:locale\" content=\"es_ES\" \/>\n<meta property=\"og:type\" content=\"article\" \/>\n<meta property=\"og:title\" content=\"Contactos\" \/>\n<meta property=\"og:description\" content=\"Operador Tur\u00edstico Local Directo Cusco LOCAL TREKKERS PERU es un Tour Operador local en Cusco, Per\u00fa Si tienes alguna p...\" \/>\n<meta property=\"og:url\" content=\"https:\/\/localtrekkersperu.com\/es\/contactos\/\" \/>\n<meta property=\"og:site_name\" content=\"Local Trekkers Peru\" \/>\n<meta property=\"article:modified_time\" content=\"2025-07-18T16:35:41+00:00\" \/>\n<meta property=\"og:image\" content=\"https:\/\/localtrekkersperu.com\/wp-content\/uploads\/2025\/07\/camino.webp\" \/>\n\t<meta property=\"og:image:width\" content=\"2003\" \/>\n\t<meta property=\"og:image:height\" content=\"402\" \/>\n\t<meta property=\"og:image:type\" content=\"image\/webp\" \/>\n<meta name=\"twitter:card\" content=\"summary_large_image\" \/>\n<meta name=\"twitter:label1\" content=\"Tiempo de lectura\" \/>\n\t<meta name=\"twitter:data1\" content=\"1 minuto\" \/>\n<script type=\"application\/ld+json\" class=\"yoast-schema-graph\">{\"@context\":\"https:\\\/\\\/schema.org\",\"@graph\":[{\"@type\":\"WebPage\",\"@id\":\"https:\\\/\\\/localtrekkersperu.com\\\/es\\\/contactos\\\/\",\"url\":\"https:\\\/\\\/localtrekkersperu.com\\\/es\\\/contactos\\\/\",\"name\":\"Contactos - Local Trekkers Peru\",\"isPartOf\":{\"@id\":\"https:\\\/\\\/localtrekkersperu.com\\\/es\\\/#website\"},\"primaryImageOfPage\":{\"@id\":\"https:\\\/\\\/localtrekkersperu.com\\\/es\\\/contactos\\\/#primaryimage\"},\"image\":{\"@id\":\"https:\\\/\\\/localtrekkersperu.com\\\/es\\\/contactos\\\/#primaryimage\"},\"thumbnailUrl\":\"https:\\\/\\\/localtrekkersperu.com\\\/wp-content\\\/uploads\\\/2025\\\/07\\\/camino.webp\",\"datePublished\":\"2024-09-10T00:42:24+00:00\",\"dateModified\":\"2025-07-18T16:35:41+00:00\",\"breadcrumb\":{\"@id\":\"https:\\\/\\\/localtrekkersperu.com\\\/es\\\/contactos\\\/#breadcrumb\"},\"inLanguage\":\"es\",\"potentialAction\":[{\"@type\":\"ReadAction\",\"target\":[\"https:\\\/\\\/localtrekkersperu.com\\\/es\\\/contactos\\\/\"]}]},{\"@type\":\"ImageObject\",\"inLanguage\":\"es\",\"@id\":\"https:\\\/\\\/localtrekkersperu.com\\\/es\\\/contactos\\\/#primaryimage\",\"url\":\"https:\\\/\\\/localtrekkersperu.com\\\/wp-content\\\/uploads\\\/2025\\\/07\\\/camino.webp\",\"contentUrl\":\"https:\\\/\\\/localtrekkersperu.com\\\/wp-content\\\/uploads\\\/2025\\\/07\\\/camino.webp\",\"width\":2003,\"height\":402},{\"@type\":\"BreadcrumbList\",\"@id\":\"https:\\\/\\\/localtrekkersperu.com\\\/es\\\/contactos\\\/#breadcrumb\",\"itemListElement\":[{\"@type\":\"ListItem\",\"position\":1,\"name\":\"Home\",\"item\":\"https:\\\/\\\/localtrekkersperu.com\\\/es\\\/\"},{\"@type\":\"ListItem\",\"position\":2,\"name\":\"Contactos\"}]},{\"@type\":\"WebSite\",\"@id\":\"https:\\\/\\\/localtrekkersperu.com\\\/es\\\/#website\",\"url\":\"https:\\\/\\\/localtrekkersperu.com\\\/es\\\/\",\"name\":\"Local Trekkers Peru\",\"description\":\"\",\"publisher\":{\"@id\":\"https:\\\/\\\/localtrekkersperu.com\\\/es\\\/#organization\"},\"potentialAction\":[{\"@type\":\"SearchAction\",\"target\":{\"@type\":\"EntryPoint\",\"urlTemplate\":\"https:\\\/\\\/localtrekkersperu.com\\\/es\\\/?s={search_term_string}\"},\"query-input\":{\"@type\":\"PropertyValueSpecification\",\"valueRequired\":true,\"valueName\":\"search_term_string\"}}],\"inLanguage\":\"es\"},{\"@type\":\"Organization\",\"@id\":\"https:\\\/\\\/localtrekkersperu.com\\\/es\\\/#organization\",\"name\":\"Local Trekkers Peru\",\"url\":\"https:\\\/\\\/localtrekkersperu.com\\\/es\\\/\",\"logo\":{\"@type\":\"ImageObject\",\"inLanguage\":\"es\",\"@id\":\"https:\\\/\\\/localtrekkersperu.com\\\/es\\\/#\\\/schema\\\/logo\\\/image\\\/\",\"url\":\"https:\\\/\\\/localtrekkersperu.com\\\/wp-content\\\/uploads\\\/2024\\\/08\\\/logo.png\",\"contentUrl\":\"https:\\\/\\\/localtrekkersperu.com\\\/wp-content\\\/uploads\\\/2024\\\/08\\\/logo.png\",\"width\":411,\"height\":122,\"caption\":\"Local Trekkers Peru\"},\"image\":{\"@id\":\"https:\\\/\\\/localtrekkersperu.com\\\/es\\\/#\\\/schema\\\/logo\\\/image\\\/\"}}]}<\/script>\n<!-- \/ Yoast SEO Premium plugin. -->","yoast_head_json":{"title":"Contactos - Local Trekkers Peru","robots":{"index":"index","follow":"follow","max-snippet":"max-snippet:-1","max-image-preview":"max-image-preview:large","max-video-preview":"max-video-preview:-1"},"canonical":"https:\/\/localtrekkersperu.com\/es\/contactos\/","og_locale":"es_ES","og_type":"article","og_title":"Contactos","og_description":"Operador Tur\u00edstico Local Directo Cusco LOCAL TREKKERS PERU es un Tour Operador local en Cusco, Per\u00fa Si tienes alguna p...","og_url":"https:\/\/localtrekkersperu.com\/es\/contactos\/","og_site_name":"Local Trekkers Peru","article_modified_time":"2025-07-18T16:35:41+00:00","og_image":[{"width":2003,"height":402,"url":"https:\/\/localtrekkersperu.com\/wp-content\/uploads\/2025\/07\/camino.webp","type":"image\/webp"}],"twitter_card":"summary_large_image","twitter_misc":{"Tiempo de lectura":"1 minuto"},"schema":{"@context":"https:\/\/schema.org","@graph":[{"@type":"WebPage","@id":"https:\/\/localtrekkersperu.com\/es\/contactos\/","url":"https:\/\/localtrekkersperu.com\/es\/contactos\/","name":"Contactos - Local Trekkers Peru","isPartOf":{"@id":"https:\/\/localtrekkersperu.com\/es\/#website"},"primaryImageOfPage":{"@id":"https:\/\/localtrekkersperu.com\/es\/contactos\/#primaryimage"},"image":{"@id":"https:\/\/localtrekkersperu.com\/es\/contactos\/#primaryimage"},"thumbnailUrl":"https:\/\/localtrekkersperu.com\/wp-content\/uploads\/2025\/07\/camino.webp","datePublished":"2024-09-10T00:42:24+00:00","dateModified":"2025-07-18T16:35:41+00:00","breadcrumb":{"@id":"https:\/\/localtrekkersperu.com\/es\/contactos\/#breadcrumb"},"inLanguage":"es","potentialAction":[{"@type":"ReadAction","target":["https:\/\/localtrekkersperu.com\/es\/contactos\/"]}]},{"@type":"ImageObject","inLanguage":"es","@id":"https:\/\/localtrekkersperu.com\/es\/contactos\/#primaryimage","url":"https:\/\/localtrekkersperu.com\/wp-content\/uploads\/2025\/07\/camino.webp","contentUrl":"https:\/\/localtrekkersperu.com\/wp-content\/uploads\/2025\/07\/camino.webp","width":2003,"height":402},{"@type":"BreadcrumbList","@id":"https:\/\/localtrekkersperu.com\/es\/contactos\/#breadcrumb","itemListElement":[{"@type":"ListItem","position":1,"name":"Home","item":"https:\/\/localtrekkersperu.com\/es\/"},{"@type":"ListItem","position":2,"name":"Contactos"}]},{"@type":"WebSite","@id":"https:\/\/localtrekkersperu.com\/es\/#website","url":"https:\/\/localtrekkersperu.com\/es\/","name":"Local Trekkers Peru","description":"","publisher":{"@id":"https:\/\/localtrekkersperu.com\/es\/#organization"},"potentialAction":[{"@type":"SearchAction","target":{"@type":"EntryPoint","urlTemplate":"https:\/\/localtrekkersperu.com\/es\/?s={search_term_string}"},"query-input":{"@type":"PropertyValueSpecification","valueRequired":true,"valueName":"search_term_string"}}],"inLanguage":"es"},{"@type":"Organization","@id":"https:\/\/localtrekkersperu.com\/es\/#organization","name":"Local Trekkers Peru","url":"https:\/\/localtrekkersperu.com\/es\/","logo":{"@type":"ImageObject","inLanguage":"es","@id":"https:\/\/localtrekkersperu.com\/es\/#\/schema\/logo\/image\/","url":"https:\/\/localtrekkersperu.com\/wp-content\/uploads\/2024\/08\/logo.png","contentUrl":"https:\/\/localtrekkersperu.com\/wp-content\/uploads\/2024\/08\/logo.png","width":411,"height":122,"caption":"Local Trekkers Peru"},"image":{"@id":"https:\/\/localtrekkersperu.com\/es\/#\/schema\/logo\/image\/"}}]}},"coauthors":[],"author_meta":{"author_link":"https:\/\/localtrekkersperu.com\/es\/author\/admin_local\/","display_name":"admin_local"},"relative_dates":{"created":"Publicado 2 a\u00f1os hace","modified":"Actualizado 10 meses hace"},"absolute_dates":{"created":"Publicado el septiembre 10, 2024","modified":"Actualizado el julio 18, 2025"},"absolute_dates_time":{"created":"Publicado el septiembre 10, 2024 12:42 am","modified":"Actualizado el julio 18, 2025 4:35 pm"},"featured_img_caption":"","featured_img":"https:\/\/localtrekkersperu.com\/wp-content\/uploads\/2025\/07\/camino.webp","series_order":"","_links":{"self":[{"href":"https:\/\/localtrekkersperu.com\/es\/wp-json\/wp\/v2\/pages\/2259","targetHints":{"allow":["GET"]}}],"collection":[{"href":"https:\/\/localtrekkersperu.com\/es\/wp-json\/wp\/v2\/pages"}],"about":[{"href":"https:\/\/localtrekkersperu.com\/es\/wp-json\/wp\/v2\/types\/page"}],"author":[{"embeddable":true,"href":"https:\/\/localtrekkersperu.com\/es\/wp-json\/wp\/v2\/users\/1"}],"replies":[{"embeddable":true,"href":"https:\/\/localtrekkersperu.com\/es\/wp-json\/wp\/v2\/comments?post=2259"}],"version-history":[{"count":2,"href":"https:\/\/localtrekkersperu.com\/es\/wp-json\/wp\/v2\/pages\/2259\/revisions"}],"predecessor-version":[{"id":7599,"href":"https:\/\/localtrekkersperu.com\/es\/wp-json\/wp\/v2\/pages\/2259\/revisions\/7599"}],"wp:featuredmedia":[{"embeddable":true,"href":"https:\/\/localtrekkersperu.com\/es\/wp-json\/wp\/v2\/media\/7754"}],"wp:attachment":[{"href":"https:\/\/localtrekkersperu.com\/es\/wp-json\/wp\/v2\/media?parent=2259"}],"curies":[{"name":"wp","href":"https:\/\/api.w.org\/{rel}","templated":true}]}}