{"id":2247,"date":"2024-10-07T02:24:31","date_gmt":"2024-10-07T02:24:31","guid":{"rendered":"https:\/\/localtrekkersperu.com\/about-us\/"},"modified":"2025-06-02T00:23:04","modified_gmt":"2025-06-02T00:23:04","slug":"sobre-nosotros","status":"publish","type":"page","link":"https:\/\/localtrekkersperu.com\/es\/sobre-nosotros\/","title":{"rendered":"Sobre Nosotros"},"content":{"rendered":"\n<h2 class=\"wp-block-heading\">LOCAL TREKKERS PER\u00da EMPRESA 100%Per\u00faANA TOUR OPERADOR LOCAL<\/h2>\n\n\n\n<p>Estamos orgullosos de ser una empresa 100%Per\u00faana, Tour Operador Local en <strong><a href=\"https:\/\/localtrekkersperu.com\/blog\/cusco\/cusco\">Cusco<\/a><\/strong> el coraz\u00f3n del Imperio Inca, Alberto Alonso Valderrama Sandoval, el due\u00f1o de Local Trekkers Per\u00fa, tuvo el gran privilegio desde ni\u00f1o de crecer conociendo la Cultura y Costumbres de los Andes y elPer\u00faano. <strong>Amazonas<\/strong>, se cri\u00f3 hablando quechua lengua nativa de los incas y shipibo uno de los dialectos de la selvaPer\u00faana, ya que es hijo de padres cusque\u00f1os y loretanas, apasionado e interesado por la belleza y espiritualidad de los andes, se matricul\u00f3 en la universidad de Cusco estudiando Turismo e Ingl\u00e9s lo que le permiti\u00f3 ampliar sus conocimientos. Cuando se gradu\u00f3 de la Universidad, trabaj\u00f3 durante un tiempo en una oficina comercial local y finalmente se convirti\u00f3 en gu\u00eda tur\u00edstico. En el fondo de su coraz\u00f3n quer\u00eda conocer tambi\u00e9n la cultura de la Amazon\u00eda, ingresando a la Universidad de Iquitos estudiando la carrera de Ecolog\u00eda de la Selva Tropical. Se desempe\u00f1\u00f3 como gu\u00eda de la cultura ancestral de la Ayahuasca, leyenda de los mitos de la amazon\u00edaPer\u00faana, flora y fauna, fue voluntario de ONG, lo que le permiti\u00f3 ganar una beca a la ciudad de Quebec \u2013 Canad\u00e1 para compartir su conocimiento y experiencia de los Andes. y la amazon\u00edaPer\u00faana, antes de viajar, se inscribi\u00f3 en la Alianza Francesa para aprender franc\u00e9s, ganando tanta experiencia y por supuesto habla con fluidez espa\u00f1ol, quechua, ingl\u00e9s y franc\u00e9s. Cuando regres\u00f3 a Cusco, se dio cuenta que la mayor\u00eda de las empresas est\u00e1n enfocadas en el dinero y menos en las personas, creando Local Trekkers Per\u00fa, brindando un buen trato y calidad de vida a su equipo, empleando a hombres y mujeres de los Andes y de la Amazon\u00eda.<\/p>\n\n\n\n<figure class=\"wp-block-image size-large\"><img loading=\"lazy\" decoding=\"async\" width=\"1024\" height=\"566\" src=\"https:\/\/localtrekkersperu.com\/wp-content\/uploads\/2024\/10\/Logo-Group-Travel-Peru-1024x566.webp\" alt=\"\" class=\"wp-image-1500\" srcset=\"https:\/\/localtrekkersperu.com\/wp-content\/uploads\/2024\/10\/Logo-Group-Travel-Peru-1024x566.webp 1024w, https:\/\/localtrekkersperu.com\/wp-content\/uploads\/2024\/10\/Logo-Group-Travel-Peru-300x166.webp 300w, https:\/\/localtrekkersperu.com\/wp-content\/uploads\/2024\/10\/Logo-Group-Travel-Peru-768x424.webp 768w, https:\/\/localtrekkersperu.com\/wp-content\/uploads\/2024\/10\/Logo-Group-Travel-Peru.webp 1280w\" sizes=\"auto, (max-width: 1024px) 100vw, 1024px\" \/><\/figure>\n","protected":false},"excerpt":{"rendered":"<p>LOCAL TREKKERS PER\u00da EMPRESA 100%Per\u00faANA TOUR OPERADOR LOCAL Estamos orgullosos de ser una empresa 100%Per\u00faana, Tour O&#8230;<\/p>\n","protected":false},"author":1,"featured_media":7754,"parent":0,"menu_order":0,"comment_status":"closed","ping_status":"closed","template":"","meta":{"_acf_changed":false,"advgb_blocks_editor_width":"","advgb_blocks_columns_visual_guide":"","footnotes":""},"class_list":["post-2247","page","type-page","status-publish","has-post-thumbnail","hentry"],"acf":[],"yoast_head":"<!-- This site is optimized with the Yoast SEO Premium plugin v25.2 (Yoast SEO v27.4) - https:\/\/yoast.com\/product\/yoast-seo-premium-wordpress\/ -->\n<title>Sobre Nosotros - Local Trekkers Peru<\/title>\n<meta name=\"robots\" content=\"index, follow, max-snippet:-1, max-image-preview:large, max-video-preview:-1\" \/>\n<link rel=\"canonical\" href=\"https:\/\/localtrekkersperu.com\/es\/sobre-nosotros\/\" \/>\n<meta property=\"og:locale\" content=\"es_ES\" \/>\n<meta property=\"og:type\" content=\"article\" \/>\n<meta property=\"og:title\" content=\"Sobre Nosotros\" \/>\n<meta property=\"og:description\" content=\"LOCAL TREKKERS PER\u00da EMPRESA 100%Per\u00faANA TOUR OPERADOR LOCAL Estamos orgullosos de ser una empresa 100%Per\u00faana, Tour O...\" \/>\n<meta property=\"og:url\" content=\"https:\/\/localtrekkersperu.com\/es\/sobre-nosotros\/\" \/>\n<meta property=\"og:site_name\" content=\"Local Trekkers Peru\" \/>\n<meta property=\"article:modified_time\" content=\"2025-06-02T00:23:04+00:00\" \/>\n<meta property=\"og:image\" content=\"https:\/\/localtrekkersperu.com\/wp-content\/uploads\/2024\/10\/Logo-Group-Travel-Peru.webp\" \/>\n\t<meta property=\"og:image:width\" content=\"1280\" \/>\n\t<meta property=\"og:image:height\" content=\"707\" \/>\n\t<meta property=\"og:image:type\" content=\"image\/webp\" \/>\n<meta name=\"twitter:card\" content=\"summary_large_image\" \/>\n<meta name=\"twitter:label1\" content=\"Tiempo de lectura\" \/>\n\t<meta name=\"twitter:data1\" content=\"2 minutos\" \/>\n<script type=\"application\/ld+json\" class=\"yoast-schema-graph\">{\"@context\":\"https:\\\/\\\/schema.org\",\"@graph\":[{\"@type\":\"WebPage\",\"@id\":\"https:\\\/\\\/localtrekkersperu.com\\\/es\\\/sobre-nosotros\\\/\",\"url\":\"https:\\\/\\\/localtrekkersperu.com\\\/es\\\/sobre-nosotros\\\/\",\"name\":\"Sobre Nosotros - Local Trekkers Peru\",\"isPartOf\":{\"@id\":\"https:\\\/\\\/localtrekkersperu.com\\\/es\\\/#website\"},\"primaryImageOfPage\":{\"@id\":\"https:\\\/\\\/localtrekkersperu.com\\\/es\\\/sobre-nosotros\\\/#primaryimage\"},\"image\":{\"@id\":\"https:\\\/\\\/localtrekkersperu.com\\\/es\\\/sobre-nosotros\\\/#primaryimage\"},\"thumbnailUrl\":\"https:\\\/\\\/localtrekkersperu.com\\\/wp-content\\\/uploads\\\/2025\\\/07\\\/camino.webp\",\"datePublished\":\"2024-10-07T02:24:31+00:00\",\"dateModified\":\"2025-06-02T00:23:04+00:00\",\"breadcrumb\":{\"@id\":\"https:\\\/\\\/localtrekkersperu.com\\\/es\\\/sobre-nosotros\\\/#breadcrumb\"},\"inLanguage\":\"es\",\"potentialAction\":[{\"@type\":\"ReadAction\",\"target\":[\"https:\\\/\\\/localtrekkersperu.com\\\/es\\\/sobre-nosotros\\\/\"]}]},{\"@type\":\"ImageObject\",\"inLanguage\":\"es\",\"@id\":\"https:\\\/\\\/localtrekkersperu.com\\\/es\\\/sobre-nosotros\\\/#primaryimage\",\"url\":\"https:\\\/\\\/localtrekkersperu.com\\\/wp-content\\\/uploads\\\/2025\\\/07\\\/camino.webp\",\"contentUrl\":\"https:\\\/\\\/localtrekkersperu.com\\\/wp-content\\\/uploads\\\/2025\\\/07\\\/camino.webp\",\"width\":2003,\"height\":402},{\"@type\":\"BreadcrumbList\",\"@id\":\"https:\\\/\\\/localtrekkersperu.com\\\/es\\\/sobre-nosotros\\\/#breadcrumb\",\"itemListElement\":[{\"@type\":\"ListItem\",\"position\":1,\"name\":\"Home\",\"item\":\"https:\\\/\\\/localtrekkersperu.com\\\/es\\\/\"},{\"@type\":\"ListItem\",\"position\":2,\"name\":\"Sobre Nosotros\"}]},{\"@type\":\"WebSite\",\"@id\":\"https:\\\/\\\/localtrekkersperu.com\\\/es\\\/#website\",\"url\":\"https:\\\/\\\/localtrekkersperu.com\\\/es\\\/\",\"name\":\"Local Trekkers Peru\",\"description\":\"\",\"publisher\":{\"@id\":\"https:\\\/\\\/localtrekkersperu.com\\\/es\\\/#organization\"},\"potentialAction\":[{\"@type\":\"SearchAction\",\"target\":{\"@type\":\"EntryPoint\",\"urlTemplate\":\"https:\\\/\\\/localtrekkersperu.com\\\/es\\\/?s={search_term_string}\"},\"query-input\":{\"@type\":\"PropertyValueSpecification\",\"valueRequired\":true,\"valueName\":\"search_term_string\"}}],\"inLanguage\":\"es\"},{\"@type\":\"Organization\",\"@id\":\"https:\\\/\\\/localtrekkersperu.com\\\/es\\\/#organization\",\"name\":\"Local Trekkers Peru\",\"url\":\"https:\\\/\\\/localtrekkersperu.com\\\/es\\\/\",\"logo\":{\"@type\":\"ImageObject\",\"inLanguage\":\"es\",\"@id\":\"https:\\\/\\\/localtrekkersperu.com\\\/es\\\/#\\\/schema\\\/logo\\\/image\\\/\",\"url\":\"https:\\\/\\\/localtrekkersperu.com\\\/wp-content\\\/uploads\\\/2024\\\/08\\\/logo.png\",\"contentUrl\":\"https:\\\/\\\/localtrekkersperu.com\\\/wp-content\\\/uploads\\\/2024\\\/08\\\/logo.png\",\"width\":411,\"height\":122,\"caption\":\"Local Trekkers Peru\"},\"image\":{\"@id\":\"https:\\\/\\\/localtrekkersperu.com\\\/es\\\/#\\\/schema\\\/logo\\\/image\\\/\"}}]}<\/script>\n<!-- \/ Yoast SEO Premium plugin. -->","yoast_head_json":{"title":"Sobre Nosotros - Local Trekkers Peru","robots":{"index":"index","follow":"follow","max-snippet":"max-snippet:-1","max-image-preview":"max-image-preview:large","max-video-preview":"max-video-preview:-1"},"canonical":"https:\/\/localtrekkersperu.com\/es\/sobre-nosotros\/","og_locale":"es_ES","og_type":"article","og_title":"Sobre Nosotros","og_description":"LOCAL TREKKERS PER\u00da EMPRESA 100%Per\u00faANA TOUR OPERADOR LOCAL Estamos orgullosos de ser una empresa 100%Per\u00faana, Tour O...","og_url":"https:\/\/localtrekkersperu.com\/es\/sobre-nosotros\/","og_site_name":"Local Trekkers Peru","article_modified_time":"2025-06-02T00:23:04+00:00","og_image":[{"width":1280,"height":707,"url":"https:\/\/localtrekkersperu.com\/wp-content\/uploads\/2024\/10\/Logo-Group-Travel-Peru.webp","type":"image\/webp"}],"twitter_card":"summary_large_image","twitter_misc":{"Tiempo de lectura":"2 minutos"},"schema":{"@context":"https:\/\/schema.org","@graph":[{"@type":"WebPage","@id":"https:\/\/localtrekkersperu.com\/es\/sobre-nosotros\/","url":"https:\/\/localtrekkersperu.com\/es\/sobre-nosotros\/","name":"Sobre Nosotros - Local Trekkers Peru","isPartOf":{"@id":"https:\/\/localtrekkersperu.com\/es\/#website"},"primaryImageOfPage":{"@id":"https:\/\/localtrekkersperu.com\/es\/sobre-nosotros\/#primaryimage"},"image":{"@id":"https:\/\/localtrekkersperu.com\/es\/sobre-nosotros\/#primaryimage"},"thumbnailUrl":"https:\/\/localtrekkersperu.com\/wp-content\/uploads\/2025\/07\/camino.webp","datePublished":"2024-10-07T02:24:31+00:00","dateModified":"2025-06-02T00:23:04+00:00","breadcrumb":{"@id":"https:\/\/localtrekkersperu.com\/es\/sobre-nosotros\/#breadcrumb"},"inLanguage":"es","potentialAction":[{"@type":"ReadAction","target":["https:\/\/localtrekkersperu.com\/es\/sobre-nosotros\/"]}]},{"@type":"ImageObject","inLanguage":"es","@id":"https:\/\/localtrekkersperu.com\/es\/sobre-nosotros\/#primaryimage","url":"https:\/\/localtrekkersperu.com\/wp-content\/uploads\/2025\/07\/camino.webp","contentUrl":"https:\/\/localtrekkersperu.com\/wp-content\/uploads\/2025\/07\/camino.webp","width":2003,"height":402},{"@type":"BreadcrumbList","@id":"https:\/\/localtrekkersperu.com\/es\/sobre-nosotros\/#breadcrumb","itemListElement":[{"@type":"ListItem","position":1,"name":"Home","item":"https:\/\/localtrekkersperu.com\/es\/"},{"@type":"ListItem","position":2,"name":"Sobre Nosotros"}]},{"@type":"WebSite","@id":"https:\/\/localtrekkersperu.com\/es\/#website","url":"https:\/\/localtrekkersperu.com\/es\/","name":"Local Trekkers Peru","description":"","publisher":{"@id":"https:\/\/localtrekkersperu.com\/es\/#organization"},"potentialAction":[{"@type":"SearchAction","target":{"@type":"EntryPoint","urlTemplate":"https:\/\/localtrekkersperu.com\/es\/?s={search_term_string}"},"query-input":{"@type":"PropertyValueSpecification","valueRequired":true,"valueName":"search_term_string"}}],"inLanguage":"es"},{"@type":"Organization","@id":"https:\/\/localtrekkersperu.com\/es\/#organization","name":"Local Trekkers Peru","url":"https:\/\/localtrekkersperu.com\/es\/","logo":{"@type":"ImageObject","inLanguage":"es","@id":"https:\/\/localtrekkersperu.com\/es\/#\/schema\/logo\/image\/","url":"https:\/\/localtrekkersperu.com\/wp-content\/uploads\/2024\/08\/logo.png","contentUrl":"https:\/\/localtrekkersperu.com\/wp-content\/uploads\/2024\/08\/logo.png","width":411,"height":122,"caption":"Local Trekkers Peru"},"image":{"@id":"https:\/\/localtrekkersperu.com\/es\/#\/schema\/logo\/image\/"}}]}},"coauthors":[],"author_meta":{"author_link":"https:\/\/localtrekkersperu.com\/es\/author\/admin_local\/","display_name":"admin_local"},"relative_dates":{"created":"Publicado 2 a\u00f1os hace","modified":"Actualizado 11 meses hace"},"absolute_dates":{"created":"Publicado el octubre 7, 2024","modified":"Actualizado el junio 2, 2025"},"absolute_dates_time":{"created":"Publicado el octubre 7, 2024 2:24 am","modified":"Actualizado el junio 2, 2025 12:23 am"},"featured_img_caption":"","featured_img":"https:\/\/localtrekkersperu.com\/wp-content\/uploads\/2025\/07\/camino.webp","series_order":"","_links":{"self":[{"href":"https:\/\/localtrekkersperu.com\/es\/wp-json\/wp\/v2\/pages\/2247","targetHints":{"allow":["GET"]}}],"collection":[{"href":"https:\/\/localtrekkersperu.com\/es\/wp-json\/wp\/v2\/pages"}],"about":[{"href":"https:\/\/localtrekkersperu.com\/es\/wp-json\/wp\/v2\/types\/page"}],"author":[{"embeddable":true,"href":"https:\/\/localtrekkersperu.com\/es\/wp-json\/wp\/v2\/users\/1"}],"replies":[{"embeddable":true,"href":"https:\/\/localtrekkersperu.com\/es\/wp-json\/wp\/v2\/comments?post=2247"}],"version-history":[{"count":1,"href":"https:\/\/localtrekkersperu.com\/es\/wp-json\/wp\/v2\/pages\/2247\/revisions"}],"predecessor-version":[{"id":7225,"href":"https:\/\/localtrekkersperu.com\/es\/wp-json\/wp\/v2\/pages\/2247\/revisions\/7225"}],"wp:featuredmedia":[{"embeddable":true,"href":"https:\/\/localtrekkersperu.com\/es\/wp-json\/wp\/v2\/media\/7754"}],"wp:attachment":[{"href":"https:\/\/localtrekkersperu.com\/es\/wp-json\/wp\/v2\/media?parent=2247"}],"curies":[{"name":"wp","href":"https:\/\/api.w.org\/{rel}","templated":true}]}}