{"id":2243,"date":"2024-10-07T02:32:15","date_gmt":"2024-10-07T02:32:15","guid":{"rendered":"https:\/\/localtrekkersperu.com\/100-peruvian-company\/"},"modified":"2024-10-15T02:19:14","modified_gmt":"2024-10-15T02:19:14","slug":"100-empresa-peruana","status":"publish","type":"page","link":"https:\/\/localtrekkersperu.com\/es\/100-empresa-peruana\/","title":{"rendered":"100% Empresa Peruana"},"content":{"rendered":"\n<h2 class=\"wp-block-heading\">LOCAL TREKKERS PERU 100% EMPRESA PERUANO LOCAL TOUR OPERADOR<\/h2>\n\n\n\n<p>Estamos orgullosos de ser una empresa 100% peruana, Tour Operador Local en Cusco el coraz\u00f3n del Imperio Inca, Alberto Alonso Valderrama Sandoval, el propietario de Local Trekkers Per\u00fa, tuvo el gran privilegio desde su infancia de crecer conociendo la Cultura y Costumbres de los Andes y la Amazon\u00eda Peruana, se cri\u00f3 hablando Quechua, lengua materna de los Incas, y Shipibo, uno de los dialectos de la selva peruana. Hijo de padres cusque\u00f1os y loretanos, apasionado e interesado por la belleza y la espiritualidad de los Andes, se matricul\u00f3 en la Universidad de Cusco para estudiar turismo e ingl\u00e9s, lo que le permiti\u00f3 ampliar sus conocimientos. Tras graduarse, trabaj\u00f3 durante un tiempo en una oficina comercial local y finalmente se convirti\u00f3 en gu\u00eda tur\u00edstico. En el fondo, tambi\u00e9n quer\u00eda conocer la cultura del Amazonas e ingres\u00f3 en la Universidad de Iquitos para estudiar ecolog\u00eda de la selva. Fue gu\u00eda de la cultura ancestral de la Ayahuasca, leyenda de los mitos amaz\u00f3nicos peruanos, flora y fauna, fue voluntario de ONGs, lo que le permiti\u00f3 ganar una beca a Quebec &#8211; Canad\u00e1 para compartir sus conocimientos y experiencia de los Andes y la Amazon\u00eda peruana, antes de viajar, se inscribi\u00f3 en la Alianza Francesa para aprender franc\u00e9s, ganando mucha experiencia y por supuesto habla fluidamente espa\u00f1ol, quechua, ingl\u00e9s y franc\u00e9s. Cuando regres\u00f3 a Cusco, se dio cuenta de que la mayor\u00eda de las empresas se centraban en el dinero y menos en las personas, as\u00ed que cre\u00f3 Local Trekkers Per\u00fa, ofreciendo buen trato y calidad de vida a su equipo, empleando a hombres y mujeres de los Andes y la Amazon\u00eda.<\/p>\n","protected":false},"excerpt":{"rendered":"<p>LOCAL TREKKERS PERU 100% EMPRESA PERUANO LOCAL TOUR OPERADOR Estamos orgullosos de ser una empresa 100% peruana, Tour Op&#8230;<\/p>\n","protected":false},"author":1,"featured_media":0,"parent":0,"menu_order":0,"comment_status":"closed","ping_status":"closed","template":"","meta":{"_acf_changed":false,"advgb_blocks_editor_width":"","advgb_blocks_columns_visual_guide":"","footnotes":""},"class_list":["post-2243","page","type-page","status-publish","hentry"],"acf":[],"yoast_head":"<!-- This site is optimized with the Yoast SEO Premium plugin v25.2 (Yoast SEO v27.4) - https:\/\/yoast.com\/product\/yoast-seo-premium-wordpress\/ -->\n<title>100% Empresa Peruana - Local Trekkers Peru<\/title>\n<meta name=\"robots\" content=\"index, follow, max-snippet:-1, max-image-preview:large, max-video-preview:-1\" \/>\n<link rel=\"canonical\" href=\"https:\/\/localtrekkersperu.com\/es\/100-empresa-peruana\/\" \/>\n<meta property=\"og:locale\" content=\"es_ES\" \/>\n<meta property=\"og:type\" content=\"article\" \/>\n<meta property=\"og:title\" content=\"100% Empresa Peruana\" \/>\n<meta property=\"og:description\" content=\"LOCAL TREKKERS PERU 100% EMPRESA PERUANO LOCAL TOUR OPERADOR Estamos orgullosos de ser una empresa 100% peruana, Tour Op...\" \/>\n<meta property=\"og:url\" content=\"https:\/\/localtrekkersperu.com\/es\/100-empresa-peruana\/\" \/>\n<meta property=\"og:site_name\" content=\"Local Trekkers Peru\" \/>\n<meta property=\"article:modified_time\" content=\"2024-10-15T02:19:14+00:00\" \/>\n<meta name=\"twitter:card\" content=\"summary_large_image\" \/>\n<meta name=\"twitter:label1\" content=\"Tiempo de lectura\" \/>\n\t<meta name=\"twitter:data1\" content=\"2 minutos\" \/>\n<script type=\"application\/ld+json\" class=\"yoast-schema-graph\">{\"@context\":\"https:\\\/\\\/schema.org\",\"@graph\":[{\"@type\":\"WebPage\",\"@id\":\"https:\\\/\\\/localtrekkersperu.com\\\/es\\\/100-empresa-peruana\\\/\",\"url\":\"https:\\\/\\\/localtrekkersperu.com\\\/es\\\/100-empresa-peruana\\\/\",\"name\":\"100% Empresa Peruana - Local Trekkers Peru\",\"isPartOf\":{\"@id\":\"https:\\\/\\\/localtrekkersperu.com\\\/es\\\/#website\"},\"datePublished\":\"2024-10-07T02:32:15+00:00\",\"dateModified\":\"2024-10-15T02:19:14+00:00\",\"breadcrumb\":{\"@id\":\"https:\\\/\\\/localtrekkersperu.com\\\/es\\\/100-empresa-peruana\\\/#breadcrumb\"},\"inLanguage\":\"es\",\"potentialAction\":[{\"@type\":\"ReadAction\",\"target\":[\"https:\\\/\\\/localtrekkersperu.com\\\/es\\\/100-empresa-peruana\\\/\"]}]},{\"@type\":\"BreadcrumbList\",\"@id\":\"https:\\\/\\\/localtrekkersperu.com\\\/es\\\/100-empresa-peruana\\\/#breadcrumb\",\"itemListElement\":[{\"@type\":\"ListItem\",\"position\":1,\"name\":\"Home\",\"item\":\"https:\\\/\\\/localtrekkersperu.com\\\/es\\\/\"},{\"@type\":\"ListItem\",\"position\":2,\"name\":\"100% Empresa Peruana\"}]},{\"@type\":\"WebSite\",\"@id\":\"https:\\\/\\\/localtrekkersperu.com\\\/es\\\/#website\",\"url\":\"https:\\\/\\\/localtrekkersperu.com\\\/es\\\/\",\"name\":\"Local Trekkers Peru\",\"description\":\"\",\"publisher\":{\"@id\":\"https:\\\/\\\/localtrekkersperu.com\\\/es\\\/#organization\"},\"potentialAction\":[{\"@type\":\"SearchAction\",\"target\":{\"@type\":\"EntryPoint\",\"urlTemplate\":\"https:\\\/\\\/localtrekkersperu.com\\\/es\\\/?s={search_term_string}\"},\"query-input\":{\"@type\":\"PropertyValueSpecification\",\"valueRequired\":true,\"valueName\":\"search_term_string\"}}],\"inLanguage\":\"es\"},{\"@type\":\"Organization\",\"@id\":\"https:\\\/\\\/localtrekkersperu.com\\\/es\\\/#organization\",\"name\":\"Local Trekkers Peru\",\"url\":\"https:\\\/\\\/localtrekkersperu.com\\\/es\\\/\",\"logo\":{\"@type\":\"ImageObject\",\"inLanguage\":\"es\",\"@id\":\"https:\\\/\\\/localtrekkersperu.com\\\/es\\\/#\\\/schema\\\/logo\\\/image\\\/\",\"url\":\"https:\\\/\\\/localtrekkersperu.com\\\/wp-content\\\/uploads\\\/2024\\\/08\\\/logo.png\",\"contentUrl\":\"https:\\\/\\\/localtrekkersperu.com\\\/wp-content\\\/uploads\\\/2024\\\/08\\\/logo.png\",\"width\":411,\"height\":122,\"caption\":\"Local Trekkers Peru\"},\"image\":{\"@id\":\"https:\\\/\\\/localtrekkersperu.com\\\/es\\\/#\\\/schema\\\/logo\\\/image\\\/\"}}]}<\/script>\n<!-- \/ Yoast SEO Premium plugin. -->","yoast_head_json":{"title":"100% Empresa Peruana - Local Trekkers Peru","robots":{"index":"index","follow":"follow","max-snippet":"max-snippet:-1","max-image-preview":"max-image-preview:large","max-video-preview":"max-video-preview:-1"},"canonical":"https:\/\/localtrekkersperu.com\/es\/100-empresa-peruana\/","og_locale":"es_ES","og_type":"article","og_title":"100% Empresa Peruana","og_description":"LOCAL TREKKERS PERU 100% EMPRESA PERUANO LOCAL TOUR OPERADOR Estamos orgullosos de ser una empresa 100% peruana, Tour Op...","og_url":"https:\/\/localtrekkersperu.com\/es\/100-empresa-peruana\/","og_site_name":"Local Trekkers Peru","article_modified_time":"2024-10-15T02:19:14+00:00","twitter_card":"summary_large_image","twitter_misc":{"Tiempo de lectura":"2 minutos"},"schema":{"@context":"https:\/\/schema.org","@graph":[{"@type":"WebPage","@id":"https:\/\/localtrekkersperu.com\/es\/100-empresa-peruana\/","url":"https:\/\/localtrekkersperu.com\/es\/100-empresa-peruana\/","name":"100% Empresa Peruana - Local Trekkers Peru","isPartOf":{"@id":"https:\/\/localtrekkersperu.com\/es\/#website"},"datePublished":"2024-10-07T02:32:15+00:00","dateModified":"2024-10-15T02:19:14+00:00","breadcrumb":{"@id":"https:\/\/localtrekkersperu.com\/es\/100-empresa-peruana\/#breadcrumb"},"inLanguage":"es","potentialAction":[{"@type":"ReadAction","target":["https:\/\/localtrekkersperu.com\/es\/100-empresa-peruana\/"]}]},{"@type":"BreadcrumbList","@id":"https:\/\/localtrekkersperu.com\/es\/100-empresa-peruana\/#breadcrumb","itemListElement":[{"@type":"ListItem","position":1,"name":"Home","item":"https:\/\/localtrekkersperu.com\/es\/"},{"@type":"ListItem","position":2,"name":"100% Empresa Peruana"}]},{"@type":"WebSite","@id":"https:\/\/localtrekkersperu.com\/es\/#website","url":"https:\/\/localtrekkersperu.com\/es\/","name":"Local Trekkers Peru","description":"","publisher":{"@id":"https:\/\/localtrekkersperu.com\/es\/#organization"},"potentialAction":[{"@type":"SearchAction","target":{"@type":"EntryPoint","urlTemplate":"https:\/\/localtrekkersperu.com\/es\/?s={search_term_string}"},"query-input":{"@type":"PropertyValueSpecification","valueRequired":true,"valueName":"search_term_string"}}],"inLanguage":"es"},{"@type":"Organization","@id":"https:\/\/localtrekkersperu.com\/es\/#organization","name":"Local Trekkers Peru","url":"https:\/\/localtrekkersperu.com\/es\/","logo":{"@type":"ImageObject","inLanguage":"es","@id":"https:\/\/localtrekkersperu.com\/es\/#\/schema\/logo\/image\/","url":"https:\/\/localtrekkersperu.com\/wp-content\/uploads\/2024\/08\/logo.png","contentUrl":"https:\/\/localtrekkersperu.com\/wp-content\/uploads\/2024\/08\/logo.png","width":411,"height":122,"caption":"Local Trekkers Peru"},"image":{"@id":"https:\/\/localtrekkersperu.com\/es\/#\/schema\/logo\/image\/"}}]}},"coauthors":[],"author_meta":{"author_link":"https:\/\/localtrekkersperu.com\/es\/author\/admin_local\/","display_name":"admin_local"},"relative_dates":{"created":"Publicado 2 a\u00f1os hace","modified":"Actualizado 2 a\u00f1os hace"},"absolute_dates":{"created":"Publicado el octubre 7, 2024","modified":"Actualizado el octubre 15, 2024"},"absolute_dates_time":{"created":"Publicado el octubre 7, 2024 2:32 am","modified":"Actualizado el octubre 15, 2024 2:19 am"},"featured_img_caption":"","featured_img":false,"series_order":"","_links":{"self":[{"href":"https:\/\/localtrekkersperu.com\/es\/wp-json\/wp\/v2\/pages\/2243","targetHints":{"allow":["GET"]}}],"collection":[{"href":"https:\/\/localtrekkersperu.com\/es\/wp-json\/wp\/v2\/pages"}],"about":[{"href":"https:\/\/localtrekkersperu.com\/es\/wp-json\/wp\/v2\/types\/page"}],"author":[{"embeddable":true,"href":"https:\/\/localtrekkersperu.com\/es\/wp-json\/wp\/v2\/users\/1"}],"replies":[{"embeddable":true,"href":"https:\/\/localtrekkersperu.com\/es\/wp-json\/wp\/v2\/comments?post=2243"}],"version-history":[{"count":0,"href":"https:\/\/localtrekkersperu.com\/es\/wp-json\/wp\/v2\/pages\/2243\/revisions"}],"wp:attachment":[{"href":"https:\/\/localtrekkersperu.com\/es\/wp-json\/wp\/v2\/media?parent=2243"}],"curies":[{"name":"wp","href":"https:\/\/api.w.org\/{rel}","templated":true}]}}